{"id":703,"date":"2022-12-15T19:38:10","date_gmt":"2022-12-15T19:38:10","guid":{"rendered":"https:\/\/fisc.webparaguay.com\/?post_type=product&amp;p=703"},"modified":"2022-12-15T19:38:10","modified_gmt":"2022-12-15T19:38:10","slug":"gama-insitec","status":"publish","type":"product","link":"http:\/\/embrion.com.py\/fisc\/producto\/analisis-elementar-en-linea\/gama-insitec\/","title":{"rendered":"Gama Insitec"},"content":{"rendered":"<p><strong>Beneficios y Ventajas<\/strong><\/p>\n<ul>\n<li>Proporcionan el an\u00e1lisis continuo del tama\u00f1o de las part\u00edculas en l\u00ednea necesario para un monitoreo y control eficaz y econ\u00f3mico de los procesos industriales.<\/li>\n<li>Adecuado para una amplia variedad de flujos de procesamiento, desde polvos secos hasta lechadas calientes y pegajosas, sprays y emulsiones.<\/li>\n<li>Rango de tama\u00f1os de part\u00edcula de 0.1 micras a 2.5 mm.<\/li>\n<li>Proporcionan mediciones de tama\u00f1o de part\u00edculas completamente automatizadas, en tiempo real, o manuales en la l\u00ednea.<\/li>\n<\/ul>\n<p><strong>Aplicaci\u00f3n<\/strong><\/p>\n<ul>\n<li><a href=\"https:\/\/www.malvernpanalytical.com\/es\/products\/product-range\/insitec-range\/insitec-dry#specs\">Insitec Dry<\/a><\/li>\n<li><a href=\"https:\/\/www.malvernpanalytical.com\/es\/products\/product-range\/insitec-range\/insitec-wet#specs\">Insitec en v\u00eda h\u00fameda<\/a><\/li>\n<li><a href=\"https:\/\/www.malvernpanalytical.com\/es\/products\/product-range\/insitec-range\/insitec-spray#specs\">Insitec Spray<\/a><\/li>\n<\/ul>\n","protected":false},"excerpt":{"rendered":"<p><strong>Caracter\u00edsticas\u00a0<\/strong><\/p>\n<ul>\n<li>Tipo de medici\u00f3n: Tama\u00f1o de part\u00edcula<\/li>\n<li>Rango de medici\u00f3n: 0.1 a 2500 \u00b5m<\/li>\n<li>Principio de medici\u00f3n: Difracci\u00f3n l\u00e1ser<\/li>\n<li>Modelos \u00f3pticos: Teor\u00eda de Mie<\/li>\n<li>Precisi\u00f3n: \u00b12% en Dv (50) informado usando la ret\u00edcula de verificaci\u00f3n<\/li>\n<\/ul>\n","protected":false},"featured_media":2582,"comment_status":"closed","ping_status":"closed","template":"","meta":{"_et_pb_use_builder":"","_et_pb_old_content":"","_et_gb_content_width":"","_joinchat":[]},"product_brand":[],"product_cat":[24],"product_tag":[25],"class_list":{"0":"post-703","1":"product","2":"type-product","3":"status-publish","4":"has-post-thumbnail","6":"product_cat-analisis-elementar-en-linea","7":"product_tag-malvern-panalytical","9":"first","10":"instock","11":"shipping-taxable","12":"product-type-simple"},"_links":{"self":[{"href":"http:\/\/embrion.com.py\/fisc\/wp-json\/wp\/v2\/product\/703","targetHints":{"allow":["GET"]}}],"collection":[{"href":"http:\/\/embrion.com.py\/fisc\/wp-json\/wp\/v2\/product"}],"about":[{"href":"http:\/\/embrion.com.py\/fisc\/wp-json\/wp\/v2\/types\/product"}],"replies":[{"embeddable":true,"href":"http:\/\/embrion.com.py\/fisc\/wp-json\/wp\/v2\/comments?post=703"}],"wp:featuredmedia":[{"embeddable":true,"href":"http:\/\/embrion.com.py\/fisc\/wp-json\/wp\/v2\/media\/2582"}],"wp:attachment":[{"href":"http:\/\/embrion.com.py\/fisc\/wp-json\/wp\/v2\/media?parent=703"}],"wp:term":[{"taxonomy":"product_brand","embeddable":true,"href":"http:\/\/embrion.com.py\/fisc\/wp-json\/wp\/v2\/product_brand?post=703"},{"taxonomy":"product_cat","embeddable":true,"href":"http:\/\/embrion.com.py\/fisc\/wp-json\/wp\/v2\/product_cat?post=703"},{"taxonomy":"product_tag","embeddable":true,"href":"http:\/\/embrion.com.py\/fisc\/wp-json\/wp\/v2\/product_tag?post=703"}],"curies":[{"name":"wp","href":"https:\/\/api.w.org\/{rel}","templated":true}]}}