{"id":702,"date":"2022-12-15T19:38:10","date_gmt":"2022-12-15T19:38:10","guid":{"rendered":"https:\/\/fisc.webparaguay.com\/?post_type=product&amp;p=702"},"modified":"2022-12-15T19:38:10","modified_gmt":"2022-12-15T19:38:10","slug":"gama-de-equipos-cna","status":"publish","type":"product","link":"http:\/\/embrion.com.py\/fisc\/producto\/analisis-elementar-en-linea\/gama-de-equipos-cna\/","title":{"rendered":"Gama de equipos CNA"},"content":{"rendered":"<p><strong>Beneficios y Ventajas<\/strong><\/p>\n<ul>\n<li>Proporciona an\u00e1lisis elementales en l\u00ednea de alta frecuencia.<\/li>\n<li>No se requiere toma de muestras, ya que el material se mide en tiempo real en la banda transportadora.<\/li>\n<li>Flujo de neutrones constante para una estabilidad de rendimiento inigualable.<\/li>\n<li>Sistema autom\u00e1tico de protecci\u00f3n contra la radiaci\u00f3n (ARPS).<\/li>\n<li>Mediciones confiables.<\/li>\n<\/ul>\n<p><strong>Aplicaci\u00f3n<\/strong><\/p>\n<ul>\n<li><a href=\"https:\/\/www.malvernpanalytical.com\/es\/products\/product-range\/cna-range\/cna3-cross-belt-analyzer\">CNA3<\/a><\/li>\n<li><a href=\"https:\/\/www.malvernpanalytical.com\/es\/products\/product-range\/cna-range\/cna-pentos-cement\">CNA Pentos Cement<\/a><\/li>\n<li><a href=\"https:\/\/www.malvernpanalytical.com\/es\/products\/product-range\/cna-range\/cna-nickel\">CNA Nickel<\/a><\/li>\n<\/ul>\n","protected":false},"excerpt":{"rendered":"<p><strong>Caracter\u00edsticas\u00a0<\/strong><\/p>\n<ul>\n<li>An\u00e1lisis por Activaci\u00f3n T\u00e9cnica y de Pulsaciones R\u00e1pidas de Neutrones.<\/li>\n<li>Disponibles en 3 modelos:\n<ul>\n<li style=\"list-style-type: none;\">\n<ul style=\"margin-left: 15px!important;\">\n<li>CNA\u00b3: este analizador para bandas transportadoras est\u00e1 dise\u00f1ado para aplicaciones minerales que presentan bandas transportadoras anchas con cargas profundas y materiales de gran tama\u00f1o. Es un analizador abierto que se instala debajo de la banda con la fuente de neutrones y los detectores abajo.<\/li>\n<li>CNA Pentos Cement: este analizador de bandas en l\u00ednea se utiliza principalmente en la industria del cemento y otras relacionadas. Es un analizador cerrado que rodea la banda transportadora con la fuente de neutrones debajo de la banda.<\/li>\n<li>CNA Nickel: este analizador de bandas en l\u00ednea ofrece control de calidad en tiempo real para la industria minera de la mena del n\u00edquel.<\/li>\n<\/ul>\n<\/li>\n<\/ul>\n<\/li>\n<\/ul>\n","protected":false},"featured_media":2580,"comment_status":"closed","ping_status":"closed","template":"","meta":{"_et_pb_use_builder":"","_et_pb_old_content":"","_et_gb_content_width":"","_joinchat":[]},"product_brand":[],"product_cat":[24],"product_tag":[25],"class_list":{"0":"post-702","1":"product","2":"type-product","3":"status-publish","4":"has-post-thumbnail","6":"product_cat-analisis-elementar-en-linea","7":"product_tag-malvern-panalytical","9":"first","10":"instock","11":"shipping-taxable","12":"product-type-simple"},"_links":{"self":[{"href":"http:\/\/embrion.com.py\/fisc\/wp-json\/wp\/v2\/product\/702","targetHints":{"allow":["GET"]}}],"collection":[{"href":"http:\/\/embrion.com.py\/fisc\/wp-json\/wp\/v2\/product"}],"about":[{"href":"http:\/\/embrion.com.py\/fisc\/wp-json\/wp\/v2\/types\/product"}],"replies":[{"embeddable":true,"href":"http:\/\/embrion.com.py\/fisc\/wp-json\/wp\/v2\/comments?post=702"}],"wp:featuredmedia":[{"embeddable":true,"href":"http:\/\/embrion.com.py\/fisc\/wp-json\/wp\/v2\/media\/2580"}],"wp:attachment":[{"href":"http:\/\/embrion.com.py\/fisc\/wp-json\/wp\/v2\/media?parent=702"}],"wp:term":[{"taxonomy":"product_brand","embeddable":true,"href":"http:\/\/embrion.com.py\/fisc\/wp-json\/wp\/v2\/product_brand?post=702"},{"taxonomy":"product_cat","embeddable":true,"href":"http:\/\/embrion.com.py\/fisc\/wp-json\/wp\/v2\/product_cat?post=702"},{"taxonomy":"product_tag","embeddable":true,"href":"http:\/\/embrion.com.py\/fisc\/wp-json\/wp\/v2\/product_tag?post=702"}],"curies":[{"name":"wp","href":"https:\/\/api.w.org\/{rel}","templated":true}]}}