{"id":694,"date":"2022-12-15T19:38:06","date_gmt":"2022-12-15T19:38:06","guid":{"rendered":"https:\/\/fisc.webparaguay.com\/?post_type=product&#038;p=694"},"modified":"2024-07-26T20:21:05","modified_gmt":"2024-07-27T00:21:05","slug":"lyovapor-l-300","status":"publish","type":"product","link":"http:\/\/embrion.com.py\/fisc\/producto\/liofilizacion\/lyovapor-l-300\/","title":{"rendered":"Lyovapor L 300"},"content":{"rendered":"<ul>\n<li><strong>Determinaci\u00f3n del punto final<\/strong><br \/>\nOptimice su proceso combinando la diferencia de temperaturas con los sensores de temperatura opcionales del producto para determinar el punto final.<\/li>\n<li><strong>Limpieza autom\u00e1tica:<\/strong><br \/>\nUn generador de vapor integrado derrite el hielo y limpia el condensador de forma higi\u00e9nica.<\/li>\n<li><strong>Manipulaci\u00f3n ergon\u00f3mica<\/strong><br \/>\nLea f\u00e1cilmente los par\u00e1metros del proceso gracias a la pantalla regulable, que se puede colocar en la parte frontal o lateral del secador por congelaci\u00f3n.<\/li>\n<li><strong>C\u00e1maras de secado flexibles<\/strong><br \/>\nAjuste la distancia entre estantes en funci\u00f3n de las necesidades de su aplicaci\u00f3n. Conecte tres racks de colectores para aumentar la versatilidad de su proceso de secado por congelaci\u00f3n.<\/li>\n<li><strong>Infinite-control<\/strong><br \/>\nLa combinaci\u00f3n de interfaz, software y una aplicaci\u00f3n intuitiva le permite controlar y supervisar continuamente su proceso de secado por congelaci\u00f3n en cualquier momento y lugar.<\/li>\n<li><strong>Posibilidad de actualizar el sistema<\/strong><br \/>\nAproveche las funciones m\u00e1s avanzadas de Lyovapor\u2122 L-300 con el Software Lyovapor\u2122 y una sencilla actualizaci\u00f3n a la Interfaz Pro.<\/li>\n<\/ul>\n<p><strong>Beneficios y Ventajas<\/strong><\/p>\n<ul>\n<li><strong>Sublimaci\u00f3n constante<\/strong><br \/>\nLa caracter\u00edstica m\u00e1s sorprendente del Lyovapor\u2122 L-300 es su capacidad de hielo ilimitada gracias a la carga alterna del condensador. Por primera vez, puede realizar un proceso de sublimaci\u00f3n continua gracias a par\u00e1metros estables y reproducibles, incluyendo la temperatura de enfriamiento, la variaci\u00f3n de la temperatura de almacenaje \u00b11 \u00b0C y la presi\u00f3n de vac\u00edo con Smart-Switch.<\/li>\n<li><strong>C\u00f3modo<\/strong><br \/>\nBenef\u00edciese de la m\u00e1xima flexibilidad en el proceso de secado por congelaci\u00f3n. Use diferentes opciones de c\u00e1maras de secado que se adaptan a su aplicaci\u00f3n concreta. Instale y maneje el Lyovapor\u2122 L-300 desde cualquier ubicaci\u00f3n o en una campana de humos. Una mejora opcional para convertirlo en Interfaz Pro le ofrece a\u00fan m\u00e1s versatilidad a la hora de personalizar su proceso de secado por congelaci\u00f3n.<\/li>\n<li><strong>Econ\u00f3mico<\/strong><br \/>\nLyovapor\u2122 L-300, el primer secador por congelaci\u00f3n para realizar procesos de sublimaci\u00f3n continua en laboratorios, ofrece par\u00e1metros de procesos excepcionalmente estables, incluyendo la temperatura de enfriamiento, la variaci\u00f3n de la temperatura de almacenaje \u00b11 \u00b0C y la presi\u00f3n de vac\u00edo. Adem\u00e1s, como usuario de Lyovapor\u2122 L-300, puede usar la funci\u00f3n de determinaci\u00f3n del punto final para optimizar totalmente su proceso.<\/li>\n<\/ul>\n<p><strong>Aplicaci\u00f3n<\/strong><\/p>\n<ul>\n<li><strong>Educaci\u00f3n<\/strong><br \/>\nPara una amplia gama de aplicaciones en el sector acad\u00e9mico: Secado completo con detecci\u00f3n de temperatura.<\/li>\n<li><strong>Biotecnolog\u00eda<\/strong><br \/>\nSe emplea en tareas de desarrollo biotecnol\u00f3gico para secar productos biol\u00f3gicamente activos: Secado y estabilizaci\u00f3n de peque\u00f1as cantidades en placas de microt\u00edtulo o matraces peque\u00f1os.<\/li>\n<li><strong>An\u00e1lisis del medio ambiente<\/strong><br \/>\nPermite preparar y estabilizar muestras con fines de control de la contaminaci\u00f3n ambiental: Durante el almacenamiento de las muestras, para destruir los microorganismos. Secado, por ejemplo, para los procesos de extracci\u00f3n Soxhlet.<\/li>\n<li><strong>Industria qu\u00edmica<\/strong><br \/>\nPara un secado suave y sin p\u00e9rdidas en los procesos de control de calidad y laboratorios de I+D: Secado de las cantidades m\u00e1s diminutas en placas de microt\u00edtulo y posibilidad de secar cantidades a granel o en matraces grandes y peque\u00f1os.<\/li>\n<li><strong>Alimentos\/ extractos naturales<\/strong><br \/>\nSe emplea para el desarrollo de alimentos funcionales: El disolvente se elimina durante el secado sin destruir sustancias naturales como las prote\u00ednas, minerales o vitaminas.<\/li>\n<li><strong>Industria farmac\u00e9utica<\/strong><br \/>\nPara diversas aplicaciones de control de calidad, as\u00ed como para s\u00edntesis a escala en laboratorio y formulaci\u00f3n en departamentos de I+D: Secado de p\u00e9ptidos, soluciones en prote\u00ednas amorfas y cristalinas.<\/li>\n<\/ul>\n","protected":false},"excerpt":{"rendered":"<p>Primer secador por congelaci\u00f3n para realizar procesos de sublimaci\u00f3n continua en laboratorios<br \/>\nLyovapor\u2122 L-300, con Infinite-Technology\u2122, es el primer secador por congelaci\u00f3n de laboratorio que permite llevar a cabo operaciones de sublimaci\u00f3n continua gracias a dos condensadores que funcionan de forma alterna y se limpian de manera autom\u00e1tica. Adem\u00e1s, todo el proceso se puede controlar mediante dispositivos m\u00f3viles.<\/p>\n","protected":false},"featured_media":729,"comment_status":"closed","ping_status":"closed","template":"","meta":{"_et_pb_use_builder":"","_et_pb_old_content":"","_et_gb_content_width":"","_joinchat":[]},"product_brand":[],"product_cat":[21],"product_tag":[19],"class_list":{"0":"post-694","1":"product","2":"type-product","3":"status-publish","4":"has-post-thumbnail","6":"product_cat-liofilizacion","7":"product_tag-buchi","9":"first","10":"instock","11":"shipping-taxable","12":"product-type-simple"},"_links":{"self":[{"href":"http:\/\/embrion.com.py\/fisc\/wp-json\/wp\/v2\/product\/694","targetHints":{"allow":["GET"]}}],"collection":[{"href":"http:\/\/embrion.com.py\/fisc\/wp-json\/wp\/v2\/product"}],"about":[{"href":"http:\/\/embrion.com.py\/fisc\/wp-json\/wp\/v2\/types\/product"}],"replies":[{"embeddable":true,"href":"http:\/\/embrion.com.py\/fisc\/wp-json\/wp\/v2\/comments?post=694"}],"wp:featuredmedia":[{"embeddable":true,"href":"http:\/\/embrion.com.py\/fisc\/wp-json\/wp\/v2\/media\/729"}],"wp:attachment":[{"href":"http:\/\/embrion.com.py\/fisc\/wp-json\/wp\/v2\/media?parent=694"}],"wp:term":[{"taxonomy":"product_brand","embeddable":true,"href":"http:\/\/embrion.com.py\/fisc\/wp-json\/wp\/v2\/product_brand?post=694"},{"taxonomy":"product_cat","embeddable":true,"href":"http:\/\/embrion.com.py\/fisc\/wp-json\/wp\/v2\/product_cat?post=694"},{"taxonomy":"product_tag","embeddable":true,"href":"http:\/\/embrion.com.py\/fisc\/wp-json\/wp\/v2\/product_tag?post=694"}],"curies":[{"name":"wp","href":"https:\/\/api.w.org\/{rel}","templated":true}]}}