{"id":4117,"date":"2025-01-30T11:59:52","date_gmt":"2025-01-30T14:59:52","guid":{"rendered":"https:\/\/fisc.com.py\/?post_type=product&#038;p=4117"},"modified":"2025-01-30T12:10:17","modified_gmt":"2025-01-30T15:10:17","slug":"axia-chemisem","status":"publish","type":"product","link":"http:\/\/embrion.com.py\/fisc\/producto\/microscopia-electronica\/axia-chemisem\/","title":{"rendered":"Axia ChemiSEM"},"content":{"rendered":"<ul>\n<li>Mapeo elemental cuantitativo en vivo: Actualice su flujo de trabajo anal\u00edtico con la tecnolog\u00eda Thermo Scientific ChemiSEM de \u00faltima generaci\u00f3n y totalmente integrada que proporciona caracterizaci\u00f3n en la mitad de tiempo.<\/li>\n<li>F\u00e1cil de empezar: La gu\u00eda de usuario integrada, las im\u00e1genes compositivas en tiempo real en vivo y el funcionamiento sin alineaci\u00f3n se combinan en este instrumento para permitirle concentrarse en la recopilaci\u00f3n de datos.<\/li>\n<li>Carga flexible de muestras: La platina flexible admite muestras de hasta 10 kg con movimiento x-y, y la puerta se abre completamente para facilitar la carga de muestras grandes e inc\u00f3modas, al tiempo que mantiene un tiempo de inactividad de bombeo muy r\u00e1pido.<\/li>\n<li>Excelente rendimiento de imagen: Maneje f\u00e1cilmente una amplia gama de aplicaciones, incluidas las muestras aislantes con operaci\u00f3n Low Vac y escaneo de haz avanzado para garantizar im\u00e1genes de alta fidelidad<\/li>\n<li>Diversos programas de software de aplicaciones: Maneje aplicaciones avanzadas con opciones avanzadas de automatizaci\u00f3n del sistema, como el software Thermo Scientific Maps\u2122, y personalice el desarrollo del flujo de trabajo con el software Thermo Scientific AutoScript\u2122.<\/li>\n<li>F\u00e1cil mantenimiento: El intercambio de fuentes es f\u00e1cil y puede ser completado por cualquier usuario, mientras que el dise\u00f1o sencillo se traduce en un alto tiempo de actividad y un servicio r\u00e1pido cuando se necesita atenci\u00f3n.<\/li>\n<\/ul>\n","protected":false},"excerpt":{"rendered":"<p>An\u00e1lisis de residuos de disparos SEM EDX con SEM de escritorio.<\/p>\n","protected":false},"featured_media":4118,"comment_status":"open","ping_status":"closed","template":"","meta":{"_et_pb_use_builder":"","_et_pb_old_content":"","_et_gb_content_width":"","_joinchat":[]},"product_brand":[],"product_cat":[81],"product_tag":[79],"class_list":{"0":"post-4117","1":"product","2":"type-product","3":"status-publish","4":"has-post-thumbnail","6":"product_cat-microscopia-electronica","7":"product_tag-thermo-fisher-scientific","9":"first","10":"instock","11":"shipping-taxable","12":"product-type-simple"},"_links":{"self":[{"href":"http:\/\/embrion.com.py\/fisc\/wp-json\/wp\/v2\/product\/4117","targetHints":{"allow":["GET"]}}],"collection":[{"href":"http:\/\/embrion.com.py\/fisc\/wp-json\/wp\/v2\/product"}],"about":[{"href":"http:\/\/embrion.com.py\/fisc\/wp-json\/wp\/v2\/types\/product"}],"replies":[{"embeddable":true,"href":"http:\/\/embrion.com.py\/fisc\/wp-json\/wp\/v2\/comments?post=4117"}],"wp:featuredmedia":[{"embeddable":true,"href":"http:\/\/embrion.com.py\/fisc\/wp-json\/wp\/v2\/media\/4118"}],"wp:attachment":[{"href":"http:\/\/embrion.com.py\/fisc\/wp-json\/wp\/v2\/media?parent=4117"}],"wp:term":[{"taxonomy":"product_brand","embeddable":true,"href":"http:\/\/embrion.com.py\/fisc\/wp-json\/wp\/v2\/product_brand?post=4117"},{"taxonomy":"product_cat","embeddable":true,"href":"http:\/\/embrion.com.py\/fisc\/wp-json\/wp\/v2\/product_cat?post=4117"},{"taxonomy":"product_tag","embeddable":true,"href":"http:\/\/embrion.com.py\/fisc\/wp-json\/wp\/v2\/product_tag?post=4117"}],"curies":[{"name":"wp","href":"https:\/\/api.w.org\/{rel}","templated":true}]}}