{"id":4114,"date":"2025-01-30T11:56:28","date_gmt":"2025-01-30T14:56:28","guid":{"rendered":"https:\/\/fisc.com.py\/?post_type=product&#038;p=4114"},"modified":"2025-01-30T12:09:55","modified_gmt":"2025-01-30T15:09:55","slug":"phenom-perception-gsr-desktop-sem","status":"publish","type":"product","link":"http:\/\/embrion.com.py\/fisc\/producto\/microscopia-electronica\/phenom-perception-gsr-desktop-sem\/","title":{"rendered":"Phenom Perception GSR Desktop SEM"},"content":{"rendered":"<ul>\n<li>Alto rendimiento, resultados fiables: Gracias a la platina totalmente motorizada, el Phenom Perception GSR Desktop SEM puede manejar un \u00e1rea de escaneo de 100 mm x 100 mm. El software utiliza el control de escaneo interno del SEM. Esto permite un posicionamiento m\u00e1s preciso del haz, lo que ayuda especialmente cuando se vuelve a visitar la part\u00edcula en la fase de verificaci\u00f3n GSR. Un portamuestras GSR est\u00e1ndar puede contener 30 talones de clavijas GSR de 12 mm m\u00e1s las muestras de calibraci\u00f3n necesarias.<\/li>\n<li>EDS totalmente integrado: El paquete de software dedicado Element Identification (EID) se utiliza para controlar el detector EDS totalmente integrado. Este software EID se entrega de serie como parte del producto Phenom Perception GSR.<\/li>\n<\/ul>\n","protected":false},"excerpt":{"rendered":"<p>An\u00e1lisis de residuos de disparos SEM EDX con SEM de escritorio<\/p>\n","protected":false},"featured_media":4115,"comment_status":"open","ping_status":"closed","template":"","meta":{"_et_pb_use_builder":"","_et_pb_old_content":"","_et_gb_content_width":"","_joinchat":[]},"product_brand":[],"product_cat":[81],"product_tag":[79],"class_list":{"0":"post-4114","1":"product","2":"type-product","3":"status-publish","4":"has-post-thumbnail","6":"product_cat-microscopia-electronica","7":"product_tag-thermo-fisher-scientific","9":"first","10":"instock","11":"shipping-taxable","12":"product-type-simple"},"_links":{"self":[{"href":"http:\/\/embrion.com.py\/fisc\/wp-json\/wp\/v2\/product\/4114","targetHints":{"allow":["GET"]}}],"collection":[{"href":"http:\/\/embrion.com.py\/fisc\/wp-json\/wp\/v2\/product"}],"about":[{"href":"http:\/\/embrion.com.py\/fisc\/wp-json\/wp\/v2\/types\/product"}],"replies":[{"embeddable":true,"href":"http:\/\/embrion.com.py\/fisc\/wp-json\/wp\/v2\/comments?post=4114"}],"wp:featuredmedia":[{"embeddable":true,"href":"http:\/\/embrion.com.py\/fisc\/wp-json\/wp\/v2\/media\/4115"}],"wp:attachment":[{"href":"http:\/\/embrion.com.py\/fisc\/wp-json\/wp\/v2\/media?parent=4114"}],"wp:term":[{"taxonomy":"product_brand","embeddable":true,"href":"http:\/\/embrion.com.py\/fisc\/wp-json\/wp\/v2\/product_brand?post=4114"},{"taxonomy":"product_cat","embeddable":true,"href":"http:\/\/embrion.com.py\/fisc\/wp-json\/wp\/v2\/product_cat?post=4114"},{"taxonomy":"product_tag","embeddable":true,"href":"http:\/\/embrion.com.py\/fisc\/wp-json\/wp\/v2\/product_tag?post=4114"}],"curies":[{"name":"wp","href":"https:\/\/api.w.org\/{rel}","templated":true}]}}