{"id":4111,"date":"2025-01-30T12:09:36","date_gmt":"2025-01-30T15:09:36","guid":{"rendered":"https:\/\/fisc.com.py\/?post_type=product&#038;p=4111"},"modified":"2025-01-30T12:09:37","modified_gmt":"2025-01-30T15:09:37","slug":"phenom-pharos-g2-desktop-feg-sem","status":"publish","type":"product","link":"http:\/\/embrion.com.py\/fisc\/producto\/microscopia-electronica\/phenom-pharos-g2-desktop-feg-sem\/","title":{"rendered":"Phenom Pharos G2 Desktop FEG-SEM"},"content":{"rendered":"<ul>\n<li>Fuente de emisi\u00f3n de campo \u00fanica: \u00danico entre los SEM de escritorio, el Phenom Pharos G2 FEG-SEM ofrece una fuente de emisi\u00f3n de campo, que garantiza un alto brillo, im\u00e1genes n\u00edtidas y una corriente de haz estable.<\/li>\n<li>Excelente poder de resoluci\u00f3n: El Phenom Pharos G2 FEG-SEM ofrece una resoluci\u00f3n de 2,0 nm a 20 kV. Dicho rendimiento muestra la forma de las nanopart\u00edculas, imperfecciones en los recubrimientos u otras caracter\u00edsticas que pasar\u00edan desapercibidas para los SEM de tungsteno u otros SEM de mesa.<\/li>\n<li>Im\u00e1genes suaves: Con un rango de voltaje de hasta 1 kV, el Phenom Pharos G2 FEG-SEM permite la obtenci\u00f3n de im\u00e1genes de muestras sensibles al haz, como pol\u00edmeros, as\u00ed como muestras aislantes, sin necesidad de aplicar un recubrimiento. Como resultado, las caracter\u00edsticas de la superficie a nanoescala no se oscurecen.<\/li>\n<li>Mayor productividad: Si bien los SEM de FEG tienen la reputaci\u00f3n de ser dif\u00edciles de acomodar y operar, el Phenom Pharos G2 FEG-SEM literalmente solo requiere un escritorio y menos de una hora de capacitaci\u00f3n. Los estudiantes de maestr\u00eda, visitantes u otros investigadores que normalmente no est\u00e1n capacitados para trabajar en SEM FEG de alta gama pueden usar f\u00e1cilmente el Phenom Pharos G2 FEG-SEM para crear im\u00e1genes llamativas.<\/li>\n<li>Un mundo de informaci\u00f3n: En el Phenom Pharos G2 FEG-SEM, la informaci\u00f3n morfol\u00f3gica se adquiere junto con la informaci\u00f3n de composici\u00f3n, gracias a los detectores SE, BSE y EDS integrados en el sistema. Hay disponible una gama de portamuestras para experimentos el\u00e9ctricos o con control de temperatura.<\/li>\n<\/ul>\n","protected":false},"excerpt":{"rendered":"<p>Microscopio electr\u00f3nico de barrido con pistola de emisi\u00f3n de campo de sobremesa para obtener im\u00e1genes de alta calidad en todas las disciplinas<\/p>\n","protected":false},"featured_media":4113,"comment_status":"open","ping_status":"closed","template":"","meta":{"_et_pb_use_builder":"","_et_pb_old_content":"","_et_gb_content_width":"","_joinchat":[]},"product_brand":[],"product_cat":[81],"product_tag":[79],"class_list":{"0":"post-4111","1":"product","2":"type-product","3":"status-publish","4":"has-post-thumbnail","6":"product_cat-microscopia-electronica","7":"product_tag-thermo-fisher-scientific","9":"first","10":"instock","11":"shipping-taxable","12":"product-type-simple"},"_links":{"self":[{"href":"http:\/\/embrion.com.py\/fisc\/wp-json\/wp\/v2\/product\/4111","targetHints":{"allow":["GET"]}}],"collection":[{"href":"http:\/\/embrion.com.py\/fisc\/wp-json\/wp\/v2\/product"}],"about":[{"href":"http:\/\/embrion.com.py\/fisc\/wp-json\/wp\/v2\/types\/product"}],"replies":[{"embeddable":true,"href":"http:\/\/embrion.com.py\/fisc\/wp-json\/wp\/v2\/comments?post=4111"}],"wp:featuredmedia":[{"embeddable":true,"href":"http:\/\/embrion.com.py\/fisc\/wp-json\/wp\/v2\/media\/4113"}],"wp:attachment":[{"href":"http:\/\/embrion.com.py\/fisc\/wp-json\/wp\/v2\/media?parent=4111"}],"wp:term":[{"taxonomy":"product_brand","embeddable":true,"href":"http:\/\/embrion.com.py\/fisc\/wp-json\/wp\/v2\/product_brand?post=4111"},{"taxonomy":"product_cat","embeddable":true,"href":"http:\/\/embrion.com.py\/fisc\/wp-json\/wp\/v2\/product_cat?post=4111"},{"taxonomy":"product_tag","embeddable":true,"href":"http:\/\/embrion.com.py\/fisc\/wp-json\/wp\/v2\/product_tag?post=4111"}],"curies":[{"name":"wp","href":"https:\/\/api.w.org\/{rel}","templated":true}]}}