{"id":4100,"date":"2025-01-30T11:45:18","date_gmt":"2025-01-30T14:45:18","guid":{"rendered":"https:\/\/fisc.com.py\/?post_type=product&#038;p=4100"},"modified":"2025-01-30T12:09:14","modified_gmt":"2025-01-30T15:09:14","slug":"medidor-de-conductividad-con-touch-screen","status":"publish","type":"product","link":"http:\/\/embrion.com.py\/fisc\/producto\/ambiental\/medidor-de-conductividad-con-touch-screen\/","title":{"rendered":"Medidor de Conductividad con Touch Screen"},"content":{"rendered":"<ul>\n<li><strong>Rango de conductividad<\/strong>\n<ul>\n<li>Para k=0,1 cm \u0304\u00b9: 0,0 a 2 mS\/cm<\/li>\n<li>Para k=1,0 cm \u0304\u00b9: 0,0 a 20 mS\/cm<\/li>\n<li>Para k=10,0 cm\u00b9: 0,0 a 500 mS\/cm<\/li>\n<\/ul>\n<\/li>\n<li><strong>Rango de resistividad<\/strong>\n<ul>\n<li>Para k=1,0 cm \u0304\u00b9: 0,01 hasta el infinito Ohm-cm<\/li>\n<li>Para k=10.0 cm \u0304\u00b9: 2 hasta el infinito Ohm-cm<\/li>\n<\/ul>\n<\/li>\n<li><strong>Rango de salinidad<\/strong>\n<ul>\n<li>De 0 a 80 ppt (partes por mil)<\/li>\n<li>De 200 a 300.000 ppm<\/li>\n<li>De 0 a 30 %<\/li>\n<\/ul>\n<\/li>\n<li><strong>Rango de ETS: <\/strong>De 0 a 14.000 ppm<\/li>\n<li><strong>Indicaci\u00f3n: <\/strong>Pantalla gr\u00e1fica LCD de 128 x 128 puntos<\/li>\n<li><strong>Salida digital: <\/strong>USB-C<\/li>\n<li><strong>Comunicaci\u00f3n: <\/strong>USB-C\/Bluetooth<\/li>\n<li><strong>Grado de protecci\u00f3n: <\/strong>IP-67<\/li>\n<li><strong>Material del gabinete: <\/strong>ABS V0<\/li>\n<li><strong>Fuente de alimentaci\u00f3n: <\/strong>Bater\u00eda de 9 V CC o eliminador de bater\u00eda<\/li>\n<li><strong>Tiempo de uso de la bater\u00eda: <\/strong>60 h<\/li>\n<li><strong>Dimensiones del medidor: <\/strong>106 x 82 x 192 mm (LAP)<\/li>\n<li><strong>Dimensiones del malet\u00edn: <\/strong>440 x 405 x 146 mm (LAP)<\/li>\n<li><strong>Peso del medidor: <\/strong>3 kg<\/li>\n<\/ul>\n","protected":false},"excerpt":{"rendered":"<p>El medidor de conductividad port\u00e1til DM-30P brinda una experiencia de campo diferenciada. Lea los datos con mayor claridad a trav\u00e9s de la pantalla gr\u00e1fica de 128 puntos. Exporte los datos a trav\u00e9s de bluetooth o use USB-C para transmitir datos o conectarse a la alimentaci\u00f3n.<br \/>\nPruebe la integraci\u00f3n con la aplicaci\u00f3n exclusiva para mejorar a\u00fan m\u00e1s su experiencia de recopilaci\u00f3n de datos en el campo.<\/p>\n","protected":false},"featured_media":4101,"comment_status":"open","ping_status":"closed","template":"","meta":{"_et_pb_use_builder":"","_et_pb_old_content":"","_et_gb_content_width":"","_joinchat":[]},"product_brand":[],"product_cat":[80],"product_tag":[78],"class_list":{"0":"post-4100","1":"product","2":"type-product","3":"status-publish","4":"has-post-thumbnail","6":"product_cat-ambiental","7":"product_tag-digimed","9":"first","10":"instock","11":"shipping-taxable","12":"product-type-simple"},"_links":{"self":[{"href":"http:\/\/embrion.com.py\/fisc\/wp-json\/wp\/v2\/product\/4100","targetHints":{"allow":["GET"]}}],"collection":[{"href":"http:\/\/embrion.com.py\/fisc\/wp-json\/wp\/v2\/product"}],"about":[{"href":"http:\/\/embrion.com.py\/fisc\/wp-json\/wp\/v2\/types\/product"}],"replies":[{"embeddable":true,"href":"http:\/\/embrion.com.py\/fisc\/wp-json\/wp\/v2\/comments?post=4100"}],"wp:featuredmedia":[{"embeddable":true,"href":"http:\/\/embrion.com.py\/fisc\/wp-json\/wp\/v2\/media\/4101"}],"wp:attachment":[{"href":"http:\/\/embrion.com.py\/fisc\/wp-json\/wp\/v2\/media?parent=4100"}],"wp:term":[{"taxonomy":"product_brand","embeddable":true,"href":"http:\/\/embrion.com.py\/fisc\/wp-json\/wp\/v2\/product_brand?post=4100"},{"taxonomy":"product_cat","embeddable":true,"href":"http:\/\/embrion.com.py\/fisc\/wp-json\/wp\/v2\/product_cat?post=4100"},{"taxonomy":"product_tag","embeddable":true,"href":"http:\/\/embrion.com.py\/fisc\/wp-json\/wp\/v2\/product_tag?post=4100"}],"curies":[{"name":"wp","href":"https:\/\/api.w.org\/{rel}","templated":true}]}}