{"id":4098,"date":"2025-01-30T11:42:25","date_gmt":"2025-01-30T14:42:25","guid":{"rendered":"https:\/\/fisc.com.py\/?post_type=product&#038;p=4098"},"modified":"2025-01-30T12:08:52","modified_gmt":"2025-01-30T15:08:52","slug":"medidor-de-turbidez-dm-tu","status":"publish","type":"product","link":"http:\/\/embrion.com.py\/fisc\/producto\/ambiental\/medidor-de-turbidez-dm-tu\/","title":{"rendered":"Medidor de Turbidez DM-TU"},"content":{"rendered":"<ul>\n<li><strong>Faixa de turbidez<\/strong>\n<ul>\n<li>0 a 1.000 NTU<\/li>\n<li>0 a 1.000 FTU<\/li>\n<li>0 a 17.500 ASBC<\/li>\n<li>0 a 250 EBC<\/li>\n<\/ul>\n<\/li>\n<li><strong>Faixa de sulfato: <\/strong>0 a 80 ppm<\/li>\n<li><strong>Sa\u00edda digital: <\/strong>RS 232<\/li>\n<li><strong>Fonte de luz: <\/strong>LED<\/li>\n<li><strong>Grau de prote\u00e7\u00e3o: <\/strong>IP-67<\/li>\n<li><strong>Material do gabinete: <\/strong>ABS V0<\/li>\n<li><strong>Fonte de alimenta\u00e7\u00e3o: <\/strong>Bateria de 9 Vcc ou eliminador de bateria<\/li>\n<li><strong>Tempo de uso da bater\u00eda: <\/strong>60 h<\/li>\n<li><strong>Dimens\u00f5es do medidor: <\/strong>106 x 82 x 220 mm (LAP)<\/li>\n<li><strong>Dimens\u00f5es da maleta: <\/strong>440 x 405 x 146 mm (LAP)<\/li>\n<li><strong>Peso do medidor: <\/strong>3 kg<\/li>\n<\/ul>\n","protected":false},"excerpt":{"rendered":"<p>Conecte, encienda y use. El medidor de turbidez port\u00e1til (turbid\u00edmetro) DM-TU le ayudar\u00e1 con sus mediciones. Tan r\u00e1pido como la instalaci\u00f3n, la medici\u00f3n se realiza a trav\u00e9s de tres botones y la lectura en una pantalla de 16 caracteres.<\/p>\n","protected":false},"featured_media":4099,"comment_status":"open","ping_status":"closed","template":"","meta":{"_et_pb_use_builder":"","_et_pb_old_content":"","_et_gb_content_width":"","_joinchat":[]},"product_brand":[],"product_cat":[80],"product_tag":[78],"class_list":{"0":"post-4098","1":"product","2":"type-product","3":"status-publish","4":"has-post-thumbnail","6":"product_cat-ambiental","7":"product_tag-digimed","9":"first","10":"instock","11":"shipping-taxable","12":"product-type-simple"},"_links":{"self":[{"href":"http:\/\/embrion.com.py\/fisc\/wp-json\/wp\/v2\/product\/4098","targetHints":{"allow":["GET"]}}],"collection":[{"href":"http:\/\/embrion.com.py\/fisc\/wp-json\/wp\/v2\/product"}],"about":[{"href":"http:\/\/embrion.com.py\/fisc\/wp-json\/wp\/v2\/types\/product"}],"replies":[{"embeddable":true,"href":"http:\/\/embrion.com.py\/fisc\/wp-json\/wp\/v2\/comments?post=4098"}],"wp:featuredmedia":[{"embeddable":true,"href":"http:\/\/embrion.com.py\/fisc\/wp-json\/wp\/v2\/media\/4099"}],"wp:attachment":[{"href":"http:\/\/embrion.com.py\/fisc\/wp-json\/wp\/v2\/media?parent=4098"}],"wp:term":[{"taxonomy":"product_brand","embeddable":true,"href":"http:\/\/embrion.com.py\/fisc\/wp-json\/wp\/v2\/product_brand?post=4098"},{"taxonomy":"product_cat","embeddable":true,"href":"http:\/\/embrion.com.py\/fisc\/wp-json\/wp\/v2\/product_cat?post=4098"},{"taxonomy":"product_tag","embeddable":true,"href":"http:\/\/embrion.com.py\/fisc\/wp-json\/wp\/v2\/product_tag?post=4098"}],"curies":[{"name":"wp","href":"https:\/\/api.w.org\/{rel}","templated":true}]}}