{"id":4096,"date":"2025-01-30T11:39:33","date_gmt":"2025-01-30T14:39:33","guid":{"rendered":"https:\/\/fisc.com.py\/?post_type=product&#038;p=4096"},"modified":"2025-01-30T12:09:02","modified_gmt":"2025-01-30T15:09:02","slug":"espectrofotometro","status":"publish","type":"product","link":"http:\/\/embrion.com.py\/fisc\/producto\/ambiental\/espectrofotometro\/","title":{"rendered":"Espectrofot\u00f3metro"},"content":{"rendered":"<ul>\n<li>Espectrofot\u00f3metro que toma lecturas en Absorbancia, Transmitancia y Concentraci\u00f3n.<\/li>\n<li>Se utiliza en productos farmac\u00e9uticos, alimentos, cosm\u00e9ticos, universidades y otros segmentos para an\u00e1lisis biol\u00f3gicos y fisicoqu\u00edmicos.<\/li>\n<li>Este equipo cuenta con alta tecnolog\u00eda con un sistema de Doble Haz \u00d3ptico y escaneo autom\u00e1tico, desarrollado siguiendo los M\u00e9todos Est\u00e1ndar, lo que proporciona rendimiento y confianza en los resultados.<\/li>\n<li>Permite la selecci\u00f3n autom\u00e1tica de longitudes de onda de 190 a 1100 nm y se puede utilizar con accesorios de flujo continuo y software de recopilaci\u00f3n de datos.<\/li>\n<\/ul>\n","protected":false},"excerpt":{"rendered":"<p>Espectrofot\u00f3metro que toma lecturas en Absorbancia, Transmitancia y Concentraci\u00f3n. Se utiliza en productos farmac\u00e9uticos, alimentos, cosm\u00e9ticos, universidades y otros segmentos para an\u00e1lisis biol\u00f3gicos y fisicoqu\u00edmicos. Este equipo cuenta con alta tecnolog\u00eda con un sistema de Doble Haz \u00d3ptico y escaneo autom\u00e1tico, desarrollado siguiendo los M\u00e9todos Est\u00e1ndar, lo que proporciona rendimiento y confianza en los resultados. [&hellip;]<\/p>\n","protected":false},"featured_media":4097,"comment_status":"open","ping_status":"closed","template":"","meta":{"_et_pb_use_builder":"","_et_pb_old_content":"","_et_gb_content_width":"","_joinchat":[]},"product_brand":[],"product_cat":[80],"product_tag":[78],"class_list":{"0":"post-4096","1":"product","2":"type-product","3":"status-publish","4":"has-post-thumbnail","6":"product_cat-ambiental","7":"product_tag-digimed","9":"first","10":"instock","11":"shipping-taxable","12":"product-type-simple"},"_links":{"self":[{"href":"http:\/\/embrion.com.py\/fisc\/wp-json\/wp\/v2\/product\/4096","targetHints":{"allow":["GET"]}}],"collection":[{"href":"http:\/\/embrion.com.py\/fisc\/wp-json\/wp\/v2\/product"}],"about":[{"href":"http:\/\/embrion.com.py\/fisc\/wp-json\/wp\/v2\/types\/product"}],"replies":[{"embeddable":true,"href":"http:\/\/embrion.com.py\/fisc\/wp-json\/wp\/v2\/comments?post=4096"}],"wp:featuredmedia":[{"embeddable":true,"href":"http:\/\/embrion.com.py\/fisc\/wp-json\/wp\/v2\/media\/4097"}],"wp:attachment":[{"href":"http:\/\/embrion.com.py\/fisc\/wp-json\/wp\/v2\/media?parent=4096"}],"wp:term":[{"taxonomy":"product_brand","embeddable":true,"href":"http:\/\/embrion.com.py\/fisc\/wp-json\/wp\/v2\/product_brand?post=4096"},{"taxonomy":"product_cat","embeddable":true,"href":"http:\/\/embrion.com.py\/fisc\/wp-json\/wp\/v2\/product_cat?post=4096"},{"taxonomy":"product_tag","embeddable":true,"href":"http:\/\/embrion.com.py\/fisc\/wp-json\/wp\/v2\/product_tag?post=4096"}],"curies":[{"name":"wp","href":"https:\/\/api.w.org\/{rel}","templated":true}]}}