{"id":4083,"date":"2025-01-30T12:08:22","date_gmt":"2025-01-30T15:08:22","guid":{"rendered":"https:\/\/fisc.com.py\/?post_type=product&#038;p=4083"},"modified":"2025-01-30T12:08:23","modified_gmt":"2025-01-30T15:08:23","slug":"medidor-de-ph-de-laboratorio-touch-screen","status":"publish","type":"product","link":"http:\/\/embrion.com.py\/fisc\/producto\/ambiental\/medidor-de-ph-de-laboratorio-touch-screen\/","title":{"rendered":"Medidor de pH de laboratorio Touch Screen"},"content":{"rendered":"<ul>\n<li>El instrumento cuenta con una pantalla t\u00e1ctil de 5 pulgadas, que mejora la experiencia de navegaci\u00f3n y permite un acceso r\u00e1pido e intuitivo a diversas funcionalidades, como alertas y tres tipos de configuraciones de advertencia de calibraci\u00f3n.<\/li>\n<li>Tiene capacidad para hasta 3.000 registros y, con las funciones de conectividad, transmite datos de lectura, chequeo y calibraci\u00f3n, fecha y hora, muestra y usuario, a trav\u00e9s de Bluetooth o cable. Para obtener una mejor experiencia, utilice el software o la aplicaci\u00f3n de recopilaci\u00f3n de datos. Tambi\u00e9n cuenta con actualizaciones remotas de software, descargables a trav\u00e9s del portal Digimed.<\/li>\n<li>Garantiza la seguridad de diagn\u00f3sticos preventivos, trazabilidad de las mediciones con registro de diferentes muestras y control de usuarios.<\/li>\n<li>El gabinete es moderno y robusto, con grado de protecci\u00f3n IP-67. Tiene entradas para sensores de pH o ORP, sensor de temperatura, agitador y USB tipo C para comunicaci\u00f3n y transmisi\u00f3n de datos.<\/li>\n<\/ul>\n","protected":false},"excerpt":{"rendered":"<p>El medidor de laboratorio para an\u00e1lisis de pH, ORP (potencial de oxidaci\u00f3n-reducci\u00f3n) y temperatura es ideal para una medici\u00f3n de alta precisi\u00f3n en una interfaz interactiva, conectada y segura<\/p>\n","protected":false},"featured_media":4088,"comment_status":"open","ping_status":"closed","template":"","meta":{"_et_pb_use_builder":"","_et_pb_old_content":"","_et_gb_content_width":"","_joinchat":[]},"product_brand":[],"product_cat":[80],"product_tag":[78],"class_list":{"0":"post-4083","1":"product","2":"type-product","3":"status-publish","4":"has-post-thumbnail","6":"product_cat-ambiental","7":"product_tag-digimed","9":"first","10":"instock","11":"shipping-taxable","12":"product-type-simple"},"_links":{"self":[{"href":"http:\/\/embrion.com.py\/fisc\/wp-json\/wp\/v2\/product\/4083","targetHints":{"allow":["GET"]}}],"collection":[{"href":"http:\/\/embrion.com.py\/fisc\/wp-json\/wp\/v2\/product"}],"about":[{"href":"http:\/\/embrion.com.py\/fisc\/wp-json\/wp\/v2\/types\/product"}],"replies":[{"embeddable":true,"href":"http:\/\/embrion.com.py\/fisc\/wp-json\/wp\/v2\/comments?post=4083"}],"wp:featuredmedia":[{"embeddable":true,"href":"http:\/\/embrion.com.py\/fisc\/wp-json\/wp\/v2\/media\/4088"}],"wp:attachment":[{"href":"http:\/\/embrion.com.py\/fisc\/wp-json\/wp\/v2\/media?parent=4083"}],"wp:term":[{"taxonomy":"product_brand","embeddable":true,"href":"http:\/\/embrion.com.py\/fisc\/wp-json\/wp\/v2\/product_brand?post=4083"},{"taxonomy":"product_cat","embeddable":true,"href":"http:\/\/embrion.com.py\/fisc\/wp-json\/wp\/v2\/product_cat?post=4083"},{"taxonomy":"product_tag","embeddable":true,"href":"http:\/\/embrion.com.py\/fisc\/wp-json\/wp\/v2\/product_tag?post=4083"}],"curies":[{"name":"wp","href":"https:\/\/api.w.org\/{rel}","templated":true}]}}