{"id":4042,"date":"2024-07-26T21:37:17","date_gmt":"2024-07-27T01:37:17","guid":{"rendered":"https:\/\/fisc.com.py\/?post_type=product&#038;p=4042"},"modified":"2024-07-26T21:37:18","modified_gmt":"2024-07-27T01:37:18","slug":"rotavapor-r-80","status":"publish","type":"product","link":"http:\/\/embrion.com.py\/fisc\/producto\/rotavapores\/rotavapor-r-80\/","title":{"rendered":"Rotavapor\u00ae R-80"},"content":{"rendered":"<ul>\n<li><strong>Formato m\u00e1s compacto: <\/strong>Optimice el espacio de su laboratorio gracias al dise\u00f1o compacto del Rotavapor\u00ae R-80, el modelo de Rotavapor\u00ae m\u00e1s peque\u00f1o del mercado. Su interfaz de usuario se puede girar hasta 90\u00b0, lo que le permite colocar el R-80 como m\u00e1s le convenga y, al mismo tiempo, acceder y controlar directamente todos los par\u00e1metros de destilaci\u00f3n.<\/li>\n<li><strong>El Rotavapor\u00ae m\u00e1s rentable: <\/strong>\u00bfPor qu\u00e9 renunciar a una ventaja si puede obtener dos a la vez? El R-80 ofrece un precio asequible con la calidad de BUCHI. Nos enorgullece ofrecer nuestro dise\u00f1o y precisi\u00f3n suizos, respaldados por un excepcional servicio de atenci\u00f3n al cliente y unos conocimientos expertos de las aplicaciones. Mejore su rendimiento y afiance su confianza en una marca que valora la excelencia por encima de todo.<\/li>\n<li><strong>Consumo de energ\u00eda reducido: <\/strong>El dise\u00f1o del R-80, con su ba\u00f1o termost\u00e1tico compacto, aprovecha al m\u00e1ximo el calor y reduce el consumo de energ\u00eda. Esto no solo le supone un ahorro econ\u00f3mico, sino que tambi\u00e9n contribuye a construir un futuro m\u00e1s sostenible. \u00danase a nuestra iniciativa para conseguir pr\u00e1cticas de laboratorio m\u00e1s respetuosas con el medioambiente.<\/li>\n<\/ul>\n<p><strong>Enlace del equipo para m\u00e1s info e imagenes: <\/strong><a href=\"https:\/\/www.buchi.com\/es\/productos\/instrumentos\/rotavapor-r-80\" target=\"_blank\" rel=\"noopener\"><strong>Sistema Rotavapor\u00ae R-80 | Buchi.com<\/strong><\/a><\/p>\n","protected":false},"excerpt":{"rendered":"<p>Conozca el modelo R-80, nuestro Rotavapor\u00ae con mejor eficiencia energ\u00e9tica hasta la fecha y el Rotavapor\u00ae m\u00e1s compacto del mercado. R-80 es una soluci\u00f3n asequible y respetuosa con el medioambiente que garantiza el uso m\u00e1s eficiente del espacio de laboratorio y cumple los est\u00e1ndares de alta calidad de BUCH<\/p>\n","protected":false},"featured_media":4043,"comment_status":"open","ping_status":"closed","template":"","meta":{"_et_pb_use_builder":"","_et_pb_old_content":"","_et_gb_content_width":"","_joinchat":[]},"product_brand":[],"product_cat":[67],"product_tag":[],"class_list":{"0":"post-4042","1":"product","2":"type-product","3":"status-publish","4":"has-post-thumbnail","6":"product_cat-rotavapores","8":"first","9":"instock","10":"shipping-taxable","11":"product-type-simple"},"_links":{"self":[{"href":"http:\/\/embrion.com.py\/fisc\/wp-json\/wp\/v2\/product\/4042","targetHints":{"allow":["GET"]}}],"collection":[{"href":"http:\/\/embrion.com.py\/fisc\/wp-json\/wp\/v2\/product"}],"about":[{"href":"http:\/\/embrion.com.py\/fisc\/wp-json\/wp\/v2\/types\/product"}],"replies":[{"embeddable":true,"href":"http:\/\/embrion.com.py\/fisc\/wp-json\/wp\/v2\/comments?post=4042"}],"wp:featuredmedia":[{"embeddable":true,"href":"http:\/\/embrion.com.py\/fisc\/wp-json\/wp\/v2\/media\/4043"}],"wp:attachment":[{"href":"http:\/\/embrion.com.py\/fisc\/wp-json\/wp\/v2\/media?parent=4042"}],"wp:term":[{"taxonomy":"product_brand","embeddable":true,"href":"http:\/\/embrion.com.py\/fisc\/wp-json\/wp\/v2\/product_brand?post=4042"},{"taxonomy":"product_cat","embeddable":true,"href":"http:\/\/embrion.com.py\/fisc\/wp-json\/wp\/v2\/product_cat?post=4042"},{"taxonomy":"product_tag","embeddable":true,"href":"http:\/\/embrion.com.py\/fisc\/wp-json\/wp\/v2\/product_tag?post=4042"}],"curies":[{"name":"wp","href":"https:\/\/api.w.org\/{rel}","templated":true}]}}