{"id":4040,"date":"2024-07-26T21:32:51","date_gmt":"2024-07-27T01:32:51","guid":{"rendered":"https:\/\/fisc.com.py\/?post_type=product&#038;p=4040"},"modified":"2024-07-26T21:32:51","modified_gmt":"2024-07-27T01:32:51","slug":"revontium","status":"publish","type":"product","link":"http:\/\/embrion.com.py\/fisc\/producto\/fluorescencia-de-rayos-x\/revontium\/","title":{"rendered":"Revontium"},"content":{"rendered":"<ul>\n<li>6 millones de fotones detectados por segundo<\/li>\n<li>Capacidades de excitaci\u00f3n que van de 4 a 60 kV<\/li>\n<li>Mide hasta 32 muestras con 52 mm de di\u00e1metro<\/li>\n<li>Centrifugador para resultados m\u00e1s uniformes<\/li>\n<li>Cuatro detectores simult\u00e1neos para un an\u00e1lisis r\u00e1pido<\/li>\n<li>Consume tan poco como 200 vatios<\/li>\n<li>La refrigeraci\u00f3n silenciosa por aire elimina las preocupaciones de derrames de agua<\/li>\n<li>Maneja temperaturas entre 10 y 30 \u00b0C<\/li>\n<li>Cubierta con funci\u00f3n de sobrepresi\u00f3n para proteger las muestras del polvo<\/li>\n<li>Completamente sellada por rayos X para una protecci\u00f3n total del operador<\/li>\n<li>Tubo de rayos X patentado con tecnolog\u00eda ZETA<\/li>\n<li>Tubo de rayos X con recubrimiento azul Chi para una mayor protecci\u00f3n contra derrames<\/li>\n<li>Brazo rob\u00f3tico con c\u00e1mara para solucionar problemas de forma m\u00e1s r\u00e1pida<\/li>\n<li>Computadora integrada para minimizar la huella f\u00edsica<\/li>\n<li>Pantalla t\u00e1ctil inclinada de 15 pulgadas que se ajusta a la altura del usuario para un funcionamiento sencillo<\/li>\n<li>Botones t\u00e1ctiles grandes para un funcionamiento sencillo y un tiempo de capacitaci\u00f3n r\u00e1pido<\/li>\n<li>USB y conectividad de red<\/li>\n<\/ul>\n<p><strong>Aplicaci\u00f3n:<\/strong><\/p>\n<ul>\n<li>\u00c1mbito acad\u00e9mico<\/li>\n<li>Bater\u00edas<\/li>\n<li>Materiales de construcci\u00f3n<\/li>\n<li>Monitoreo del entorno<\/li>\n<li>Alimentos y productos no alimenticios<\/li>\n<li>Metales<\/li>\n<li>Miner\u00eda y minerales<\/li>\n<li>Petroqu\u00edmicos<\/li>\n<li>Productos farmac\u00e9uticos<\/li>\n<li>Pol\u00edmeros y pl\u00e1sticos<\/li>\n<\/ul>\n","protected":false},"excerpt":{"rendered":"<p>Revontium\u2122 es un analizador compacto de fluorescencia de rayos X (XRF) que ofrece un an\u00e1lisis elemental de alta calidad en un formato compacto de sobremesa. Une el rendimiento de la XRF del sistema de piso y la versatilidad de los instrumentos de sobremesa.<\/p>\n","protected":false},"featured_media":4041,"comment_status":"open","ping_status":"closed","template":"","meta":{"_et_pb_use_builder":"","_et_pb_old_content":"","_et_gb_content_width":"","_joinchat":[]},"product_brand":[],"product_cat":[57],"product_tag":[],"class_list":{"0":"post-4040","1":"product","2":"type-product","3":"status-publish","4":"has-post-thumbnail","6":"product_cat-fluorescencia-de-rayos-x","8":"first","9":"instock","10":"shipping-taxable","11":"product-type-simple"},"_links":{"self":[{"href":"http:\/\/embrion.com.py\/fisc\/wp-json\/wp\/v2\/product\/4040","targetHints":{"allow":["GET"]}}],"collection":[{"href":"http:\/\/embrion.com.py\/fisc\/wp-json\/wp\/v2\/product"}],"about":[{"href":"http:\/\/embrion.com.py\/fisc\/wp-json\/wp\/v2\/types\/product"}],"replies":[{"embeddable":true,"href":"http:\/\/embrion.com.py\/fisc\/wp-json\/wp\/v2\/comments?post=4040"}],"wp:featuredmedia":[{"embeddable":true,"href":"http:\/\/embrion.com.py\/fisc\/wp-json\/wp\/v2\/media\/4041"}],"wp:attachment":[{"href":"http:\/\/embrion.com.py\/fisc\/wp-json\/wp\/v2\/media?parent=4040"}],"wp:term":[{"taxonomy":"product_brand","embeddable":true,"href":"http:\/\/embrion.com.py\/fisc\/wp-json\/wp\/v2\/product_brand?post=4040"},{"taxonomy":"product_cat","embeddable":true,"href":"http:\/\/embrion.com.py\/fisc\/wp-json\/wp\/v2\/product_cat?post=4040"},{"taxonomy":"product_tag","embeddable":true,"href":"http:\/\/embrion.com.py\/fisc\/wp-json\/wp\/v2\/product_tag?post=4040"}],"curies":[{"name":"wp","href":"https:\/\/api.w.org\/{rel}","templated":true}]}}