{"id":2917,"date":"2022-12-19T19:31:02","date_gmt":"2022-12-19T19:31:02","guid":{"rendered":"https:\/\/fisc.webparaguay.com\/?post_type=product&#038;p=2917"},"modified":"2024-04-08T15:34:49","modified_gmt":"2024-04-08T19:34:49","slug":"spinsolve-multi-x","status":"publish","type":"product","link":"http:\/\/embrion.com.py\/fisc\/producto\/resonancia-magnetica-nuclear-rmn\/spinsolve-multi-x\/","title":{"rendered":"Spinsolve Multi X"},"content":{"rendered":"<p><strong>Caracter\u00edsticas\u00a0<\/strong><\/p>\n<p>Mida m\u00faltiples n\u00facleos X en una amplia banda de frecuencia sin necesidad de la intervenci\u00f3n del usuario. El Spinsolve Multi X cambia entre diferentes n\u00facleos de forma totalmente autom\u00e1tica, lo que permite ejecutar una serie de experimentos multinucleares sin supervisi\u00f3n. Al combinar esta nueva tecnolog\u00eda con el cambiador de muestras Spinsolve, se puede lograr un poderoso nivel de automatizaci\u00f3n. Dado que toda la biblioteca de protocolos disponibles para cada n\u00facleo est\u00e1 precalibrada, la funci\u00f3n de cola en el software Spinsolve se puede utilizar para medir varios n\u00facleos X en una serie de muestras.<\/p>\n<p><strong>Ventajas y beneficios\u00a0<\/strong><\/p>\n<ul>\n<li>Cambio instant\u00e1neo entre n\u00facleos sin ninguna p\u00e9rdida de sensibilidad<\/li>\n<li>Cambio entre n\u00facleos no requiere ninguna intervenci\u00f3n manual<\/li>\n<li>Funciona con muestreador autom\u00e1tico opcional de modo que todos los n\u00facleos disponibles se pueden adquirir sin necesidad de supervisi\u00f3n<\/li>\n<li>Experimentos multinucleares intercalados para monitorizaci\u00f3n de reacciones online<\/li>\n<li>Experimentos 1D y 2D calibrados en la f\u00e1brica, permite cambio entre ellos sin necesidad de recalibraci\u00f3n<\/li>\n<li>F\u00e1cil de ser operado: ninguna capacitaci\u00f3n de operador es necesaria<\/li>\n<\/ul>\n<p><strong>Aplicaci\u00f3n<\/strong><\/p>\n<ul>\n<li>Ense\u00f1anza de qu\u00edmica<\/li>\n<li>Monitoreo de reacciones qu\u00edmicas<\/li>\n<li>Pol\u00edmeros<\/li>\n<li>An\u00e1lisis forense de drogas<\/li>\n<li>RMN cuantitativo<\/li>\n<li>Alimentos y bebidas<\/li>\n<li>Petroqu\u00edmica<\/li>\n<li>Investigaci\u00f3n en RMN<\/li>\n<li>Productos naturales<\/li>\n<\/ul>\n","protected":false},"excerpt":{"rendered":"<p>Equipo de RMN de mesa.<\/p>\n<p>Tenga un RMN que no tiene costo de mantenimiento y te ofrece resultados en concentraciones sub milimolar<\/p>\n","protected":false},"featured_media":2932,"comment_status":"closed","ping_status":"closed","template":"","meta":{"_et_pb_use_builder":"","_et_pb_old_content":"","_et_gb_content_width":"","_joinchat":[]},"product_brand":[],"product_cat":[72],"product_tag":[71],"class_list":{"0":"post-2917","1":"product","2":"type-product","3":"status-publish","4":"has-post-thumbnail","6":"product_cat-resonancia-magnetica-nuclear-rmn","7":"product_tag-magritek","9":"first","10":"instock","11":"shipping-taxable","12":"product-type-simple"},"_links":{"self":[{"href":"http:\/\/embrion.com.py\/fisc\/wp-json\/wp\/v2\/product\/2917","targetHints":{"allow":["GET"]}}],"collection":[{"href":"http:\/\/embrion.com.py\/fisc\/wp-json\/wp\/v2\/product"}],"about":[{"href":"http:\/\/embrion.com.py\/fisc\/wp-json\/wp\/v2\/types\/product"}],"replies":[{"embeddable":true,"href":"http:\/\/embrion.com.py\/fisc\/wp-json\/wp\/v2\/comments?post=2917"}],"wp:featuredmedia":[{"embeddable":true,"href":"http:\/\/embrion.com.py\/fisc\/wp-json\/wp\/v2\/media\/2932"}],"wp:attachment":[{"href":"http:\/\/embrion.com.py\/fisc\/wp-json\/wp\/v2\/media?parent=2917"}],"wp:term":[{"taxonomy":"product_brand","embeddable":true,"href":"http:\/\/embrion.com.py\/fisc\/wp-json\/wp\/v2\/product_brand?post=2917"},{"taxonomy":"product_cat","embeddable":true,"href":"http:\/\/embrion.com.py\/fisc\/wp-json\/wp\/v2\/product_cat?post=2917"},{"taxonomy":"product_tag","embeddable":true,"href":"http:\/\/embrion.com.py\/fisc\/wp-json\/wp\/v2\/product_tag?post=2917"}],"curies":[{"name":"wp","href":"https:\/\/api.w.org\/{rel}","templated":true}]}}