{"id":2916,"date":"2022-12-19T19:30:58","date_gmt":"2022-12-19T19:30:58","guid":{"rendered":"https:\/\/fisc.webparaguay.com\/?post_type=product&#038;p=2916"},"modified":"2024-04-08T15:41:12","modified_gmt":"2024-04-08T19:41:12","slug":"spinsolve-90","status":"publish","type":"product","link":"http:\/\/embrion.com.py\/fisc\/producto\/resonancia-magnetica-nuclear-rmn\/spinsolve-90\/","title":{"rendered":"Spinsolve 90"},"content":{"rendered":"<p>La alta sensibilidad del HSQC-ME que se ejecuta en el Spinsolve 90 hace posible medir muestras disueltas a bajas concentraciones en cortos tiempos.<\/p>\n<p>Las secuencias anidadas avanzadas, donde se adquieren m\u00faltiples experimentos con un solo retraso de relajaci\u00f3n, se programan en nuestro espectr\u00f3metro totalmente digital. Todos los modelos de Spinsolve vienen con gradientes de campo de pulso a lo largo de x, yyz para una selecci\u00f3n de se\u00f1al eficiente. Adem\u00e1s, ambos canales de RF pueden pulsarse simult\u00e1neamente con formas de onda definidas por el usuario.<\/p>\n<p>La adquisici\u00f3n de experimentos bidimensionales requiere mucho tiempo porque se requieren un gran n\u00famero de pasos a lo largo de la dimensi\u00f3n indirecta para obtener una resoluci\u00f3n aceptable. El m\u00e9todo NUS permite muestrear la dimensi\u00f3n indirecta de forma dispersa, reduciendo considerablemente la duraci\u00f3n del experimento, sin degradar la resoluci\u00f3n f1.<\/p>\n<p><strong>Beneficios y ventajas<\/strong><\/p>\n<ul>\n<li>Frecuencia de \u00b9H : 90 MHz<\/li>\n<li>Sensibilidad m\u00e1s grande: &gt;240:1 (canal duplo para 1% Etilbenzeno<\/li>\n<li>\u00b9H y 19F en todos los equipos + un tercer n\u00facleo para los equipos con canal duplo<\/li>\n<li>Resoluci\u00f3n del Spinsolve 90 MHz: &lt;0.4 Hz (50%) \/ &lt;16 Hz (0.55%)<\/li>\n<li>Gradientes 3D PFG optimizados para m\u00e9todos mejorados<\/li>\n<li>Gradientes PFG opcional para espectroscop\u00eda de difusi\u00f3n (&gt;0.5 T\/m)<\/li>\n<li>No requiere l\u00edquidos criog\u00e9nicos<\/li>\n<li>Lock en hardware externo: no hay necesidad de solventes deuterados<\/li>\n<li>Estabilidad incomparable<\/li>\n<li>Apropriado para monitoreo de reacciones<\/li>\n<li>F\u00e1cil de ser operado<\/li>\n<li>Se puede usar el cambiador de muestras autom\u00e1tico en el equipo<\/li>\n<li>Dimensiones y peso para se poner en una mesa o campana extractora<\/li>\n<li>Dimensiones: 66 x 45 x 43 cm (25,9\u201d x 17,7\u201d x 16,9\u201d)<\/li>\n<li>Peso: 115 kg<\/li>\n<\/ul>\n<p><strong>Aplicaci\u00f3n<\/strong><\/p>\n<ul>\n<li>Ense\u00f1anza de qu\u00edmica<\/li>\n<li>Monitoreo de reacciones qu\u00edmicas<\/li>\n<li>Pol\u00edmeros<\/li>\n<li>An\u00e1lisis forense de drogas<\/li>\n<li>RMN cuantitativo<\/li>\n<li>Alimentos y bebidas<\/li>\n<li>Petroqu\u00edmica<\/li>\n<li>Investigaci\u00f3n en RMN<\/li>\n<li>Productos naturales<\/li>\n<\/ul>\n","protected":false},"excerpt":{"rendered":"<p>Tenga un RMN que no tiene costo de mantenimiento y te ofrece resultados en concentraciones sub milimolar.<\/p>\n","protected":false},"featured_media":2930,"comment_status":"closed","ping_status":"closed","template":"","meta":{"_et_pb_use_builder":"","_et_pb_old_content":"","_et_gb_content_width":"","_joinchat":[]},"product_brand":[],"product_cat":[72],"product_tag":[71],"class_list":{"0":"post-2916","1":"product","2":"type-product","3":"status-publish","4":"has-post-thumbnail","6":"product_cat-resonancia-magnetica-nuclear-rmn","7":"product_tag-magritek","9":"first","10":"instock","11":"shipping-taxable","12":"product-type-simple"},"_links":{"self":[{"href":"http:\/\/embrion.com.py\/fisc\/wp-json\/wp\/v2\/product\/2916","targetHints":{"allow":["GET"]}}],"collection":[{"href":"http:\/\/embrion.com.py\/fisc\/wp-json\/wp\/v2\/product"}],"about":[{"href":"http:\/\/embrion.com.py\/fisc\/wp-json\/wp\/v2\/types\/product"}],"replies":[{"embeddable":true,"href":"http:\/\/embrion.com.py\/fisc\/wp-json\/wp\/v2\/comments?post=2916"}],"wp:featuredmedia":[{"embeddable":true,"href":"http:\/\/embrion.com.py\/fisc\/wp-json\/wp\/v2\/media\/2930"}],"wp:attachment":[{"href":"http:\/\/embrion.com.py\/fisc\/wp-json\/wp\/v2\/media?parent=2916"}],"wp:term":[{"taxonomy":"product_brand","embeddable":true,"href":"http:\/\/embrion.com.py\/fisc\/wp-json\/wp\/v2\/product_brand?post=2916"},{"taxonomy":"product_cat","embeddable":true,"href":"http:\/\/embrion.com.py\/fisc\/wp-json\/wp\/v2\/product_cat?post=2916"},{"taxonomy":"product_tag","embeddable":true,"href":"http:\/\/embrion.com.py\/fisc\/wp-json\/wp\/v2\/product_tag?post=2916"}],"curies":[{"name":"wp","href":"https:\/\/api.w.org\/{rel}","templated":true}]}}