{"id":2914,"date":"2022-12-19T19:30:55","date_gmt":"2022-12-19T19:30:55","guid":{"rendered":"https:\/\/fisc.webparaguay.com\/?post_type=product&#038;p=2914"},"modified":"2024-04-08T15:45:36","modified_gmt":"2024-04-08T19:45:36","slug":"probadores-de-suelos-no-confinados","status":"publish","type":"product","link":"http:\/\/embrion.com.py\/fisc\/producto\/suelos\/probadores-de-suelos-no-confinados\/","title":{"rendered":"Probadores de suelos no confinados"},"content":{"rendered":"<p><strong>Caracter\u00edsticas\u00a0<\/strong><\/p>\n<ul>\n<li><span style=\"font-family: Arial, serif;\"><span style=\"font-size: medium;\">El probador digital H-4180BD proporciona una abertura de luz diurna entre platos de 5.125\u2019\u2019 perfecta para muestras de cuchara dividida. Este modelo proporciona capacidades de carga de hasta 300 lb (1.33 kN) y una escala de altura ajustable para determinar el recorrido vertical.<br \/>\n<\/span><\/span><\/li>\n<li><span style=\"font-family: Arial, serif;\"><span style=\"font-size: medium;\">Los modelos digitales H-4180AD y H-4180DD proporcionan una abertura de luz natural entre platos de 6.375\u2019\u2019, perfecta para usar con muestras de tubo Shelby de 6\u2019\u2019 o muestras cortadas de tubos Shelby m\u00e1s grandes.<br \/>\n<\/span><\/span><\/li>\n<li><span style=\"font-family: Arial, serif;\"><span style=\"font-size: medium;\">El H-4180AD proporciona 500 libras. (2,22 kN) de capacidad de carga y una escala de altura ajustable para determinar el recorrido vertical.<br \/>\n<\/span><\/span><\/li>\n<li><span style=\"font-family: Arial, serif;\"><span style=\"font-size: medium;\">El H-4180DD proporciona 1000 libras. (4,45 kN) de capacidad de carga y cuenta con un indicador de cuadrante para determinar el recorrido vertical.<\/span><\/span><\/li>\n<\/ul>\n<p><strong>Ventajas y beneficios<\/strong><\/p>\n<ul>\n<li>Los probadores de suelos no confinados de Humboldt proporcionan un m\u00e9todo econ\u00f3mico para obtener r\u00e1pidamente una medida de resistencia a la compresi\u00f3n para aquellos suelos que poseen suficiente cohesi\u00f3n para permitir las pruebas en el estado no confinado. Son ideales para que los utilicen consultores, universidades y DOT cuando se desee una configuraci\u00f3n de prueba r\u00e1pida y econ\u00f3mica.<\/li>\n<li>Son perfectos para laboratorios de campo donde se necesitan limitaciones de espacio y el deseo de una alternativa de bajo costo a un marco de carga.<\/li>\n<li>El dise\u00f1o ligero y compacto de estos probadores proporciona una gran portabilidad para el uso diario en el campo.<\/li>\n<\/ul>\n<p><strong>Aplicaciones<\/strong><\/p>\n<p><strong>Est\u00e1ndares<\/strong><br \/>\n<a href=\"https:\/\/www.humboldtmfg.com\/astm\/D2166.html\">ASTM D2166<\/a><\/p>\n<p>&nbsp;<\/p>\n","protected":false},"excerpt":{"rendered":"<p>La l\u00ednea de probadores de suelos no confinados de Humboldt permite determinaciones r\u00e1pidas y precisas de la resistencia a la compresi\u00f3n no confinada de suelos cohesivos en estado intacto, remoldeado o reconstituido en el campo o en el laboratorio.<\/p>\n","protected":false},"featured_media":2926,"comment_status":"closed","ping_status":"closed","template":"","meta":{"_et_pb_use_builder":"","_et_pb_old_content":"","_et_gb_content_width":"","_joinchat":[]},"product_brand":[],"product_cat":[70],"product_tag":[44],"class_list":{"0":"post-2914","1":"product","2":"type-product","3":"status-publish","4":"has-post-thumbnail","6":"product_cat-suelos","7":"product_tag-humboldt","9":"first","10":"instock","11":"shipping-taxable","12":"product-type-simple"},"_links":{"self":[{"href":"http:\/\/embrion.com.py\/fisc\/wp-json\/wp\/v2\/product\/2914","targetHints":{"allow":["GET"]}}],"collection":[{"href":"http:\/\/embrion.com.py\/fisc\/wp-json\/wp\/v2\/product"}],"about":[{"href":"http:\/\/embrion.com.py\/fisc\/wp-json\/wp\/v2\/types\/product"}],"replies":[{"embeddable":true,"href":"http:\/\/embrion.com.py\/fisc\/wp-json\/wp\/v2\/comments?post=2914"}],"wp:featuredmedia":[{"embeddable":true,"href":"http:\/\/embrion.com.py\/fisc\/wp-json\/wp\/v2\/media\/2926"}],"wp:attachment":[{"href":"http:\/\/embrion.com.py\/fisc\/wp-json\/wp\/v2\/media?parent=2914"}],"wp:term":[{"taxonomy":"product_brand","embeddable":true,"href":"http:\/\/embrion.com.py\/fisc\/wp-json\/wp\/v2\/product_brand?post=2914"},{"taxonomy":"product_cat","embeddable":true,"href":"http:\/\/embrion.com.py\/fisc\/wp-json\/wp\/v2\/product_cat?post=2914"},{"taxonomy":"product_tag","embeddable":true,"href":"http:\/\/embrion.com.py\/fisc\/wp-json\/wp\/v2\/product_tag?post=2914"}],"curies":[{"name":"wp","href":"https:\/\/api.w.org\/{rel}","templated":true}]}}