{"id":2912,"date":"2022-12-19T19:30:53","date_gmt":"2022-12-19T19:30:53","guid":{"rendered":"https:\/\/fisc.webparaguay.com\/?post_type=product&#038;p=2912"},"modified":"2024-04-08T15:58:22","modified_gmt":"2024-04-08T19:58:22","slug":"medidor-de-densidad-electrica","status":"publish","type":"product","link":"http:\/\/embrion.com.py\/fisc\/producto\/suelos\/medidor-de-densidad-electrica\/","title":{"rendered":"Medidor de densidad el\u00e9ctrica"},"content":{"rendered":"<ul>\n<li><span style=\"font-family: Arial, serif;\"><span style=\"font-size: medium;\">Rango de densidad h\u00fameda: rango t\u00edpico de sitios de tierra compactada<\/span><\/span><\/li>\n<li><span style=\"font-family: Arial, serif;\"><span style=\"font-size: medium;\">Precisi\u00f3n de densidad seca: dentro del 3% de las pruebas est\u00e1ndar<\/span><\/span><\/li>\n<li><span style=\"font-family: Arial, serif;\"><span style=\"font-size: medium;\">Rango de contenido de humedad: rango t\u00edpico de sitios de tierra compactada<\/span><\/span><\/li>\n<li><span style=\"font-family: Arial, serif;\"><span style=\"font-size: medium;\">Precisi\u00f3n del contenido de humedad: dentro del 2% de las pruebas est\u00e1ndar<\/span><\/span><\/li>\n<li><span style=\"font-family: Arial, serif;\"><span style=\"font-size: medium;\">Temperatura de funcionamiento: 0-50 \u00b0 C<\/span><\/span><\/li>\n<li><span style=\"font-family: Arial, serif;\"><span style=\"font-size: medium;\">Humedad de funcionamiento ambiental: 5-90%, sin condensaci\u00f3n<\/span><\/span><\/li>\n<li><span style=\"font-family: Arial, serif;\"><span style=\"font-size: medium;\">Poder: Bater\u00eda de NiMH &#8211; paquete de 6<\/span><\/span><\/li>\n<li><span style=\"font-family: Arial, serif;\"><span style=\"font-size: medium;\">Duraci\u00f3n de la bater\u00eda: aprox. 60 hrs. de tiempo de ejecuci\u00f3n<\/span><\/span><\/li>\n<li><span style=\"font-family: Arial, serif;\"><span style=\"font-size: medium;\">Cargador de bater\u00eda: 110-240 V 50 \/ 60Hz<\/span><\/span><\/li>\n<li><span style=\"font-family: Arial, serif;\"><span style=\"font-size: medium;\">Dimensiones: 21\u2019\u2019 x 17\u2019\u2019 x 8\u2019\u2019 (533 mm x 432 mm x 203 mm)<\/span><\/span><\/li>\n<li><span style=\"font-family: Arial, serif;\"><span style=\"font-size: medium;\">GPS: \u00b1 3 m<\/span><\/span><\/li>\n<\/ul>\n<p><strong>Ventajas y beneficios<\/strong><\/p>\n<ul>\n<li>No requiere un t\u00e9cnico altamente capacitado o con licencia.<\/li>\n<li>No requiere un manejo especial para el env\u00edo ni el cumplimiento normativo para materiales peligrosos.<\/li>\n<li>Es f\u00e1cil de aprender y f\u00e1cil de usar con su men\u00fa paso a paso.<\/li>\n<li>Es liviano y f\u00e1cilmente transportable.<\/li>\n<li>Es preciso y repetible con resultados que reflejan los m\u00e9todos de prueba conocidos.<\/li>\n<\/ul>\n<p>&nbsp;<\/p>\n","protected":false},"excerpt":{"rendered":"<p>El medidor de densidad el\u00e9ctrica (EDG, por sus siglas en ingl\u00e9s) es una alternativa libre de armas nucleares para determinar la humedad y la densidad de los suelos compactados utilizados en cimientos y cimientos de carreteras.\u00a0El EDG es un instrumento port\u00e1til que funciona con bater\u00edas y que se puede usar en cualquier lugar sin las preocupaciones y regulaciones asociadas con la seguridad nuclear.<\/p>\n","protected":false},"featured_media":2924,"comment_status":"closed","ping_status":"closed","template":"","meta":{"_et_pb_use_builder":"","_et_pb_old_content":"","_et_gb_content_width":"","_joinchat":[]},"product_brand":[],"product_cat":[70],"product_tag":[44],"class_list":{"0":"post-2912","1":"product","2":"type-product","3":"status-publish","4":"has-post-thumbnail","6":"product_cat-suelos","7":"product_tag-humboldt","9":"first","10":"instock","11":"shipping-taxable","12":"product-type-simple"},"_links":{"self":[{"href":"http:\/\/embrion.com.py\/fisc\/wp-json\/wp\/v2\/product\/2912","targetHints":{"allow":["GET"]}}],"collection":[{"href":"http:\/\/embrion.com.py\/fisc\/wp-json\/wp\/v2\/product"}],"about":[{"href":"http:\/\/embrion.com.py\/fisc\/wp-json\/wp\/v2\/types\/product"}],"replies":[{"embeddable":true,"href":"http:\/\/embrion.com.py\/fisc\/wp-json\/wp\/v2\/comments?post=2912"}],"wp:featuredmedia":[{"embeddable":true,"href":"http:\/\/embrion.com.py\/fisc\/wp-json\/wp\/v2\/media\/2924"}],"wp:attachment":[{"href":"http:\/\/embrion.com.py\/fisc\/wp-json\/wp\/v2\/media?parent=2912"}],"wp:term":[{"taxonomy":"product_brand","embeddable":true,"href":"http:\/\/embrion.com.py\/fisc\/wp-json\/wp\/v2\/product_brand?post=2912"},{"taxonomy":"product_cat","embeddable":true,"href":"http:\/\/embrion.com.py\/fisc\/wp-json\/wp\/v2\/product_cat?post=2912"},{"taxonomy":"product_tag","embeddable":true,"href":"http:\/\/embrion.com.py\/fisc\/wp-json\/wp\/v2\/product_tag?post=2912"}],"curies":[{"name":"wp","href":"https:\/\/api.w.org\/{rel}","templated":true}]}}