{"id":2911,"date":"2022-12-19T19:30:52","date_gmt":"2022-12-19T19:30:52","guid":{"rendered":"https:\/\/fisc.webparaguay.com\/?post_type=product&#038;p=2911"},"modified":"2024-04-08T15:59:03","modified_gmt":"2024-04-08T19:59:03","slug":"mini-secador-por-aspersion-b-290","status":"publish","type":"product","link":"http:\/\/embrion.com.py\/fisc\/producto\/spray-dryer\/mini-secador-por-aspersion-b-290\/","title":{"rendered":"Mini Secador por Aspersi\u00f3n S-300"},"content":{"rendered":"<p><strong>Beneficios y ventajas\u00a0<\/strong><\/p>\n<ul>\n<li data-leveltext=\"\uf0b7\" data-font=\"Symbol\" data-listid=\"13\" data-list-defn-props=\"{&quot;335552541&quot;:1,&quot;335559684&quot;:-2,&quot;335559685&quot;:720,&quot;335559991&quot;:360,&quot;469769226&quot;:&quot;Symbol&quot;,&quot;469769242&quot;:[8226],&quot;469777803&quot;:&quot;left&quot;,&quot;469777804&quot;:&quot;\uf0b7&quot;,&quot;469777815&quot;:&quot;hybridMultilevel&quot;}\" aria-setsize=\"-1\" data-aria-posinset=\"3\" data-aria-level=\"1\"><span data-contrast=\"auto\">Ahorro sustancial de tiempo con el modo autom\u00e1tico: El modo autom\u00e1tico le permite programar el Mini Spray Dryer S-300 Avanzado y procesar su m\u00e9todo autom\u00e1ticamente.<\/span><span data-ccp-props=\"{&quot;201341983&quot;:0,&quot;335559739&quot;:160,&quot;335559740&quot;:259,&quot;469777462&quot;:[2445],&quot;469777927&quot;:[0],&quot;469777928&quot;:[1]}\">\u00a0<\/span><\/li>\n<li data-leveltext=\"\uf0b7\" data-font=\"Symbol\" data-listid=\"13\" data-list-defn-props=\"{&quot;335552541&quot;:1,&quot;335559684&quot;:-2,&quot;335559685&quot;:720,&quot;335559991&quot;:360,&quot;469769226&quot;:&quot;Symbol&quot;,&quot;469769242&quot;:[8226],&quot;469777803&quot;:&quot;left&quot;,&quot;469777804&quot;:&quot;\uf0b7&quot;,&quot;469777815&quot;:&quot;hybridMultilevel&quot;}\" aria-setsize=\"-1\" data-aria-posinset=\"4\" data-aria-level=\"1\"><span data-contrast=\"auto\">Mayor regulaci\u00f3n y reproducibilidad del proceso: Todos los par\u00e1metros del Mini Spray Dryer S-300, como el gas de aspersi\u00f3n, el gas de secado y la velocidad de la bomba, se proporcionan en valores SI y son regulados autom\u00e1ticamente por el sistema. Estas caracter\u00edsticas maximizan la reproducibilidad de su proceso.<\/span><span data-ccp-props=\"{&quot;201341983&quot;:0,&quot;335559739&quot;:160,&quot;335559740&quot;:259,&quot;469777462&quot;:[2445],&quot;469777927&quot;:[0],&quot;469777928&quot;:[1]}\">\u00a0<\/span><\/li>\n<\/ul>\n<ul>\n<li data-leveltext=\"\uf0b7\" data-font=\"Symbol\" data-listid=\"13\" data-list-defn-props=\"{&quot;335552541&quot;:1,&quot;335559684&quot;:-2,&quot;335559685&quot;:720,&quot;335559991&quot;:360,&quot;469769226&quot;:&quot;Symbol&quot;,&quot;469769242&quot;:[8226],&quot;469777803&quot;:&quot;left&quot;,&quot;469777804&quot;:&quot;\uf0b7&quot;,&quot;469777815&quot;:&quot;hybridMultilevel&quot;}\" aria-setsize=\"-1\" data-aria-posinset=\"1\" data-aria-level=\"1\"><span data-contrast=\"auto\">M\u00e1xima flexibilidad con posibilidades de control remoto: Controle o supervise el Mini Spray Dryer S-300 desde cualquier lugar y en cualquier momento. La aplicaci\u00f3n en cualquier dispositivo m\u00f3vil u ordenador le permite acceder a toda la interfase de usuario del sistema. Con las opciones de control remoto, se obtiene una gesti\u00f3n flexible del tiempo y tiempos de reacci\u00f3n r\u00e1pidos a las alteraciones del proceso.\u00a0<\/span><span data-ccp-props=\"{&quot;201341983&quot;:0,&quot;335559739&quot;:160,&quot;335559740&quot;:259,&quot;469777462&quot;:[2445],&quot;469777927&quot;:[0],&quot;469777928&quot;:[1]}\">\u00a0<\/span><\/li>\n<li data-leveltext=\"\uf0b7\" data-font=\"Symbol\" data-listid=\"13\" data-list-defn-props=\"{&quot;335552541&quot;:1,&quot;335559684&quot;:-2,&quot;335559685&quot;:720,&quot;335559991&quot;:360,&quot;469769226&quot;:&quot;Symbol&quot;,&quot;469769242&quot;:[8226],&quot;469777803&quot;:&quot;left&quot;,&quot;469777804&quot;:&quot;\uf0b7&quot;,&quot;469777815&quot;:&quot;hybridMultilevel&quot;}\" aria-setsize=\"-1\" data-aria-posinset=\"2\" data-aria-level=\"1\"><span data-contrast=\"auto\">Manejo sencillo con programaci\u00f3n de m\u00e9todos: Ahorre tiempo y molestias guardando sus procesos como m\u00e9todos y repiti\u00e9ndolos m\u00e1s tarde. Tambi\u00e9n puede programar una cola de muestras para que procese una muestra tras otra en su Mini Spray Dryer S-300 para una mayor comodidad.<\/span><span data-ccp-props=\"{&quot;201341983&quot;:0,&quot;335559739&quot;:160,&quot;335559740&quot;:259,&quot;469777462&quot;:[2445],&quot;469777927&quot;:[0],&quot;469777928&quot;:[1]}\">\u00a0<\/span><\/li>\n<li data-leveltext=\"\uf0b7\" data-font=\"Symbol\" data-listid=\"13\" data-list-defn-props=\"{&quot;335552541&quot;:1,&quot;335559684&quot;:-2,&quot;335559685&quot;:720,&quot;335559991&quot;:360,&quot;469769226&quot;:&quot;Symbol&quot;,&quot;469769242&quot;:[8226],&quot;469777803&quot;:&quot;left&quot;,&quot;469777804&quot;:&quot;\uf0b7&quot;,&quot;469777815&quot;:&quot;hybridMultilevel&quot;}\" aria-setsize=\"-1\" data-aria-posinset=\"3\" data-aria-level=\"1\"><span data-contrast=\"auto\">Mejora de la reproducibilidad mediante el dise\u00f1o del sistema: Consiga una alta reproducibilidad de los datos gracias a un instrumento fabricado con material de la m\u00e1s alta calidad combinado con una experiencia de d\u00e9cadas en instrumentos de spray drying. El Mini Spray Dryer S-300 est\u00e1 fabricado con el cristal m\u00e1s preciso y estable y tiene una boquilla extremadamente duradera de acero inoxidable con un refuerzo de rub\u00ed.<\/span><span data-ccp-props=\"{&quot;201341983&quot;:0,&quot;335559739&quot;:160,&quot;335559740&quot;:259,&quot;469777462&quot;:[2445],&quot;469777927&quot;:[0],&quot;469777928&quot;:[1]}\">\u00a0<\/span><\/li>\n<\/ul>\n<p><strong>Aplicaci\u00f3n<\/strong><\/p>\n<ul>\n<li>Industria Farmac\u00e9utica: principios activos farmac\u00e9uticos, administraci\u00f3n de f\u00e1rmacos, vacunas, f\u00e1rmacos inhalables, enmascaramiento del sabor<\/li>\n<li>Qu\u00edmicas \/ Materiales: nanotecnolog\u00eda, catalizadores, pilas de combustible, bater\u00edas, acumuladores, cer\u00e1micas, absorbentes UV, pigmentos y recubrimientos<\/li>\n<li>Alimentaci\u00f3n \/ Bebidas: encapsulaci\u00f3n de aditivos, liberaci\u00f3n controlada, nutrac\u00e9uticos, alimentos funcionales, sabores, vitaminas, prote\u00ednas, bacterias probi\u00f3ticas, concentrados de zumo, leche en polvo<\/li>\n<li>Piensos: encapsulaci\u00f3n de aditivos, sabores, vitaminas, prote\u00ednas, bacterias probi\u00f3ticas, liberaci\u00f3n controlada<\/li>\n<li>Sector acad\u00e9mico: para una amplia gama de aplicaciones en la formaci\u00f3n acad\u00e9mica: Gama completa de aplicaciones de secado por pulverizaci\u00f3n.<\/li>\n<li>Otras: encapsulaci\u00f3n de c\u00e9lulas, bacterias y prote\u00ednas, trasplante de c\u00e9lulas, biotransformaci\u00f3n, cosm\u00e9ticos, fragancias, aplicaciones medioambientales.<\/li>\n<\/ul>\n","protected":false},"excerpt":{"rendered":"<p><span class=\"TextRun SCXW83781457 BCX8\" lang=\"ES-MX\" xml:lang=\"ES-MX\" data-contrast=\"auto\"><span class=\"NormalTextRun SCXW83781457 BCX8\">La nueva generaci\u00f3n de spray <\/span><span class=\"NormalTextRun SpellingErrorV2Themed SCXW83781457 BCX8\">dryer<\/span><span class=\"NormalTextRun SCXW83781457 BCX8\"> de laboratorio<\/span><span class=\"NormalTextRun SCXW83781457 BCX8\">. <\/span><span class=\"NormalTextRun SCXW83781457 BCX8\">Con el Mini Spray <\/span><span class=\"NormalTextRun SpellingErrorV2Themed SCXW83781457 BCX8\">Dryer<\/span><span class=\"NormalTextRun SCXW83781457 BCX8\"> S-300, BUCHI consolida su posici\u00f3n como l\u00edder internacional del mercado durante m\u00e1s de 40 a\u00f1os. El spray <\/span><span class=\"NormalTextRun SpellingErrorV2Themed SCXW83781457 BCX8\">dryer<\/span><span class=\"NormalTextRun SCXW83781457 BCX8\"> de laboratorio combina un excepcional dise\u00f1o del producto con unas funciones \u00fanicas del instrumento para ofrecer una experiencia excelente al usuario.<\/span><\/span><span class=\"EOP SCXW83781457 BCX8\" data-ccp-props=\"{&quot;201341983&quot;:0,&quot;335559739&quot;:160,&quot;335559740&quot;:259,&quot;469777462&quot;:[2445],&quot;469777927&quot;:[0],&quot;469777928&quot;:[1]}\">\u00a0<\/span><\/p>\n","protected":false},"featured_media":3981,"comment_status":"closed","ping_status":"closed","template":"","meta":{"_et_pb_use_builder":"","_et_pb_old_content":"","_et_gb_content_width":"","_joinchat":[]},"product_brand":[],"product_cat":[69,68],"product_tag":[19],"class_list":{"0":"post-2911","1":"product","2":"type-product","3":"status-publish","4":"has-post-thumbnail","6":"product_cat-secado-por-aspersion","7":"product_cat-spray-dryer","8":"product_tag-buchi","10":"first","11":"instock","12":"shipping-taxable","13":"product-type-simple"},"_links":{"self":[{"href":"http:\/\/embrion.com.py\/fisc\/wp-json\/wp\/v2\/product\/2911","targetHints":{"allow":["GET"]}}],"collection":[{"href":"http:\/\/embrion.com.py\/fisc\/wp-json\/wp\/v2\/product"}],"about":[{"href":"http:\/\/embrion.com.py\/fisc\/wp-json\/wp\/v2\/types\/product"}],"replies":[{"embeddable":true,"href":"http:\/\/embrion.com.py\/fisc\/wp-json\/wp\/v2\/comments?post=2911"}],"wp:featuredmedia":[{"embeddable":true,"href":"http:\/\/embrion.com.py\/fisc\/wp-json\/wp\/v2\/media\/3981"}],"wp:attachment":[{"href":"http:\/\/embrion.com.py\/fisc\/wp-json\/wp\/v2\/media?parent=2911"}],"wp:term":[{"taxonomy":"product_brand","embeddable":true,"href":"http:\/\/embrion.com.py\/fisc\/wp-json\/wp\/v2\/product_brand?post=2911"},{"taxonomy":"product_cat","embeddable":true,"href":"http:\/\/embrion.com.py\/fisc\/wp-json\/wp\/v2\/product_cat?post=2911"},{"taxonomy":"product_tag","embeddable":true,"href":"http:\/\/embrion.com.py\/fisc\/wp-json\/wp\/v2\/product_tag?post=2911"}],"curies":[{"name":"wp","href":"https:\/\/api.w.org\/{rel}","templated":true}]}}