{"id":2910,"date":"2022-12-19T19:30:51","date_gmt":"2022-12-19T19:30:51","guid":{"rendered":"https:\/\/fisc.webparaguay.com\/?post_type=product&#038;p=2910"},"modified":"2024-04-08T16:03:43","modified_gmt":"2024-04-08T20:03:43","slug":"nano-secador-por-aspersion-b-90-hp","status":"publish","type":"product","link":"http:\/\/embrion.com.py\/fisc\/producto\/spray-dryer\/nano-secador-por-aspersion-b-90-hp\/","title":{"rendered":"Nano Secador por aspersi\u00f3n B-90 HP"},"content":{"rendered":"<ul>\n<li>Consumo de energ\u00eda m\u00e1x. 1500 W<\/li>\n<li>Voltaje de conexi\u00f3n 100-240 VAC \u00b1 10%<\/li>\n<li>Fusible de entrada 12 A<\/li>\n<li>Frecuencia 50\/60 Hz<\/li>\n<li>Capacidad de calefacci\u00f3n 1400 W<\/li>\n<li>Max. entrada de temperatura 120 \u00b0 C<\/li>\n<li>Capacidad de evaporaci\u00f3n 0,2 L \/ h H2O (mayor para disolventes org\u00e1nicos)<\/li>\n<li>Caudal de gas de secado 80-160 L \/ min<\/li>\n<li>Presi\u00f3n de entrada de gas de aire, N2, CO2 m\u00e1x. 2 bares<\/li>\n<li>Nebulizador peque\u00f1o, mediano, grande<\/li>\n<li>Rango medio de tama\u00f1o de gota 3-15 \u03bcm MMD<\/li>\n<li>Rango de di\u00e1metro de part\u00edcula posible 200 nm &#8211; 5 \u03bcm<\/li>\n<li>Frecuencia de pulverizaci\u00f3n 80 &#8211; 140 kHz<\/li>\n<\/ul>\n<p><strong>Beneficios y ventajas\u00a0<\/strong><\/p>\n<ul>\n<li>Producci\u00f3n controlada y segura de part\u00edculas peque\u00f1as (0,2 \u2013 5 \u00b5m)<\/li>\n<li>Aumento del \u00e1rea de contacto con la superficie gracias a la reducci\u00f3n del tama\u00f1o de part\u00edculas<\/li>\n<li>Preservaci\u00f3n de la actividad molecular gracias a las suaves condiciones del proceso<\/li>\n<li>Cabezal de pulverizaci\u00f3n de 2\u00aa generaci\u00f3n para una mejora de la productividad y el manejo<\/li>\n<li>Sistema de flujo patentado para conseguir una evaporaci\u00f3n del disolvente suave y con recuperaciones altas<\/li>\n<li>Modo de parada autom\u00e1tico para evitar que la m\u00e1quina funcione sin contenido<\/li>\n<li>Procesamiento de vol\u00famenes muy peque\u00f1os de muestra (&lt; 2 mL) de gran rapidez<\/li>\n<li>Baja p\u00e9rdida de productos gracias a la recuperaci\u00f3n eficiente de part\u00edculas<\/li>\n<li>Acceso sencillo a la base de datos de aplicaciones y a la ayuda t\u00e9cnica<\/li>\n<\/ul>\n<p><strong>Aplicaci\u00f3n<\/strong><\/p>\n<ul>\n<li>Industria Farmac\u00e9utica: principios activos farmac\u00e9uticos, administraci\u00f3n de f\u00e1rmacos, vacunas, f\u00e1rmacos inhalables, enmascaramiento del sabor<\/li>\n<li>Qu\u00edmicas \/ Materiales: nanotecnolog\u00eda, catalizadores, pilas de combustible, bater\u00edas, acumuladores, cer\u00e1micas, absorbentes UV, pigmentos y recubrimientos<\/li>\n<li>Alimentaci\u00f3n \/ Bebidas: encapsulaci\u00f3n de aditivos, liberaci\u00f3n controlada, nutrac\u00e9uticos, alimentos funcionales, sabores, vitaminas, prote\u00ednas, bacterias probi\u00f3ticas, concentrados de zumo, leche en polvo<\/li>\n<li>Piensos: encapsulaci\u00f3n de aditivos, sabores, vitaminas, prote\u00ednas, bacterias probi\u00f3ticas, liberaci\u00f3n controlada<\/li>\n<li>Sector acad\u00e9mico: para una amplia gama de aplicaciones en la formaci\u00f3n acad\u00e9mica: Gama completa de aplicaciones de secado por pulverizaci\u00f3n.<\/li>\n<li>Otras: encapsulaci\u00f3n de c\u00e9lulas, bacterias y prote\u00ednas, trasplante de c\u00e9lulas, biotransformaci\u00f3n, cosm\u00e9ticos, fragancias, aplicaciones medioambientales<\/li>\n<\/ul>\n<p>&nbsp;<\/p>\n<p>&nbsp;<\/p>\n","protected":false},"excerpt":{"rendered":"<p>Las cantidades m\u00e1s peque\u00f1as de muestras pueden procesarse gracias al nuevo Nano Secador por aspersi\u00f3n B-90 HP en part\u00edculas submicr\u00f3nicas con m\u00ednimas p\u00e9rdidas de producto.<\/p>\n","protected":false},"featured_media":3947,"comment_status":"closed","ping_status":"closed","template":"","meta":{"_et_pb_use_builder":"","_et_pb_old_content":"","_et_gb_content_width":"","_joinchat":[]},"product_brand":[],"product_cat":[68],"product_tag":[19],"class_list":{"0":"post-2910","1":"product","2":"type-product","3":"status-publish","4":"has-post-thumbnail","6":"product_cat-spray-dryer","7":"product_tag-buchi","9":"first","10":"instock","11":"shipping-taxable","12":"product-type-simple"},"_links":{"self":[{"href":"http:\/\/embrion.com.py\/fisc\/wp-json\/wp\/v2\/product\/2910","targetHints":{"allow":["GET"]}}],"collection":[{"href":"http:\/\/embrion.com.py\/fisc\/wp-json\/wp\/v2\/product"}],"about":[{"href":"http:\/\/embrion.com.py\/fisc\/wp-json\/wp\/v2\/types\/product"}],"replies":[{"embeddable":true,"href":"http:\/\/embrion.com.py\/fisc\/wp-json\/wp\/v2\/comments?post=2910"}],"wp:featuredmedia":[{"embeddable":true,"href":"http:\/\/embrion.com.py\/fisc\/wp-json\/wp\/v2\/media\/3947"}],"wp:attachment":[{"href":"http:\/\/embrion.com.py\/fisc\/wp-json\/wp\/v2\/media?parent=2910"}],"wp:term":[{"taxonomy":"product_brand","embeddable":true,"href":"http:\/\/embrion.com.py\/fisc\/wp-json\/wp\/v2\/product_brand?post=2910"},{"taxonomy":"product_cat","embeddable":true,"href":"http:\/\/embrion.com.py\/fisc\/wp-json\/wp\/v2\/product_cat?post=2910"},{"taxonomy":"product_tag","embeddable":true,"href":"http:\/\/embrion.com.py\/fisc\/wp-json\/wp\/v2\/product_tag?post=2910"}],"curies":[{"name":"wp","href":"https:\/\/api.w.org\/{rel}","templated":true}]}}