{"id":2908,"date":"2022-12-19T19:30:44","date_gmt":"2022-12-19T19:30:44","guid":{"rendered":"https:\/\/fisc.webparaguay.com\/?post_type=product&#038;p=2908"},"modified":"2024-04-08T16:17:43","modified_gmt":"2024-04-08T20:17:43","slug":"rotavapor-r-220-ex","status":"publish","type":"product","link":"http:\/\/embrion.com.py\/fisc\/producto\/industrial\/rotavapor-r-220-ex\/","title":{"rendered":"Rotavapor\u00ae R-220 EX"},"content":{"rendered":"<ul>\n<li>Su socio para la protecci\u00f3n EX: una colaboraci\u00f3n intensiva con expertos externos asegura que Rotavapor\u00ae cumple con las normativas m\u00e1s recientes.<\/li>\n<li>La configuraci\u00f3n perfecta: gracias a la gran diversidad de m\u00f3dulos de vidrio disponibles, podemos ofrecer la soluci\u00f3n perfecta para una destilaci\u00f3n eficiente y suave de su producto<\/li>\n<li>Materiales de alta calidad: el uso de materiales inertes de gran calidad garantiza un funcionamiento duradero y protege las sustancias<\/li>\n<li>Funcionamiento continuo: su dise\u00f1o robusto y el uso de materiales de primera calidad permiten un funcionamiento prolongado incluso en condiciones de producci\u00f3n duras y garantiza una larga vida \u00fatil del producto<\/li>\n<li>Alto rendimiento: puesto que conseguir un alto rendimiento es importante, ofrecemos velocidades de destilaci\u00f3n de hasta 13,5 L de etanol por hora<\/li>\n<li>Simplicidad y facilidad de manejo: sus controles f\u00e1ciles e intuitivos aseguran un proceso seguro y exento de problemas. El soporte de matraces opcional garantiza que una sola persona lo pueda manejar de forma segura, incluso con un matraz de 50 L.<\/li>\n<\/ul>\n<p><strong>Beneficios y ventajas\u00a0<\/strong><\/p>\n<ul>\n<li>Certificaci\u00f3n ATEX para un nivel de seguridad m\u00e1ximo<\/li>\n<li>Apagado inmediato gracias a su sistema interruptor de seguridad<\/li>\n<li>Una gran diversidad de accesorios permite ampliar sus funciones y grado de seguridad<\/li>\n<li>Bomba de vac\u00edo protegida contra explosiones opcional<\/li>\n<li>Dise\u00f1ada para un funcionamiento seguro en entornos adversos<\/li>\n<li>Su manejo seguro y las v\u00e1lvulas accionadas por resorte protegen el vidrio<\/li>\n<li>Manejo intuitivo del Rotavapor\u00ae y su controlador de vac\u00edo integrado<\/li>\n<li>Excelente manejo gracias a la facilidad de lectura del indicador<\/li>\n<li>El acoplamiento \u00fanico del matraz facilita su manipulaci\u00f3n<\/li>\n<li>Larga vida \u00fatil gracias al uso exclusivo de acero inoxidable resistente a la corrosi\u00f3n<\/li>\n<li>Bajo mantenimiento gracias al uso de materiales con un alto grado de resistencia a las sustancias qu\u00edmicas<\/li>\n<li>Funcionamiento exento de problemas gracias a sus robustas v\u00e1lvulas industriales<\/li>\n<\/ul>\n<p><strong>Aplicaci\u00f3n<\/strong><\/p>\n<ul>\n<li><strong>Industria Qu\u00edmica:<\/strong> en la industria qu\u00edmica se pueden realizar una amplia gama de aplicaciones con un Rotavapor\u00ae industrial: Concentraci\u00f3n, Secado, Reciclado de disolventes.<\/li>\n<li><strong>Industria Farmac\u00e9utica:<\/strong> la industria farmac\u00e9utica tiene la necesidad de disponer de una soluci\u00f3n de evaporaci\u00f3n que cubra una amplia gama de aplicaciones. El evaporador rotatorio es la mejor opci\u00f3n para la evaporaci\u00f3n suave: Concentraci\u00f3n, Secado, Recristalizaci\u00f3n, S\u00edntesis<\/li>\n<\/ul>\n","protected":false},"excerpt":{"rendered":"<p>El Rotavapor\u00ae R-220 EX es la versi\u00f3n con clasificaci\u00f3n EX del Rotavapor\u00ae R-220 SE y cumple con los altos requisitos de las regulaciones ATEX. Est\u00e1 dise\u00f1ado para un funcionamiento f\u00e1cil y seguro combinado con un alto rendimiento.<\/p>\n","protected":false},"featured_media":2920,"comment_status":"closed","ping_status":"closed","template":"","meta":{"_et_pb_use_builder":"","_et_pb_old_content":"","_et_gb_content_width":"","_joinchat":[]},"product_brand":[],"product_cat":[66,67],"product_tag":[19],"class_list":{"0":"post-2908","1":"product","2":"type-product","3":"status-publish","4":"has-post-thumbnail","6":"product_cat-industrial","7":"product_cat-rotavapores","8":"product_tag-buchi","10":"first","11":"instock","12":"shipping-taxable","13":"product-type-simple"},"_links":{"self":[{"href":"http:\/\/embrion.com.py\/fisc\/wp-json\/wp\/v2\/product\/2908","targetHints":{"allow":["GET"]}}],"collection":[{"href":"http:\/\/embrion.com.py\/fisc\/wp-json\/wp\/v2\/product"}],"about":[{"href":"http:\/\/embrion.com.py\/fisc\/wp-json\/wp\/v2\/types\/product"}],"replies":[{"embeddable":true,"href":"http:\/\/embrion.com.py\/fisc\/wp-json\/wp\/v2\/comments?post=2908"}],"wp:featuredmedia":[{"embeddable":true,"href":"http:\/\/embrion.com.py\/fisc\/wp-json\/wp\/v2\/media\/2920"}],"wp:attachment":[{"href":"http:\/\/embrion.com.py\/fisc\/wp-json\/wp\/v2\/media?parent=2908"}],"wp:term":[{"taxonomy":"product_brand","embeddable":true,"href":"http:\/\/embrion.com.py\/fisc\/wp-json\/wp\/v2\/product_brand?post=2908"},{"taxonomy":"product_cat","embeddable":true,"href":"http:\/\/embrion.com.py\/fisc\/wp-json\/wp\/v2\/product_cat?post=2908"},{"taxonomy":"product_tag","embeddable":true,"href":"http:\/\/embrion.com.py\/fisc\/wp-json\/wp\/v2\/product_tag?post=2908"}],"curies":[{"name":"wp","href":"https:\/\/api.w.org\/{rel}","templated":true}]}}