{"id":2906,"date":"2022-12-19T19:30:35","date_gmt":"2022-12-19T19:30:35","guid":{"rendered":"https:\/\/fisc.webparaguay.com\/?post_type=product&#038;p=2906"},"modified":"2024-07-26T21:46:25","modified_gmt":"2024-07-27T01:46:25","slug":"fatextractor-e-500","status":"publish","type":"product","link":"http:\/\/embrion.com.py\/fisc\/producto\/soxhlet\/fatextractor-e-500\/","title":{"rendered":"FatExtractor E-500"},"content":{"rendered":"<ul>\n<li><strong>M\u00f3dulo de vidrio intercambiable<br \/>\n<\/strong>Con solo cambiar el m\u00f3dulo de vidrio, el FatExtractor E-500 cumple los requisitos de los m\u00e9todos est\u00e1ndar como Soxhlet, extracci\u00f3n en caliente (HE) o Twisselmann (ECE).<\/li>\n<li><strong>Reutilizaci\u00f3n del disolvente<br \/>\n<\/strong>El disolvente reci\u00e9n destilado se recoge en un recipiente de acceso y retirada r\u00e1pidos. Lleve a cabo procesos de extracci\u00f3n respetuosos con el medioambiente y ahorre dinero. El innovador sistema de sellado Z del reborde garantiza una emisi\u00f3n m\u00ednima de disolvente.<\/li>\n<li><strong>Adaptaci\u00f3n al tama\u00f1o de la muestra<br \/>\n<\/strong>En la versi\u00f3n LSV de la extracci\u00f3n Soxhlet, los m\u00f3dulos de vidrio principales se ampl\u00edan hasta un 60 %, tal y como se requiere para la extracci\u00f3n directa de muestras con bajo contenido en grasa.<\/li>\n<li><strong>Sensores de niveles individuales<br \/>\n<\/strong>Disfrute del mejor plazo de entrega de los ciclos Soxhlet ajustando el sensor de detecci\u00f3n al volumen de la muestra. Aumente considerablemente la eficiencia de la extracci\u00f3n y el rendimiento diario de las muestras.<\/li>\n<\/ul>\n<p><strong>Beneficios y Ventajas<\/strong><\/p>\n<ul>\n<li><strong>Aut\u00e9ntica extracci\u00f3n Soxhlet<\/strong><br \/>\nLa extracci\u00f3n Soxhlet es un procedimiento exhaustivo y s\u00f3lido, y sigue siendo el m\u00e9todo de uso m\u00e1s extendido y solicitado por las normativas para muchas matrices de muestra. Ofrecemos una aut\u00e9ntica extracci\u00f3n Soxhlet r\u00e1pida y conforme con la normativa con el rentable FatExtractor E-500. Este m\u00e9todo no requiere prolongados procesos de validaci\u00f3n de otros m\u00e9todos de extracci\u00f3n que se desv\u00edan de la norma, y a la vez garantiza el rendimiento anal\u00edtico m\u00e1s preciso posible. Como es tan fiable, la extracci\u00f3n Soxhlet se usa tambi\u00e9n como m\u00e9todo de referencia para las calibraciones NIR.<\/li>\n<li><strong>Extracci\u00f3n Soxhlet agilizada<\/strong><br \/>\nFatExtractor E-500 le ofrece una del tiempo de obtenci\u00f3n de resultados y rendimiento de las muestras por d\u00eda sin precedentes. \u00bfC\u00f3mo lo consigue? Los sensores \u00f3pticos, la potente unidad de calentamiento y el m\u00f3dulo de vidrio optimizado se combinan para reducir dr\u00e1sticamente sus tiempos de extracci\u00f3n. El proceso Soxhlet automatizado alcanza una velocidad que no pueden igualar los m\u00f3dulos de vidrio tradicionales.<\/li>\n<li><strong>Conjuntos de vidrio intercambiables (SOX-HE-ECE)<\/strong><br \/>\nIntercambie f\u00e1cilmente los m\u00f3dulos de vidrio que son compatibles con la extracci\u00f3n Soxhlet, Randall (HE) y Twisselmann (ECE) para disfrutar de una aut\u00e9ntica versatilidad. FatExtractor E-500 no se limita a un \u00fanico m\u00e9todo de extracci\u00f3n, pero se puede adaptar a sus necesidades cambiantes. Benef\u00edciese de unos tiempos de extracci\u00f3n reducidos y del consumo de disolventes m\u00e1s bajos sin precedentes durante la HE.<\/li>\n<\/ul>\n<p><strong>Aplicaci\u00f3n<\/strong><\/p>\n<ul>\n<li><strong>Extracci\u00f3n de grasas en muestras de alimentos\/piensos<\/strong>\n<ul>\n<li><strong>Alimentaci\u00f3n<\/strong><br \/>\nContenido de grasa total o bruta, l\u00edpidos (despu\u00e9s de hidr\u00f3lisis) \/ Contaminantes: alimentos, materiales en contacto con alimentos, procesamiento \/ Residuos: pesticidas, medicamentos veterinarios \/ Sabores y aromas<\/li>\n<li><strong>Piensos<\/strong><br \/>\nGrasa bruta, contenido total de grasas<\/li>\n<\/ul>\n<\/li>\n<\/ul>\n<p>&nbsp;<\/p>\n","protected":false},"excerpt":{"rendered":"<p>R\u00e1pido y cumpliendo con las normativas<br \/>\nFatExtractor E-500 se ha dise\u00f1ado para extraer grasas de manera r\u00e1pida y cumpliendo con las normativas. Ad\u00e1ptelo r\u00e1pidamente a diferentes necesidades con el m\u00f3dulo de vidrio intercambiable y lleve a cabo extracciones de acuerdo con los requisitos de Soxhlet, Randall o Twisselmann.<\/p>\n","protected":false},"featured_media":3944,"comment_status":"closed","ping_status":"closed","template":"","meta":{"_et_pb_use_builder":"","_et_pb_old_content":"","_et_gb_content_width":"","_joinchat":[]},"product_brand":[],"product_cat":[65],"product_tag":[19],"class_list":{"0":"post-2906","1":"product","2":"type-product","3":"status-publish","4":"has-post-thumbnail","6":"product_cat-soxhlet","7":"product_tag-buchi","9":"first","10":"instock","11":"shipping-taxable","12":"product-type-simple"},"_links":{"self":[{"href":"http:\/\/embrion.com.py\/fisc\/wp-json\/wp\/v2\/product\/2906","targetHints":{"allow":["GET"]}}],"collection":[{"href":"http:\/\/embrion.com.py\/fisc\/wp-json\/wp\/v2\/product"}],"about":[{"href":"http:\/\/embrion.com.py\/fisc\/wp-json\/wp\/v2\/types\/product"}],"replies":[{"embeddable":true,"href":"http:\/\/embrion.com.py\/fisc\/wp-json\/wp\/v2\/comments?post=2906"}],"wp:featuredmedia":[{"embeddable":true,"href":"http:\/\/embrion.com.py\/fisc\/wp-json\/wp\/v2\/media\/3944"}],"wp:attachment":[{"href":"http:\/\/embrion.com.py\/fisc\/wp-json\/wp\/v2\/media?parent=2906"}],"wp:term":[{"taxonomy":"product_brand","embeddable":true,"href":"http:\/\/embrion.com.py\/fisc\/wp-json\/wp\/v2\/product_brand?post=2906"},{"taxonomy":"product_cat","embeddable":true,"href":"http:\/\/embrion.com.py\/fisc\/wp-json\/wp\/v2\/product_cat?post=2906"},{"taxonomy":"product_tag","embeddable":true,"href":"http:\/\/embrion.com.py\/fisc\/wp-json\/wp\/v2\/product_tag?post=2906"}],"curies":[{"name":"wp","href":"https:\/\/api.w.org\/{rel}","templated":true}]}}