{"id":2858,"date":"2022-12-19T19:22:45","date_gmt":"2022-12-19T19:22:45","guid":{"rendered":"https:\/\/fisc.webparaguay.com\/?post_type=product&#038;p=2858"},"modified":"2024-07-26T20:29:53","modified_gmt":"2024-07-27T00:29:53","slug":"polarimetro-para-aplicaciones-estandar-p3000","status":"publish","type":"product","link":"http:\/\/embrion.com.py\/fisc\/producto\/polarimetros\/polarimetro-para-aplicaciones-estandar-p3000\/","title":{"rendered":"Polar\u00edmetro para aplicaciones est\u00e1ndar P3000"},"content":{"rendered":"<ul>\n<li>Pantalla t\u00e1ctil de 3,5&#8243; muy f\u00e1cil de operar<\/li>\n<li>Ajuste sencillo basado en men\u00fas<\/li>\n<li>Los valores medidos se muestran opcionalmente como un \u00e1ngulo \u00f3ptico de rotaci\u00f3n o en la escala internacional de az\u00facar<\/li>\n<li>Compensaci\u00f3n fiable de la temperatura<\/li>\n<li>Tubos de medici\u00f3n adecuados para cualquier tipo de muestra<\/li>\n<li>Medici\u00f3n hasta una densidad \u00f3ptica de 3,0 OD<\/li>\n<li>Tiempo de medici\u00f3n muy corto de aprox. 1 s<\/li>\n<li>Cumplimiento de las farmacopeas [USP, BP, JP, Ph. Eur. (en cada caso con control de temperatura)], GLP, ASTM, ICUMSA, NIST<\/li>\n<\/ul>\n<p><strong>Ventajas y beneficios<\/strong><\/p>\n<ul>\n<li>Operaci\u00f3n intuitiva<\/li>\n<li>Pantalla t\u00e1ctil de \u00faltima generaci\u00f3n<\/li>\n<li>Funcionamiento uniforme de todos los dispositivos de laboratorio A.KR\u00dcSS<\/li>\n<li>Muestra el valor medido en dos unidades de medida<\/li>\n<li>Botones de velocidad de libre asignaci\u00f3n para las funciones m\u00e1s importantes<\/li>\n<li>Ajuste guiado por men\u00fa f\u00e1cil de entender<\/li>\n<li>Se pueden seleccionar seis idiomas (de, en, es, fr, it, pt)<\/li>\n<li>Medici\u00f3n r\u00e1pida y confiable<\/li>\n<li>Medici\u00f3n de muestras incluso turbias o muy viscosas<\/li>\n<li>Medici\u00f3n con entrada de tiempo de medici\u00f3n manual o tiempo de medici\u00f3n optimizado gracias al reconocimiento autom\u00e1tico de estabilidad<\/li>\n<li>Varias medidas con promediado<\/li>\n<li>An\u00e1lisis estad\u00edstico<\/li>\n<li>F\u00e1cil llenado y limpieza<\/li>\n<li>Peque\u00f1o volumen de muestra aprox. 0,3 ml<\/li>\n<li>Suministro de muestras manual, semiautom\u00e1tico o completamente autom\u00e1tico<\/li>\n<li>Materiales resistentes a productos qu\u00edmicos como prisma de medici\u00f3n de zafiro, bandeja de medici\u00f3n de acero inoxidable<\/li>\n<li>Procesos de limpieza libremente configurables (para dispositivos con funciones de flujo continuo)<\/li>\n<li>Secado semiautom\u00e1tico o completamente autom\u00e1tico (opcional)<\/li>\n<li>N\u00famero ilimitado de m\u00e9todos<\/li>\n<li>Modos de medici\u00f3n: mediciones individuales, continuas o por intervalos<\/li>\n<li>Par\u00e1metros del m\u00e9todo como escalas, temperatura, compensaci\u00f3n de temperatura, suministro de muestra, valores l\u00edmite, comentarios<\/li>\n<li>Opci\u00f3n de alarma para monitorizar los valores l\u00edmite de est\u00e1ndares y muestras<\/li>\n<li>Escalas predefinidas como% Brix sacarosa,% Brix az\u00facar invertido,% Brix glucosa,% Brix fructosa<\/li>\n<li>M\u00e1s de 100 escalas adicionales disponibles bajo pedido<\/li>\n<li>Cualquier n\u00famero de escalas libremente definibles con conversiones basadas en tablas o f\u00f3rmulas como m%, Vol .-%, g \/ cm\u00b3, \u00b0 Oe, sustancia seca, salinidad y% BRIX<\/li>\n<li>Administraci\u00f3n de usuarios inteligente<\/li>\n<li>Puede activarse o desactivarse seg\u00fan sea necesario<\/li>\n<li>Diferentes niveles de autorizaci\u00f3n<\/li>\n<li>Configuraci\u00f3n de perfiles de usuario<\/li>\n<li>Configuraciones personalizadas para diferentes usuarios o grupos de trabajo<\/li>\n<li>Documentaci\u00f3n completa de los valores medidos<\/li>\n<li>Registra todos los datos medidos, as\u00ed como las selecciones de sistemas o m\u00e9todos en un almacenamiento de datos medidos a prueba de manipulaciones<\/li>\n<li>Pista de auditor\u00eda para registrar cambios en la configuraci\u00f3n<\/li>\n<li>Reportes de datos con logo propio<\/li>\n<\/ul>\n","protected":false},"excerpt":{"rendered":"<p><span class=\"TextRun SCXW98609365 BCX8\" lang=\"ES-MX\" xml:lang=\"ES-MX\" data-contrast=\"auto\"><span class=\"NormalTextRun SCXW98609365 BCX8\">El polar\u00edmetro P3000 es la soluci\u00f3n econ\u00f3mica para aplicaciones est\u00e1ndar para las que una precisi\u00f3n de medici\u00f3n de \u00b10,01\u00b0 es suficiente. Realiza sus tareas en el tiempo de medici\u00f3n r\u00e9cord de aprox. 1 s con el que est\u00e1 familiarizado gracias a nuestros polar\u00edmetros digitales.<\/span><\/span><span class=\"EOP SCXW98609365 BCX8\" data-ccp-props=\"{&quot;201341983&quot;:0,&quot;335559685&quot;:720,&quot;335559739&quot;:160,&quot;335559740&quot;:259,&quot;469777462&quot;:[2445],&quot;469777927&quot;:[0],&quot;469777928&quot;:[1]}\">\u00a0<\/span><\/p>\n","protected":false},"featured_media":3974,"comment_status":"open","ping_status":"closed","template":"","meta":{"_et_pb_use_builder":"","_et_pb_old_content":"","_et_gb_content_width":"","_joinchat":[]},"product_brand":[],"product_cat":[63],"product_tag":[39],"class_list":{"0":"post-2858","1":"product","2":"type-product","3":"status-publish","4":"has-post-thumbnail","6":"product_cat-polarimetros","7":"product_tag-a-kruss","9":"first","10":"instock","11":"shipping-taxable","12":"product-type-simple"},"_links":{"self":[{"href":"http:\/\/embrion.com.py\/fisc\/wp-json\/wp\/v2\/product\/2858","targetHints":{"allow":["GET"]}}],"collection":[{"href":"http:\/\/embrion.com.py\/fisc\/wp-json\/wp\/v2\/product"}],"about":[{"href":"http:\/\/embrion.com.py\/fisc\/wp-json\/wp\/v2\/types\/product"}],"replies":[{"embeddable":true,"href":"http:\/\/embrion.com.py\/fisc\/wp-json\/wp\/v2\/comments?post=2858"}],"wp:featuredmedia":[{"embeddable":true,"href":"http:\/\/embrion.com.py\/fisc\/wp-json\/wp\/v2\/media\/3974"}],"wp:attachment":[{"href":"http:\/\/embrion.com.py\/fisc\/wp-json\/wp\/v2\/media?parent=2858"}],"wp:term":[{"taxonomy":"product_brand","embeddable":true,"href":"http:\/\/embrion.com.py\/fisc\/wp-json\/wp\/v2\/product_brand?post=2858"},{"taxonomy":"product_cat","embeddable":true,"href":"http:\/\/embrion.com.py\/fisc\/wp-json\/wp\/v2\/product_cat?post=2858"},{"taxonomy":"product_tag","embeddable":true,"href":"http:\/\/embrion.com.py\/fisc\/wp-json\/wp\/v2\/product_tag?post=2858"}],"curies":[{"name":"wp","href":"https:\/\/api.w.org\/{rel}","templated":true}]}}