{"id":2851,"date":"2022-12-19T19:22:19","date_gmt":"2022-12-19T19:22:19","guid":{"rendered":"https:\/\/fisc.webparaguay.com\/?post_type=product&#038;p=2851"},"modified":"2024-07-26T20:33:32","modified_gmt":"2024-07-27T00:33:32","slug":"polarimetros-con-control-de-temperatura-peltier-p8000-p-y-p8100-p","status":"publish","type":"product","link":"http:\/\/embrion.com.py\/fisc\/producto\/polarimetros\/polarimetros-con-control-de-temperatura-peltier-p8000-p-y-p8100-p\/","title":{"rendered":"Polar\u00edmetros con control de temperatura Peltier P8000-P y P8100-P"},"content":{"rendered":"<ul>\n<li>Control preciso de la temperatura mediante la tecnolog\u00eda Peltier<\/li>\n<li>Mediciones de alta precisi\u00f3n a trav\u00e9s del control de temperatura sin un dispositivo adicional: esto es lo que ofrecen nuestros modelos de polar\u00edmetro P8000-P y P8100-P, que por lo dem\u00e1s tienen el mismo alcance funcional y las mismas caracter\u00edsticas que los otros dispositivos de la serie P8000. Se recomiendan si la temperatura de la muestra se va a controlar con extrema precisi\u00f3n en un per\u00edodo de tiempo muy corto y con un ciclo de control corto e independiente de la temperatura exterior.<\/li>\n<li>Medici\u00f3n de temperatura directamente dentro de la muestra<\/li>\n<li>Control de temperatura Peltier preciso, homog\u00e9neo y r\u00e1pido<\/li>\n<li>Tubo de medici\u00f3n resistente a los productos qu\u00edmicos e irrompible<\/li>\n<li>M\u00e1xima precisi\u00f3n en todo el rango de medici\u00f3n<\/li>\n<li>Tiempo de medici\u00f3n muy corto de aprox. 1 s<\/li>\n<li>Medici\u00f3n hasta una densidad \u00f3ptica de 3.0 OD<\/li>\n<li>Manejo intuitivo a trav\u00e9s de pantalla t\u00e1ctil<\/li>\n<li>Escalas predefinidas (opt. rotaci\u00f3n, especificaci\u00f3n. rotaci\u00f3n, int. escala de az\u00facar, concentraci\u00f3n)<\/li>\n<li>Cualquier n\u00famero de escalas libremente definibles con conversiones basadas en tablas o f\u00f3rmulas<\/li>\n<li>Materiales resistentes a los productos qu\u00edmicos<\/li>\n<li>Cumplimiento de GMP\/GLP, 21 CFR Parte 11, Pharmakop\u00f6en (USP, BP, JP, Ph. Eur.), FDA, ISO, HACCP, OIML, ASTM, ICUMSA, NIST<\/li>\n<li>N\u00famero ilimitado de m\u00e9todos<\/li>\n<li>Cree cualquier n\u00famero de m\u00e9todos y analice cada muestra utilizando los par\u00e1metros deseados<\/li>\n<li>Par\u00e1metros del m\u00e9todo: escalas, temperatura, compensaci\u00f3n de temperatura, suministro de muestras, longitud de onda, longitud del tubo, valores l\u00edmite, comentarios y muchos m\u00e1s<\/li>\n<li>Modos de medici\u00f3n: medici\u00f3n \u00fanica, continua o de intervalo<\/li>\n<li>Escalas predefinidas para rotaci\u00f3n \u00f3ptica, rotaci\u00f3n espec\u00edfica, contenido y concentraci\u00f3n de az\u00facar<\/li>\n<li>Cualquier n\u00famero de escalas libremente definibles con conversiones basadas en tablas o f\u00f3rmulas<\/li>\n<li>Administraci\u00f3n inteligente de usuarios<\/li>\n<li>Se puede activar o desactivar en funci\u00f3n de los requisitos<\/li>\n<li>Dos niveles de autorizaci\u00f3n<\/li>\n<li>Configuraci\u00f3n opcional de perfiles de usuario<\/li>\n<li>Configuraci\u00f3n personalizada para diferentes usuarios o grupos de trabajo<\/li>\n<li>Documentaci\u00f3n completa de los valores medidos<\/li>\n<li>Registro completo de todos los datos medidos, as\u00ed como de la configuraci\u00f3n del sistema y del m\u00e9todo en un almacenamiento de datos a prueba de manipulaciones<\/li>\n<li>Documentaci\u00f3n de todos los valores medidos de las \u00faltimas 999 mediciones con numeraci\u00f3n consecutiva<\/li>\n<\/ul>\n<p><strong>Aplicaciones t\u00edpicas<\/strong><\/p>\n<ul>\n<li>Determinaci\u00f3n de la concentraci\u00f3n de az\u00facar como ingrediente de agentes farmac\u00e9uticos<\/li>\n<li>Control de pureza y determinaci\u00f3n de contenido<\/li>\n<li>Determinaci\u00f3n de la composici\u00f3n estereoqu\u00edmica y mutarotaci\u00f3n<\/li>\n<li>Caracterizaci\u00f3n de nuevas sustancias sint\u00e9ticas<\/li>\n<li>Control de pureza y determinaci\u00f3n de concentraci\u00f3n<\/li>\n<li>Seguimiento de procesos qu\u00edmicos durante la producci\u00f3n de sustancias \u00f3pticamente activas<\/li>\n<li>Ensayos de caracterizaci\u00f3n en laboratorios de investigaci\u00f3n<\/li>\n<li>An\u00e1lisis cin\u00e9ticos de reacci\u00f3n<\/li>\n<\/ul>\n","protected":false},"excerpt":{"rendered":"<p>Los polar\u00edmetros A.KR\u00dcSS son los m\u00e1s r\u00e1pidos del mundo gracias al m\u00e9todo de medici\u00f3n patentado. Logran altas precisiones de medici\u00f3n, tienen una interfaz de usuario intuitiva, documentaci\u00f3n completa de valor medido y cumplimiento con est\u00e1ndares globales. Gracias a las muchas funcionalidades, los modelos P8000 son una inversi\u00f3n que vale la pena.<\/p>\n","protected":false},"featured_media":3976,"comment_status":"open","ping_status":"closed","template":"","meta":{"_et_pb_use_builder":"","_et_pb_old_content":"","_et_gb_content_width":"","_joinchat":[]},"product_brand":[],"product_cat":[63],"product_tag":[39],"class_list":{"0":"post-2851","1":"product","2":"type-product","3":"status-publish","4":"has-post-thumbnail","6":"product_cat-polarimetros","7":"product_tag-a-kruss","9":"first","10":"instock","11":"shipping-taxable","12":"product-type-simple"},"_links":{"self":[{"href":"http:\/\/embrion.com.py\/fisc\/wp-json\/wp\/v2\/product\/2851","targetHints":{"allow":["GET"]}}],"collection":[{"href":"http:\/\/embrion.com.py\/fisc\/wp-json\/wp\/v2\/product"}],"about":[{"href":"http:\/\/embrion.com.py\/fisc\/wp-json\/wp\/v2\/types\/product"}],"replies":[{"embeddable":true,"href":"http:\/\/embrion.com.py\/fisc\/wp-json\/wp\/v2\/comments?post=2851"}],"wp:featuredmedia":[{"embeddable":true,"href":"http:\/\/embrion.com.py\/fisc\/wp-json\/wp\/v2\/media\/3976"}],"wp:attachment":[{"href":"http:\/\/embrion.com.py\/fisc\/wp-json\/wp\/v2\/media?parent=2851"}],"wp:term":[{"taxonomy":"product_brand","embeddable":true,"href":"http:\/\/embrion.com.py\/fisc\/wp-json\/wp\/v2\/product_brand?post=2851"},{"taxonomy":"product_cat","embeddable":true,"href":"http:\/\/embrion.com.py\/fisc\/wp-json\/wp\/v2\/product_cat?post=2851"},{"taxonomy":"product_tag","embeddable":true,"href":"http:\/\/embrion.com.py\/fisc\/wp-json\/wp\/v2\/product_tag?post=2851"}],"curies":[{"name":"wp","href":"https:\/\/api.w.org\/{rel}","templated":true}]}}