{"id":2850,"date":"2022-12-19T19:22:19","date_gmt":"2022-12-19T19:22:19","guid":{"rendered":"https:\/\/fisc.webparaguay.com\/?post_type=product&#038;p=2850"},"modified":"2024-07-26T19:45:10","modified_gmt":"2024-07-26T23:45:10","slug":"refractometros-de-mano-series-hr-hrnd-hrb92-t-hrb32-t-y-hrh30-t-hrb18-t","status":"publish","type":"product","link":"http:\/\/embrion.com.py\/fisc\/producto\/refractometros\/refractometros-de-mano-series-hr-hrnd-hrb92-t-hrb32-t-y-hrh30-t-hrb18-t\/","title":{"rendered":"Refract\u00f3metros de mano Series HR HRND &#8211; HRB92-T &#8211; HRB32-T y HRH30-T &#8211; HRB18-T"},"content":{"rendered":"<p>Los dispositivos difieren principalmente en las escalas seleccionables, por ejemplo, para la determinaci\u00f3n del contenido de sal, el contenido de agua en la miel, el contenido de prote\u00edna s\u00e9rica, Oechsle, Brix y el contenido potencial de alcohol, as\u00ed como el contenido de etileno y propilenglicol. No se requiere conversi\u00f3n manual gracias a las escalas y se descartan errores de aplicaci\u00f3n.<\/p>\n<p><strong>Ventajas y beneficios<\/strong><\/p>\n<ul>\n<li>Tama\u00f1o peque\u00f1o para uso m\u00f3vil<\/li>\n<li>Compensaci\u00f3n autom\u00e1tica de temperatura<\/li>\n<li>Alta resoluci\u00f3n de las \u00e1reas de escala<\/li>\n<li>Dise\u00f1o robusto y compacto<\/li>\n<li>F\u00e1cil calibraci\u00f3n y ajuste<\/li>\n<\/ul>\n<p><strong>Aplicaciones t\u00edpicas<\/strong><\/p>\n<ul>\n<li>Los refract\u00f3metros de mano de la serie HR son la soluci\u00f3n ideal para las industrias petroqu\u00edmica, automotriz, de aviaci\u00f3n, de procesamiento de metales y alimentaria.<\/li>\n<li>Prueba de identidad y determinaci\u00f3n de concentraci\u00f3n.<\/li>\n<li>Inspecci\u00f3n de mercanc\u00edas salientes.<\/li>\n<li>Prueba de estabilidad.<\/li>\n<li>Control de calidad y pureza de materias primas y productos finales.<\/li>\n<li>Determinaci\u00f3n de la concentraci\u00f3n de az\u00facar.<\/li>\n<li>Determinaci\u00f3n del contenido de agua en la miel.<\/li>\n<li>Examen de muestras de orina.<\/li>\n<li>Para obtener una visi\u00f3n general completa de las aplicaciones t\u00edpicas, visite nuestra revisi\u00f3n del campus Aplicaciones del refract\u00f3metro.<\/li>\n<\/ul>\n<p>https:\/\/www.kruess.com\/en\/campus\/refractometry\/refractometer-applications\/<\/p>\n","protected":false},"excerpt":{"rendered":"<p>Los refract\u00f3metros de mano son apenas m\u00e1s grandes que una antorcha y se puede utilizar en cualquier lugar de las aplicaciones m\u00f3viles.<br \/>\nSon especialmente f\u00e1cil de usar, muy robusto y no requiere pilas.<\/p>\n","protected":false},"featured_media":2894,"comment_status":"open","ping_status":"closed","template":"","meta":{"_et_pb_use_builder":"","_et_pb_old_content":"","_et_gb_content_width":"","_joinchat":[]},"product_brand":[],"product_cat":[62],"product_tag":[39],"class_list":{"0":"post-2850","1":"product","2":"type-product","3":"status-publish","4":"has-post-thumbnail","6":"product_cat-refractometros","7":"product_tag-a-kruss","9":"first","10":"instock","11":"shipping-taxable","12":"product-type-simple"},"_links":{"self":[{"href":"http:\/\/embrion.com.py\/fisc\/wp-json\/wp\/v2\/product\/2850","targetHints":{"allow":["GET"]}}],"collection":[{"href":"http:\/\/embrion.com.py\/fisc\/wp-json\/wp\/v2\/product"}],"about":[{"href":"http:\/\/embrion.com.py\/fisc\/wp-json\/wp\/v2\/types\/product"}],"replies":[{"embeddable":true,"href":"http:\/\/embrion.com.py\/fisc\/wp-json\/wp\/v2\/comments?post=2850"}],"wp:featuredmedia":[{"embeddable":true,"href":"http:\/\/embrion.com.py\/fisc\/wp-json\/wp\/v2\/media\/2894"}],"wp:attachment":[{"href":"http:\/\/embrion.com.py\/fisc\/wp-json\/wp\/v2\/media?parent=2850"}],"wp:term":[{"taxonomy":"product_brand","embeddable":true,"href":"http:\/\/embrion.com.py\/fisc\/wp-json\/wp\/v2\/product_brand?post=2850"},{"taxonomy":"product_cat","embeddable":true,"href":"http:\/\/embrion.com.py\/fisc\/wp-json\/wp\/v2\/product_cat?post=2850"},{"taxonomy":"product_tag","embeddable":true,"href":"http:\/\/embrion.com.py\/fisc\/wp-json\/wp\/v2\/product_tag?post=2850"}],"curies":[{"name":"wp","href":"https:\/\/api.w.org\/{rel}","templated":true}]}}