{"id":285,"date":"2022-11-18T14:20:51","date_gmt":"2022-11-18T14:20:51","guid":{"rendered":"https:\/\/fisc.webparaguay.com\/?post_type=product&#038;p=285"},"modified":"2024-04-16T08:48:14","modified_gmt":"2024-04-16T12:48:14","slug":"incubadora-orbital-minitron","status":"publish","type":"product","link":"http:\/\/embrion.com.py\/fisc\/producto\/incubadora-orbital\/incubadora-orbital-minitron\/","title":{"rendered":"Incubadora Orbital Minitron"},"content":{"rendered":"<p>Bajo consumo de CO2<br \/>\nLa Minitron ofrece condiciones homog\u00e9neas para resultados reproducibles. El revestimiento meticulosamente sellado minimiza el consumo de CO2 a un est\u00e1ndar comparable a las incubadoras est\u00e1ticas.<br \/>\nMedici\u00f3n en l\u00ednea no invasiva de biomasa en matraces de agitaci\u00f3n<br \/>\nEl CGQ le permite hacer un seguimiento del crecimiento del cultivo en tiempo real, responder a las limitaciones desde el principio y encontrar el momento ideal para inducir la expresi\u00f3n de prote\u00ednas. Un sensor en el frasco de agitaci\u00f3n realiza mediciones de OD en vivo para que siempre sepa exactamente lo que est\u00e1 sucediendo en sus experimentos de frasco de agitaci\u00f3n, sin interrumpirlos.<br \/>\nMonitoreo ininterrumpido<br \/>\neve\u00ae, la plataforma de software para bioprocesos puede comunicarse f\u00e1cilmente con el agitador simplemente con el uso de una interfaz Ethernet, lo cual permite controlar el equipo y monitorear los cultivos a desde cualquier lugar a trav\u00e9s de una interfaz de internet. Puede tambi\u00e9n crear informes personalizados y documentaci\u00f3n del proceso en conformidad con las buenas pr\u00e1cticas de manufactura.<br \/>\nOpciones disponibles<br \/>\nRefrigeraci\u00f3n, Controle de CO2, Controle de Humidad, Controle de Iluminaci\u00f3n por LED de alta intensidad, Monitoreo de biomasa, Batelada alimentada, Conecci\u00f3n con software de bioprocessos<br \/>\nOrbitales disponibles<br \/>\n25mm \u2013 50mm<br \/>\nDimensiones compactas y opci\u00f3n de apilamiento de dos niveles<br \/>\nEl dise\u00f1o pr\u00e1ctico y las dimensiones compactas del agitador de incubaci\u00f3nla hacen ideal para usar incluso en los laboratorios m\u00e1s peque\u00f1os. Se puede operar apilada en dos unidades como un solo dispositivo, e incluso cabe en una mesa de laboratorio.<br \/>\nLimpio y seguro<br \/>\nLa limpieza y la seguridad son componentes esenciales del trabajo de laboratorio, por lo que hemos desarrollado nuestros agitadores teniendo en cuenta el dise\u00f1o higi\u00e9nico. Las esquinas redondeadas, las superficies lisas y la falta de piezas m\u00f3viles innecesarias hacen que el interior sea f\u00e1cil de limpiar a fondo.<\/p>\n<p><strong>Ventajas y beneficios<\/strong><\/p>\n<p>Higiene<br \/>\nInterior de f\u00e1cil limpieza con esquinas redondeadas; Dreno para salida de l\u00edquido, si los frascos se rompen; Humidificaci\u00f3n de vapor directo higi\u00e9nica (opcional)<br \/>\nSistema de agitaci\u00f3n<br \/>\nSilencioso, uniforme e confi\u00e1vel independentemente da carga; La plataforma de agitaci\u00f3n de equilibrio din\u00e1mico elimina la necesidad de ajustes manuales; F\u00e1cil de limpiar com sistema de dreno de l\u00edquidos para el exterior y superf\u00edcies redondeadas; .<br \/>\nControl de temperatura<br \/>\nEl control muy preciso de la temperatura en toda la incubadora garantiza condiciones id\u00e9nticas en cada lote; Puede conectarse al sistema de enfriamiento existente en el laboratorio; Opci\u00f3n de enfriamiento en la base o en la parte superior de la unidad para un \u00f3ptimo aprovechamiento del espacio; El excelente aislamiento y la ausencia de fuentes de calor en la c\u00e1mara de la incubadora reducen la demanda de energ\u00eda.<br \/>\nUnidad operativa<br \/>\nControlador t\u00e1ctil con un campo de visualizaci\u00f3n separado para una visi\u00f3n general ideal; Operaci\u00f3n intuitiva para un f\u00e1cil manejo; Control preciso y monitoreo; Temporizador integrado<br \/>\nConexiones e interfaces<br \/>\nInterfaz Ethernet para la conexi\u00f3n con eve\u00ae; Salidas anal\u00f3gicas opcionales para la conexi\u00f3n con sistemas de monitorizaci\u00f3n de edificios y sistemas de alarma; Conducto para sensores y cables<\/p>\n<p><strong>Aplicaci\u00f3n<\/strong><\/p>\n<p>Industria Farmac\u00e9utica<br \/>\nVacunas, bio-f\u00e1rmacos, nuevas drogas, anticuerpos monoclonales, cultivo de c\u00e9lulas madre, macromol\u00e9culas, etc<\/p>\n<p>Biocombustibles<br \/>\nBioetanol, biodiesel, bio-hidrogeno, butanol, microalgas y organismos fotosensibles, etc<\/p>\n<p>Alimentaci\u00f3n \/ Bebidas<br \/>\nAlimentos funcionales, sabores, vitaminas, prote\u00ednas, bacterias probi\u00f3ticas, colorantes, aromatizantes, etc<\/p>\n<p>Sector acad\u00e9mico<br \/>\nPara una amplia gama de aplicaciones en la formaci\u00f3n acad\u00e9mica: Gama completa de aplicaciones en microorganismos y culturas de c\u00e9lulas<\/p>\n<p>Sector agronegocio y pecu\u00e1ria<br \/>\nInocolantes, vacunas animales, biofertilizantes, biopesticidas<\/p>\n<p>Piensos<br \/>\nAlimentaci\u00f3n para animales a partir de productos naturales<\/p>\n<p>Otras<br \/>\nBacterias y prote\u00ednas, trasplante de c\u00e9lulas, biotransformaci\u00f3n, cosm\u00e9ticos, fragancias, aplicaciones medioambientales, pl\u00e1sticos biodegradables<\/p>\n<p>https:\/\/www.infors-ht.com\/es\/agitadores\/incubadora-orbital\/minitron\/<\/p>\n","protected":false},"excerpt":{"rendered":"<p>Un genio en un espacio peque\u00f1o. En t\u00e9rminos de capacidad, Minitron es la hermana peque\u00f1a del agitador de incubaci\u00f3n Multitron, pero ofrece la misma variedad de posibilidades de aplicaci\u00f3n para cultivos de c\u00e9lulas microbianas, animales y vegetales.<br \/>\nDesde experimentos est\u00e1ndar de microorganismos hasta cultivos complejos de c\u00e9lulas animales y vegetales, la Minitron est\u00e1 dise\u00f1ada para realizar una amplia gama de aplicaciones. Cada Minitron se configura seg\u00fan sus necesidades exactas, mientras que el dise\u00f1o garantiza una actualizaci\u00f3n sencilla, si es necesario.<\/p>\n","protected":false},"featured_media":288,"comment_status":"open","ping_status":"closed","template":"","meta":{"_et_pb_use_builder":"","_et_pb_old_content":"","_et_gb_content_width":"","_joinchat":[]},"product_brand":[],"product_cat":[18],"product_tag":[],"class_list":{"0":"post-285","1":"product","2":"type-product","3":"status-publish","4":"has-post-thumbnail","6":"product_cat-incubadora-orbital","8":"first","9":"instock","10":"shipping-taxable","11":"product-type-simple"},"_links":{"self":[{"href":"http:\/\/embrion.com.py\/fisc\/wp-json\/wp\/v2\/product\/285","targetHints":{"allow":["GET"]}}],"collection":[{"href":"http:\/\/embrion.com.py\/fisc\/wp-json\/wp\/v2\/product"}],"about":[{"href":"http:\/\/embrion.com.py\/fisc\/wp-json\/wp\/v2\/types\/product"}],"replies":[{"embeddable":true,"href":"http:\/\/embrion.com.py\/fisc\/wp-json\/wp\/v2\/comments?post=285"}],"wp:featuredmedia":[{"embeddable":true,"href":"http:\/\/embrion.com.py\/fisc\/wp-json\/wp\/v2\/media\/288"}],"wp:attachment":[{"href":"http:\/\/embrion.com.py\/fisc\/wp-json\/wp\/v2\/media?parent=285"}],"wp:term":[{"taxonomy":"product_brand","embeddable":true,"href":"http:\/\/embrion.com.py\/fisc\/wp-json\/wp\/v2\/product_brand?post=285"},{"taxonomy":"product_cat","embeddable":true,"href":"http:\/\/embrion.com.py\/fisc\/wp-json\/wp\/v2\/product_cat?post=285"},{"taxonomy":"product_tag","embeddable":true,"href":"http:\/\/embrion.com.py\/fisc\/wp-json\/wp\/v2\/product_tag?post=285"}],"curies":[{"name":"wp","href":"https:\/\/api.w.org\/{rel}","templated":true}]}}