{"id":2844,"date":"2022-12-19T19:22:17","date_gmt":"2022-12-19T19:22:17","guid":{"rendered":"https:\/\/fisc.webparaguay.com\/?post_type=product&#038;p=2844"},"modified":"2024-07-26T20:01:59","modified_gmt":"2024-07-27T00:01:59","slug":"refractometros-digitales-de-mano-dr101-60","status":"publish","type":"product","link":"http:\/\/embrion.com.py\/fisc\/producto\/refractometros\/refractometros-digitales-de-mano-dr101-60\/","title":{"rendered":"Refract\u00f3metros digitales de mano DR101-60"},"content":{"rendered":"<ul>\n<li>Mediciones digitales in situ con solo tocar un bot\u00f3n.<\/li>\n<li>La medici\u00f3n m\u00f3vil con un refract\u00f3metro digital de mano ahorra tiempo, ya que las comprobaciones aleatorias o la regulaci\u00f3n de las relaciones de mezcla se pueden realizar directamente en el sitio.<\/li>\n<li>Los resultados de la medici\u00f3n se determinan con solo tocar un bot\u00f3n y se muestran en la pantalla.<\/li>\n<li>A diferencia del caso de los refract\u00f3metros port\u00e1tiles anal\u00f3gicos, la determinaci\u00f3n digital de los resultados de medici\u00f3n reproducibles no depende de la interpretaci\u00f3n del usuario.<\/li>\n<\/ul>\n<p><strong>Ventajas y beneficios<\/strong><\/p>\n<ul>\n<li>Medici\u00f3n autom\u00e1tica.<\/li>\n<li>Alta precisi\u00f3n de medici\u00f3n.<\/li>\n<li>R\u00e1pido de llenar y limpiar.<\/li>\n<li>Bandeja de muestras de acero inoxidable.<\/li>\n<li>Carcasa robusta y bajo peso.<\/li>\n<li>Compensaci\u00f3n autom\u00e1tica de temperatura (escala Brix).<\/li>\n<li>Visualizaci\u00f3n de los resultados de medici\u00f3n en diferentes unidades.<\/li>\n<li>Funcionamiento muy sencillo<\/li>\n<\/ul>\n<p><strong>Aplicaciones t\u00edpicas<\/strong><\/p>\n<ul>\n<li>Pruebas de caracterizaci\u00f3n en investigaci\u00f3n y desarrollo.<\/li>\n<li>Prueba de identidad, control de pureza y determinaci\u00f3n de concentraci\u00f3n de materias primas, productos semiacabados y productos finales.<\/li>\n<li>Seguimiento de procesos qu\u00edmicos durante la producci\u00f3n.<\/li>\n<li>Inspecci\u00f3n de mercanc\u00edas salientes.<\/li>\n<li>Prueba de estabilidad.<\/li>\n<li>Determinaci\u00f3n de la concentraci\u00f3n de az\u00facar.<\/li>\n<li>Inspecci\u00f3n de mercanc\u00edas entrantes y salientes.<\/li>\n<li>Comprobaci\u00f3n de farmacopeas de medicamentos<\/li>\n<\/ul>\n<p>https:\/\/www.kruess.com\/en\/campus\/refractometry\/refractometer-applications\/<\/p>\n","protected":false},"excerpt":{"rendered":"<p>Como modelo de nivel de entrada en refractometr\u00eda digital, el DR101-60 cubre los rangos de medici\u00f3n de nD 1.3330-1.4419 y 0-60 % Brix. Gracias a la compensaci\u00f3n autom\u00e1tica de temperatura para la b\u00e1scula Brix, se puede lograr un resultado de medici\u00f3n reproducible incluso en condiciones ambientales cambiantes. Como dispositivo impermeable, el DR101-60 cumple con el est\u00e1ndar IP65 y se puede limpiar con agua corriente.<\/p>\n","protected":false},"featured_media":3978,"comment_status":"open","ping_status":"closed","template":"","meta":{"_et_pb_use_builder":"","_et_pb_old_content":"","_et_gb_content_width":"","_joinchat":[]},"product_brand":[],"product_cat":[62],"product_tag":[39],"class_list":{"0":"post-2844","1":"product","2":"type-product","3":"status-publish","4":"has-post-thumbnail","6":"product_cat-refractometros","7":"product_tag-a-kruss","9":"first","10":"instock","11":"shipping-taxable","12":"product-type-simple"},"_links":{"self":[{"href":"http:\/\/embrion.com.py\/fisc\/wp-json\/wp\/v2\/product\/2844","targetHints":{"allow":["GET"]}}],"collection":[{"href":"http:\/\/embrion.com.py\/fisc\/wp-json\/wp\/v2\/product"}],"about":[{"href":"http:\/\/embrion.com.py\/fisc\/wp-json\/wp\/v2\/types\/product"}],"replies":[{"embeddable":true,"href":"http:\/\/embrion.com.py\/fisc\/wp-json\/wp\/v2\/comments?post=2844"}],"wp:featuredmedia":[{"embeddable":true,"href":"http:\/\/embrion.com.py\/fisc\/wp-json\/wp\/v2\/media\/3978"}],"wp:attachment":[{"href":"http:\/\/embrion.com.py\/fisc\/wp-json\/wp\/v2\/media?parent=2844"}],"wp:term":[{"taxonomy":"product_brand","embeddable":true,"href":"http:\/\/embrion.com.py\/fisc\/wp-json\/wp\/v2\/product_brand?post=2844"},{"taxonomy":"product_cat","embeddable":true,"href":"http:\/\/embrion.com.py\/fisc\/wp-json\/wp\/v2\/product_cat?post=2844"},{"taxonomy":"product_tag","embeddable":true,"href":"http:\/\/embrion.com.py\/fisc\/wp-json\/wp\/v2\/product_tag?post=2844"}],"curies":[{"name":"wp","href":"https:\/\/api.w.org\/{rel}","templated":true}]}}