{"id":2841,"date":"2022-12-19T19:22:16","date_gmt":"2022-12-19T19:22:16","guid":{"rendered":"https:\/\/fisc.webparaguay.com\/?post_type=product&#038;p=2841"},"modified":"2025-01-30T10:36:24","modified_gmt":"2025-01-30T13:36:24","slug":"epsilon-4","status":"publish","type":"product","link":"http:\/\/embrion.com.py\/fisc\/producto\/fluorescencia-de-rayos-x\/epsilon-4\/","title":{"rendered":"Epsilon 4"},"content":{"rendered":"<ul>\n<li>Cambiador de muestras extra\u00edble de 10 posiciones.<\/li>\n<li>Ventana lateral de metal-cer\u00e1mica para una m\u00e1xima estabilidad.<\/li>\n<li>Detector de deriva de silicio de alta resoluci\u00f3n (SDD). t\u00edpicamente 135 eV @ Mn-K\u03b1 Scaneo elemental con soluci\u00f3n de an\u00e1lisis sin est\u00e1ndares Omnian.<\/li>\n<li>El espectr\u00f3metro puede acomodar muestras de hasta 52 mm (2 pulgadas) de di\u00e1metro.<\/li>\n<li>Ventana de berilio delgada de 50 micr\u00f3metros para alta sensibilidad para elementos ligeros (Na, Mg, Al, Si).<\/li>\n<li>Tasa m\u00e1xima de conteo de 1,500,000 conteos por segundo a 50% de tiempo muerto An\u00e1lisis PASA \/ FALLA con la soluci\u00f3n FingerPrint.<\/li>\n<li>Spinner se incluye para una mejor precisi\u00f3n del an\u00e1lisis del filtro de aire.<\/li>\n<li>Tubo de rayos X de \u00e1nodo Ag o Rh para el mejor rendimiento del an\u00e1lisis P, S y Cl Ventana del detector de entrada delgada para alta seguridad Seguridad de datos mejorada para entornos regulados.<\/li>\n<li>Modo de muestra grande para analizar muestras m\u00e1s grandes de hasta 10 cm de altura.<\/li>\n<li>Stratos para muestras multicapa.<\/li>\n<li>Una calibraci\u00f3n flexible para el desgaste de metales en aceites lubricantes frescos y usados \u200b\u200butilizando Oil-Trace.<\/li>\n<\/ul>\n<p><strong>Beneficios y ventajas\u00a0<\/strong><\/p>\n<ul>\n<li>An\u00e1lisis elemental en l\u00ednea r\u00e1pido y preciso.<\/li>\n<li>Basado en la experiencia y el \u00e9xito de la probada gama de espectr\u00f3metros XRF Epsilon 3, el Epsilon 4 es un analizador XRF de sobremesa multifuncional para cualquier segmento de la industria que necesite an\u00e1lisis elemental desde fl\u00faor (F) hasta americio (Am) en \u00e1reas desde I + D hasta control de procesos.<\/li>\n<li>Combinando las \u00faltimas tecnolog\u00edas de excitaci\u00f3n y detecci\u00f3n con software maduro y dise\u00f1o inteligente, el rendimiento anal\u00edtico de<\/li>\n<li>Epsilon 4 se aproxima al de los espectr\u00f3metros XRF m\u00e1s potentes y de pie.<\/li>\n<\/ul>\n<p><strong>Aplicaci\u00f3nes<\/strong><\/p>\n<ul>\n<li><a href=\"https:\/\/www.malvernpanalytical.com\/es\/products\/product-range\/epsilon-range\/epsilon-4\/epsilon-4-mining-and-minerals\/\">Epsilon 4 edici\u00f3n miner\u00eda y minerales<\/a><\/li>\n<li><a href=\"https:\/\/www.malvernpanalytical.com\/es\/products\/product-range\/epsilon-range\/epsilon-4\/epsilon-4-oils-and-fuels\/\">Epsilon 4 edici\u00f3n aceites y combustibles<\/a><\/li>\n<li><a href=\"https:\/\/www.malvernpanalytical.com\/es\/products\/product-range\/epsilon-range\/epsilon-4\/epsilon-4-lubricating-oils\/\">Epsilon 4 edici\u00f3n aceites lubricantes<\/a><\/li>\n<li><a href=\"https:\/\/www.malvernpanalytical.com\/es\/products\/product-range\/epsilon-range\/epsilon-4\/epsilon-4-pharmaceuticals-and-cosmetics\/\">Epsilon 4 edici\u00f3n farmac\u00e9utica y cosm\u00e9ticos<\/a><\/li>\n<li><a href=\"https:\/\/www.malvernpanalytical.com\/es\/products\/product-range\/epsilon-range\/epsilon-4\/epsilon-4-food-and-environment\/\">Epsilon 4 edici\u00f3n alimentos y medioambiente<\/a><\/li>\n<li><a href=\"https:\/\/www.malvernpanalytical.com\/es\/products\/product-range\/epsilon-range\/epsilon-4\/epsilon-4-building-materials\/\">Epsilon 4 edici\u00f3n materiales de construcci\u00f3n<\/a><\/li>\n<li><a href=\"https:\/\/www.malvernpanalytical.com\/es\/products\/product-range\/epsilon-range\/epsilon-4\/epsilon-4-polymers-plastics-and-paints\/\">Epsilon 4 edici\u00f3n Pl\u00e1sticos y pinturas de pol\u00edmeros<\/a><\/li>\n<\/ul>\n","protected":false},"excerpt":{"rendered":"<p>Epsilon 4 es un analizador XRF multifuncional de mesa para cualquier segmento industrial que necesite un an\u00e1lisis elemental, de fl\u00faor (F) a americio (Am), en \u00e1reas que van desde I+D hasta el control de proceso. Si combina las tecnolog\u00edas de excitaci\u00f3n y detecci\u00f3n m\u00e1s recientes con un software optimizado y un dise\u00f1o inteligente, el rendimiento anal\u00edtico del Epsilon 4 se acerca m\u00e1s a los espectr\u00f3metros de piso de XRF m\u00e1s potentes.<\/p>\n","protected":false},"featured_media":2883,"comment_status":"closed","ping_status":"closed","template":"","meta":{"_et_pb_use_builder":"","_et_pb_old_content":"","_et_gb_content_width":"","_joinchat":[]},"product_brand":[],"product_cat":[57],"product_tag":[25],"class_list":{"0":"post-2841","1":"product","2":"type-product","3":"status-publish","4":"has-post-thumbnail","6":"product_cat-fluorescencia-de-rayos-x","7":"product_tag-malvern-panalytical","9":"first","10":"instock","11":"shipping-taxable","12":"product-type-simple"},"_links":{"self":[{"href":"http:\/\/embrion.com.py\/fisc\/wp-json\/wp\/v2\/product\/2841","targetHints":{"allow":["GET"]}}],"collection":[{"href":"http:\/\/embrion.com.py\/fisc\/wp-json\/wp\/v2\/product"}],"about":[{"href":"http:\/\/embrion.com.py\/fisc\/wp-json\/wp\/v2\/types\/product"}],"replies":[{"embeddable":true,"href":"http:\/\/embrion.com.py\/fisc\/wp-json\/wp\/v2\/comments?post=2841"}],"wp:featuredmedia":[{"embeddable":true,"href":"http:\/\/embrion.com.py\/fisc\/wp-json\/wp\/v2\/media\/2883"}],"wp:attachment":[{"href":"http:\/\/embrion.com.py\/fisc\/wp-json\/wp\/v2\/media?parent=2841"}],"wp:term":[{"taxonomy":"product_brand","embeddable":true,"href":"http:\/\/embrion.com.py\/fisc\/wp-json\/wp\/v2\/product_brand?post=2841"},{"taxonomy":"product_cat","embeddable":true,"href":"http:\/\/embrion.com.py\/fisc\/wp-json\/wp\/v2\/product_cat?post=2841"},{"taxonomy":"product_tag","embeddable":true,"href":"http:\/\/embrion.com.py\/fisc\/wp-json\/wp\/v2\/product_tag?post=2841"}],"curies":[{"name":"wp","href":"https:\/\/api.w.org\/{rel}","templated":true}]}}