{"id":2840,"date":"2022-12-19T19:22:16","date_gmt":"2022-12-19T19:22:16","guid":{"rendered":"https:\/\/fisc.webparaguay.com\/?post_type=product&#038;p=2840"},"modified":"2025-01-29T12:40:14","modified_gmt":"2025-01-29T15:40:14","slug":"epsilon-1-2","status":"publish","type":"product","link":"http:\/\/embrion.com.py\/fisc\/producto\/fluorescencia-de-rayos-x\/epsilon-1-2\/","title":{"rendered":"Epsilon 1"},"content":{"rendered":"<ul>\n<li><strong>An\u00e1lisis no destructivo<\/strong> Las mediciones se realizan directamente en la muestra con poco o nada de preparaci\u00f3n. Debido a que la XRF es una t\u00e9cnica no destructiva, la muestra se puede medir posteriormente mediante otras t\u00e9cnicas anal\u00edticas, si es necesario.<\/li>\n<li><strong>M\u00e1xima sensibilidad<\/strong> El tubo de rayos X del \u00e1nodo de Ag de ventana delgada, dise\u00f1ado y fabricado por Malvern Panalytical, asegura una alta calidad y sensibilidad. El tubo y generador de rayos X de 10 W es ideal para estimular elementos m\u00e1s pesados, lo que da como resultado tiempos m\u00e1s r\u00e1pidos de an\u00e1lisis y una mayor precisi\u00f3n.<\/li>\n<li><strong>Comunicaci\u00f3n f\u00e1cil<\/strong> Conexiones USB y de red para el uso de perif\u00e9ricos de computadora est\u00e1ndar que permiten un uso extendido, desarrollo de aplicaciones y utilizaci\u00f3n sentado.<\/li>\n<li><strong>Variaciones atmosf\u00e9ricas<\/strong> Los protones de rayos X de energ\u00eda baja caracter\u00edsticos del sodio, magnesio, aluminio, silicio, f\u00f3sforo y azufre son sensibles a la presi\u00f3n del aire y a las variaciones de la temperatura. Los sensores integrados de temperatura y de presi\u00f3n de aire compensan las variaciones atmosf\u00e9ricas, lo que asegura resultados excelentes sin importar el clima.<\/li>\n<li><strong>Protecci\u00f3n contra derrames<\/strong> Con el fin de proteger la delicada base del sistema contra derrames, hay una l\u00e1mina protectora instalada. En caso de derrames, la l\u00e1mina se puede reemplazar f\u00e1cilmente por el operador.<\/li>\n<\/ul>\n<p><strong>Beneficios y ventajas\u00a0<\/strong><\/p>\n<ul>\n<li><strong>Cuantificaci\u00f3n consistente y flexible<\/strong> Se puede calibrar mediante materiales de referencia que coincidan con la composici\u00f3n de las muestras de rutina. Estas calibraciones espec\u00edficas generan datos con gran precisi\u00f3n. El Epsilon 1 se puede calibrar para una amplia variedad de aplicaciones industriales. Es un instrumento XRF de mesa de alt\u00edsimo desempe\u00f1o para el an\u00e1lisis de los elementos principales, menores y en trazas pasando por la tabla peri\u00f3dica desde el sodio hasta el americio.<\/li>\n<\/ul>\n<ul>\n<li><strong>Seguridad de datos mejorada<\/strong> La opci\u00f3n de Seguridad de datos mejorada para el software del sistema Epsilon lo ayuda a fortalecer su registro de auditor\u00eda, minimizar el riesgo de errores y demostrar que su instrumento XRF funciona como se espera. Las capacidades incluyen administraci\u00f3n avanzada de usuarios, registro de acciones y protecci\u00f3n de datos.<\/li>\n<li><strong>R\u00e1pido y rentable<\/strong> Produce datos r\u00e1pidos, rentables, precisos y con m\u00ednima dependencia del operador y preparaci\u00f3n de muestras. Por lo tanto, el costo total de funcionamiento es mucho m\u00e1s bajo que otras t\u00e9cnicas anal\u00edticas como AAS, ICP y m\u00e9todos qu\u00edmicos h\u00famedos que son costosos y que tambi\u00e9n requieren un operador especializado y especializado.<\/li>\n<li><strong>Port\u00e1til y segura<\/strong> El Epsilon 1 es una alternativa port\u00e1til y segura a un analizador xrf de mano o una pistola con fuente radioactiva.<\/li>\n<\/ul>\n<p><strong>Aplicaci\u00f3nes<\/strong><\/p>\n<ul>\n<li>Dise\u00f1ada y fabricada para aplicaciones como: Miner\u00eda y Minerales \/ Metales \/ Petroqu\u00edmicos \/ Alimentos \/ Materiales de Construcci\u00f3n \/ \u00c1mbito Acad\u00e9mico \/ Productos Farmac\u00e9uticos \/ Ambiental \/ Pl\u00e1sticos y Pol\u00edmeros.<\/li>\n<li>Cumple con muchos m\u00e9todos de prueba internacionales relacionados con el azufre para instrumentos ED-XRF, como:\n<ul style=\"margin-left: 15px!important;\">\n<li>ISO 13032<\/li>\n<li>ASTM d4294<\/li>\n<li>ISO 8754<\/li>\n<li>ISO 20847<\/li>\n<li>IP 336<\/li>\n<li>IP 496<\/li>\n<li>ES K2541-4<\/li>\n<\/ul>\n<\/li>\n<li><a href=\"https:\/\/www.malvernpanalytical.com\/es\/products\/product-range\/epsilon-range\/epsilon1\/epsilon-1-lubricating-oils\/\">Epsilon 1 edici\u00f3n aceites lubricantes<\/a><\/li>\n<li><a href=\"https:\/\/www.malvernpanalytical.com\/es\/products\/product-range\/epsilon-range\/epsilon1\/epsilon-1-sulfur-in-fuels\/\">Epsilon 1 edici\u00f3n azufre en combustibles<\/a><\/li>\n<li><a href=\"https:\/\/www.malvernpanalytical.com\/es\/products\/product-range\/epsilon-range\/epsilon1\/epsilon-1-research-and-education\/\">Epsilon 1 edici\u00f3n fines investigativos y educacionales<\/a><\/li>\n<li><a href=\"https:\/\/www.malvernpanalytical.com\/es\/products\/product-range\/epsilon-range\/epsilon1\/epsilon-1-for-small-spot-analysis\/\">Epsilon 1 edici\u00f3n an\u00e1lisis de puntos peque\u00f1os<\/a><\/li>\n<li><a href=\"https:\/\/www.malvernpanalytical.com\/es\/products\/product-range\/epsilon-range\/epsilon1\/epsilon-1-ISO-13032\/\">Epsilon 1 edici\u00f3n ISO 13032<\/a><\/li>\n<\/ul>\n<p>&nbsp;<\/p>\n","protected":false},"excerpt":{"rendered":"<p>Dise\u00f1ado para la caracterizaci\u00f3n y el an\u00e1lisis de cualquier tipo de muestras en diversos segmentos industriales, como cemento, cosm\u00e9ticos, medioambiente, alimentos, ciencia forense, metales y recubrimientos, miner\u00eda y minerales, nanomateriales, elementos petroqu\u00edmicos, elementos farmac\u00e9uticos, pol\u00edmeros y RoHS-2.<\/p>\n","protected":false},"featured_media":2878,"comment_status":"closed","ping_status":"closed","template":"","meta":{"_et_pb_use_builder":"off","_et_pb_old_content":"<ul>\r\n \t<li><strong>An\u00e1lisis no destructivo<\/strong>\r\nLas mediciones se realizan directamente en la muestra con poco o nada de preparaci\u00f3n. Debido a que la XRF es una t\u00e9cnica no destructiva, la muestra se puede medir posteriormente mediante otras t\u00e9cnicas anal\u00edticas, si es necesario.<\/li>\r\n \t<li><strong>M\u00e1xima sensibilidad<\/strong>\r\nEl tubo de rayos X del \u00e1nodo de Ag de ventana delgada, dise\u00f1ado y fabricado por Malvern Panalytical, asegura una alta calidad y sensibilidad. El tubo y generador de rayos X de 50 kW es ideal para estimular elementos m\u00e1s pesados, lo que da como resultado tiempos m\u00e1s r\u00e1pidos de an\u00e1lisis y una mayor precisi\u00f3n.<\/li>\r\n \t<li><strong>Comunicaci\u00f3n f\u00e1cil<\/strong>\r\nConexiones USB y de red para el uso de perif\u00e9ricos de computadora est\u00e1ndar que permiten un uso extendido, desarrollo de aplicaciones y utilizaci\u00f3n sentado.<\/li>\r\n \t<li><strong>Variaciones atmosf\u00e9ricas<\/strong>\r\nLos protones de rayos X de energ\u00eda baja caracter\u00edsticos del sodio, magnesio, aluminio, silicio, f\u00f3sforo y azufre son sensibles a la presi\u00f3n del aire y a las variaciones de la temperatura. Los sensores integrados de temperatura y de presi\u00f3n de aire compensan las variaciones atmosf\u00e9ricas, lo que asegura resultados excelentes sin importar el clima.<\/li>\r\n \t<li><strong>Protecci\u00f3n contra derrames<\/strong>\r\nCon el fin de proteger la delicada base del sistema contra derrames, hay una l\u00e1mina protectora instalada. En caso de derrames, la l\u00e1mina se puede reemplazar f\u00e1cilmente por el operador.<\/li>\r\n<\/ul>\r\n<strong>Beneficios y ventajas\u00a0<\/strong>\r\n<ul>\r\n \t<li><strong>Cuantificaci\u00f3n consistente y flexible<\/strong>\r\nSe puede calibrar mediante materiales de referencia que coincidan con la composici\u00f3n de las muestras de rutina. Estas calibraciones espec\u00edficas generan datos con gran precisi\u00f3n. El Epsilon 1 se puede calibrar para una amplia variedad de aplicaciones industriales. Es un instrumento XRF de mesa de alt\u00edsimo desempe\u00f1o para el an\u00e1lisis de los elementos principales, menores y en trazas pasando por la tabla peri\u00f3dica desde el sodio hasta el americio.<\/li>\r\n<\/ul>\r\n<ul>\r\n \t<li><strong>Seguridad de datos mejorada<\/strong>\r\nLa opci\u00f3n de Seguridad de datos mejorada para el software del sistema Epsilon lo ayuda a fortalecer su registro de auditor\u00eda, minimizar el riesgo de errores y demostrar que su instrumento XRF funciona como se espera. Las capacidades incluyen administraci\u00f3n avanzada de usuarios, registro de acciones y protecci\u00f3n de datos.<\/li>\r\n \t<li><strong>R\u00e1pido y rentable<\/strong>\r\nProduce datos r\u00e1pidos, rentables, precisos y con m\u00ednima dependencia del operador y preparaci\u00f3n de muestras. Por lo tanto, el costo total de funcionamiento es mucho m\u00e1s bajo que otras t\u00e9cnicas anal\u00edticas como AAS, ICP y m\u00e9todos qu\u00edmicos h\u00famedos que son costosos y que tambi\u00e9n requieren un operador especializado y especializado.<\/li>\r\n \t<li><strong>Port\u00e1til y segura<\/strong>\r\nEl Epsilon 1 es una alternativa port\u00e1til y segura a un analizador xrf de mano o una pistola con fuente radioactiva.<\/li>\r\n<\/ul>\r\n<strong>Aplicaci\u00f3nes<\/strong>\r\n<ul>\r\n \t<li>Dise\u00f1ada y fabricada para aplicaciones como:\r\nMiner\u00eda y Minerales \/ Metales \/ Petroqu\u00edmicos \/ Alimentos \/ Materiales de Construcci\u00f3n \/ \u00c1mbito Acad\u00e9mico \/ Productos Farmac\u00e9uticos \/ Ambiental \/ Pl\u00e1sticos y Pol\u00edmeros.<\/li>\r\n \t<li>Cumple con muchos m\u00e9todos de prueba internacionales relacionados con el azufre para instrumentos ED-XRF, como:\r\n<ul style=\"margin-left: 15px!important\">\r\n \t<li>ISO 13032<\/li>\r\n \t<li>ASTM d4294<\/li>\r\n \t<li>ISO 8754<\/li>\r\n \t<li>ISO 20847<\/li>\r\n \t<li>IP 336<\/li>\r\n \t<li>IP 496<\/li>\r\n \t<li>ES K2541-4<\/li>\r\n<\/ul>\r\n<\/li>\r\n \t<li><a href=\"https:\/\/www.malvernpanalytical.com\/es\/products\/product-range\/epsilon-range\/epsilon1\/epsilon-1-lubricating-oils\/\">Epsilon 1 edici\u00f3n aceites lubricantes<\/a><\/li>\r\n \t<li><a href=\"https:\/\/www.malvernpanalytical.com\/es\/products\/product-range\/epsilon-range\/epsilon1\/epsilon-1-sulfur-in-fuels\/\">Epsilon 1 edici\u00f3n azufre en combustibles<\/a><\/li>\r\n \t<li><a href=\"https:\/\/www.malvernpanalytical.com\/es\/products\/product-range\/epsilon-range\/epsilon1\/epsilon-1-research-and-education\/\">Epsilon 1 edici\u00f3n fines investigativos y educacionales<\/a><\/li>\r\n \t<li><a href=\"https:\/\/www.malvernpanalytical.com\/es\/products\/product-range\/epsilon-range\/epsilon1\/epsilon-1-for-small-spot-analysis\/\">Epsilon 1 edici\u00f3n an\u00e1lisis de puntos peque\u00f1os<\/a><\/li>\r\n \t<li><a href=\"https:\/\/www.malvernpanalytical.com\/es\/products\/product-range\/epsilon-range\/epsilon1\/epsilon-1-ISO-13032\/\">Epsilon 1 edici\u00f3n ISO 13032<\/a><\/li>\r\n<\/ul>\r\n\u00a0","_et_gb_content_width":"","_joinchat":[]},"product_brand":[],"product_cat":[57],"product_tag":[25],"class_list":{"0":"post-2840","1":"product","2":"type-product","3":"status-publish","4":"has-post-thumbnail","6":"product_cat-fluorescencia-de-rayos-x","7":"product_tag-malvern-panalytical","9":"first","10":"instock","11":"shipping-taxable","12":"product-type-simple"},"_links":{"self":[{"href":"http:\/\/embrion.com.py\/fisc\/wp-json\/wp\/v2\/product\/2840","targetHints":{"allow":["GET"]}}],"collection":[{"href":"http:\/\/embrion.com.py\/fisc\/wp-json\/wp\/v2\/product"}],"about":[{"href":"http:\/\/embrion.com.py\/fisc\/wp-json\/wp\/v2\/types\/product"}],"replies":[{"embeddable":true,"href":"http:\/\/embrion.com.py\/fisc\/wp-json\/wp\/v2\/comments?post=2840"}],"wp:featuredmedia":[{"embeddable":true,"href":"http:\/\/embrion.com.py\/fisc\/wp-json\/wp\/v2\/media\/2878"}],"wp:attachment":[{"href":"http:\/\/embrion.com.py\/fisc\/wp-json\/wp\/v2\/media?parent=2840"}],"wp:term":[{"taxonomy":"product_brand","embeddable":true,"href":"http:\/\/embrion.com.py\/fisc\/wp-json\/wp\/v2\/product_brand?post=2840"},{"taxonomy":"product_cat","embeddable":true,"href":"http:\/\/embrion.com.py\/fisc\/wp-json\/wp\/v2\/product_cat?post=2840"},{"taxonomy":"product_tag","embeddable":true,"href":"http:\/\/embrion.com.py\/fisc\/wp-json\/wp\/v2\/product_tag?post=2840"}],"curies":[{"name":"wp","href":"https:\/\/api.w.org\/{rel}","templated":true}]}}