{"id":2837,"date":"2022-12-19T19:22:15","date_gmt":"2022-12-19T19:22:15","guid":{"rendered":"https:\/\/fisc.webparaguay.com\/?post_type=product&#038;p=2837"},"modified":"2024-07-26T17:52:13","modified_gmt":"2024-07-26T21:52:13","slug":"leneo","status":"publish","type":"product","link":"http:\/\/embrion.com.py\/fisc\/producto\/instrumento-de-fusion\/leneo\/","title":{"rendered":"LeNeo"},"content":{"rendered":"<p>El hecho de que este instrumento de fusi\u00f3n permite una f\u00e1cil carga de los crisoles, de los moldes y los vasos precipitados, que tiene diez programas de fusi\u00f3n preestablecidos y que est\u00e1 listo para utilizarse una vez retirado de su embalaje sin ning\u00fan entrenamiento lo hace realmente f\u00e1cil de utilizar.<br \/>\nEl instrumento de fusi\u00f3n LeNeo tambi\u00e9n se conoce por aumentar la seguridad del operador, ya que su puerta de seguridad se cierra autom\u00e1ticamente para protegerlo contra el calor. El vertido completamente automatizado evita la manipulaci\u00f3n de recipientes calientes.<br \/>\nEl instrumento de fusi\u00f3n LeNeo ayuda a obtener rendimientos anal\u00edticos superiores, as\u00ed como resultados exactos y precisos. Sus par\u00e1metros programables de fusi\u00f3n aseguran un alto \u00edndice de \u00e9xito de la fusi\u00f3n.<\/p>\n<p><strong>Caracter\u00edsticas\u00a0<\/strong><\/p>\n<ul>\n<li>Sus par\u00e1metros programables de fusi\u00f3n aseguran un alto \u00edndice de \u00e9xito de la fusi\u00f3n.<\/li>\n<\/ul>\n<p><strong>Beneficios y ventajas\u00a0<\/strong><\/p>\n<ul>\n<li>Garantiza un r\u00e1pido ROI<\/li>\n<li>F\u00e1cil Instalaci\u00f3n<\/li>\n<li>F\u00e1cil mantenimiento de rutina<\/li>\n<li>Reemplazo r\u00e1pido y f\u00e1cil de placas internas de refractario<\/li>\n<li>Peque\u00f1o y compacto: se ajusta en un espacio limitado<\/li>\n<li>\u00d3ptimo tiempo de funcionamiento garantizado<\/li>\n<li>Conexi\u00f3n el\u00e9ctrica simple<\/li>\n<li>No necesita aire comprimido ni de un sistema de enfriamiento.<\/li>\n<\/ul>\n<p><strong>Aplicaci\u00f3n<\/strong><\/p>\n<ul>\n<li>Completamente autom\u00e1tico, procesa:\n<ul>\n<li>Cemento, cal, carbonatos, cer\u00e1micas, vidrio, escoria, refractarios<\/li>\n<li>Muestras de la miner\u00eda y geol\u00f3gicas, s\u00edlice, silicatos, arcilla, minerales<\/li>\n<li>Sulfuros, fluoruros<\/li>\n<li>Bauxitas, al\u00famina<\/li>\n<li>Catalizadores, pol\u00edmeros, pigmentos<\/li>\n<li>Acero, metales puros, ferroaleaciones, aleaciones no ferrosas<\/li>\n<li>Muestras farmac\u00e9utica.<\/li>\n<\/ul>\n<\/li>\n<\/ul>\n<p>&nbsp;<\/p>\n","protected":false},"excerpt":{"rendered":"<p>El instrumento de fusi\u00f3n Claisse LeNeo prepara los discos de vidrio para XRF, adem\u00e1s de las soluciones de borato y per\u00f3xido para los an\u00e1lisis AA e ICP. Se trata de un instrumento el\u00e9ctrico de posici\u00f3n \u00fanica.<\/p>\n","protected":false},"featured_media":2877,"comment_status":"closed","ping_status":"closed","template":"","meta":{"_et_pb_use_builder":"","_et_pb_old_content":"","_et_gb_content_width":"","_joinchat":[]},"product_brand":[],"product_cat":[37,38],"product_tag":[25],"class_list":{"0":"post-2837","1":"product","2":"type-product","3":"status-publish","4":"has-post-thumbnail","6":"product_cat-instrumento-de-fusion","7":"product_cat-preparacion-de-muestras","8":"product_tag-malvern-panalytical","10":"first","11":"instock","12":"shipping-taxable","13":"product-type-simple"},"_links":{"self":[{"href":"http:\/\/embrion.com.py\/fisc\/wp-json\/wp\/v2\/product\/2837","targetHints":{"allow":["GET"]}}],"collection":[{"href":"http:\/\/embrion.com.py\/fisc\/wp-json\/wp\/v2\/product"}],"about":[{"href":"http:\/\/embrion.com.py\/fisc\/wp-json\/wp\/v2\/types\/product"}],"replies":[{"embeddable":true,"href":"http:\/\/embrion.com.py\/fisc\/wp-json\/wp\/v2\/comments?post=2837"}],"wp:featuredmedia":[{"embeddable":true,"href":"http:\/\/embrion.com.py\/fisc\/wp-json\/wp\/v2\/media\/2877"}],"wp:attachment":[{"href":"http:\/\/embrion.com.py\/fisc\/wp-json\/wp\/v2\/media?parent=2837"}],"wp:term":[{"taxonomy":"product_brand","embeddable":true,"href":"http:\/\/embrion.com.py\/fisc\/wp-json\/wp\/v2\/product_brand?post=2837"},{"taxonomy":"product_cat","embeddable":true,"href":"http:\/\/embrion.com.py\/fisc\/wp-json\/wp\/v2\/product_cat?post=2837"},{"taxonomy":"product_tag","embeddable":true,"href":"http:\/\/embrion.com.py\/fisc\/wp-json\/wp\/v2\/product_tag?post=2837"}],"curies":[{"name":"wp","href":"https:\/\/api.w.org\/{rel}","templated":true}]}}