{"id":2834,"date":"2022-12-19T19:22:14","date_gmt":"2022-12-19T19:22:14","guid":{"rendered":"https:\/\/fisc.webparaguay.com\/?post_type=product&#038;p=2834"},"modified":"2024-07-26T21:42:21","modified_gmt":"2024-07-27T01:42:21","slug":"digestor-k-425","status":"publish","type":"product","link":"http:\/\/embrion.com.py\/fisc\/producto\/kjeldahl\/digestor-k-425\/","title":{"rendered":"Digestor K-425"},"content":{"rendered":"<ul>\n<li>Voltaje de funcionamiento 220 &#8211; 240 V \u00b1 10%<\/li>\n<li>Frecuencia 50\/60 Hz<\/li>\n<li>Consumo de energ\u00eda 2000 W<\/li>\n<li>Temperatura m\u00e1xima: 580 \u00b0 C<\/li>\n<li>Grado de protecci\u00f3n IP 20<\/li>\n<li>Aprobaci\u00f3n CE \/ CSA<\/li>\n<li>6 posiciones de muestra<\/li>\n<li>Control anal\u00f3gico de temperatura<\/li>\n<\/ul>\n<p><strong>Beneficios y ventajas\u00a0<\/strong><\/p>\n<ul>\n<li>R\u00e1pida transferencia de calor de los calefactores infrarrojos a las muestras \u2219 Gran ahorro de tiempo por una r\u00e1pida calefacci\u00f3n y enfriamiento \u2219 Incremento del rendimiento anal\u00edtico por el ahorro de tiempo<\/li>\n<li>El equipo es v\u00e1lido tanto para digestiones Kjeldahl como con reflujo \u2219 Permite usar todos los tubos de muestra de BUCHI (100 mL, 300 mL, 500 mL) \u2219 Tambi\u00e9n tubos seg\u00fan ISO 6060 para DQO o para otras digestiones con reflujo (p.ej. agua regia) \u2219 M\u00f3dulo de succi\u00f3n especial para muestras de aguas<\/li>\n<li>M\u00f3dulo de succi\u00f3n herm\u00e9tico para una eliminaci\u00f3n efectiva de los vapores desagradables.<\/li>\n<\/ul>\n<p><strong>Aplicaci\u00f3n<\/strong><\/p>\n<ul>\n<li>Alimentos \/ Bebidas: Cereales, productos l\u00e1cteos, carne, pastas, marisco, comidas preparadas, comidas a base de vegetales.<\/li>\n<li>Piensos \/ Productos agr\u00edcolas: Piensos mixtos y acabados (para rumiantes, cerdos, aves), ingredientes como harinas de semillas oleaginosas, cereales, c\u00e1scaras y salvado<\/li>\n<li>Farmacia \/ Biotecnolog\u00eda: Materias primas, ingredientes farmac\u00e9uticos activos (API por sus siglas en ingl\u00e9s), excipientes, vacunas, ung\u00fcentos, productos naturales, productos nutrac\u00e9uticos, productos de plasma sangu\u00edneo, toxinas, cosm\u00e9ticos, productos biofarmac\u00e9uticos<\/li>\n<li>Sustancias qu\u00edmicas \/ Fertilizantes: Sustancias qu\u00edmicas b\u00e1sicas, productos petroqu\u00edmicos y productos qu\u00edmicos especiales, fertilizantes, cosm\u00e9ticos, aceites lubricantes<\/li>\n<li>Muestras ambientales: Muestras de agua, muestras de suelos, aguas residuales, cenizas vol\u00e1tiles.<\/li>\n<\/ul>\n","protected":false},"excerpt":{"rendered":"<p>Establezca nuevos est\u00e1ndares en rapidez de las digestiones, flexibilidad de uso y reproductibilidad de resultados con el SpeedDigester IR. Aumente la cantidad de muestras procesadas en los an\u00e1lisis de los valores de nitr\u00f3geno mediante digesti\u00f3n Kjeldahl y multiplique las funcionalidades del instrumental para poder atender necesidades cambiantes.<\/p>\n","protected":false},"featured_media":4044,"comment_status":"closed","ping_status":"closed","template":"","meta":{"_et_pb_use_builder":"","_et_pb_old_content":"","_et_gb_content_width":"","_joinchat":[]},"product_brand":[],"product_cat":[58],"product_tag":[19],"class_list":{"0":"post-2834","1":"product","2":"type-product","3":"status-publish","4":"has-post-thumbnail","6":"product_cat-kjeldahl","7":"product_tag-buchi","9":"first","10":"instock","11":"shipping-taxable","12":"product-type-simple"},"_links":{"self":[{"href":"http:\/\/embrion.com.py\/fisc\/wp-json\/wp\/v2\/product\/2834","targetHints":{"allow":["GET"]}}],"collection":[{"href":"http:\/\/embrion.com.py\/fisc\/wp-json\/wp\/v2\/product"}],"about":[{"href":"http:\/\/embrion.com.py\/fisc\/wp-json\/wp\/v2\/types\/product"}],"replies":[{"embeddable":true,"href":"http:\/\/embrion.com.py\/fisc\/wp-json\/wp\/v2\/comments?post=2834"}],"wp:featuredmedia":[{"embeddable":true,"href":"http:\/\/embrion.com.py\/fisc\/wp-json\/wp\/v2\/media\/4044"}],"wp:attachment":[{"href":"http:\/\/embrion.com.py\/fisc\/wp-json\/wp\/v2\/media?parent=2834"}],"wp:term":[{"taxonomy":"product_brand","embeddable":true,"href":"http:\/\/embrion.com.py\/fisc\/wp-json\/wp\/v2\/product_brand?post=2834"},{"taxonomy":"product_cat","embeddable":true,"href":"http:\/\/embrion.com.py\/fisc\/wp-json\/wp\/v2\/product_cat?post=2834"},{"taxonomy":"product_tag","embeddable":true,"href":"http:\/\/embrion.com.py\/fisc\/wp-json\/wp\/v2\/product_tag?post=2834"}],"curies":[{"name":"wp","href":"https:\/\/api.w.org\/{rel}","templated":true}]}}