{"id":2832,"date":"2022-12-19T19:22:14","date_gmt":"2022-12-19T19:22:14","guid":{"rendered":"https:\/\/fisc.webparaguay.com\/?post_type=product&#038;p=2832"},"modified":"2024-07-26T20:14:10","modified_gmt":"2024-07-27T00:14:10","slug":"kjelsampler-k-376-k-377","status":"publish","type":"product","link":"http:\/\/embrion.com.py\/fisc\/producto\/kjeldahl\/kjelsampler-k-376-k-377\/","title":{"rendered":"KjelSampler K-376 \/ K-377"},"content":{"rendered":"<ul>\n<li><strong>KjelSampler K-376<\/strong>\n<ul>\n<li>Dimensiones (AnxAlxP) 505 x 750 x 655 mm<\/li>\n<li>Peso 40 kg<\/li>\n<li>Sensor de seguridad &#8211; Pantalla cerrada: 1<\/li>\n<li>Sensor de seguridad &#8211; Detecci\u00f3n del tubo de muestra: 1<\/li>\n<li>Sensor de seguridad: detecci\u00f3n de colisiones: 1<\/li>\n<li>Fuente de alimentaci\u00f3n: 100 &#8211; 240 V \u00b1 10%<\/li>\n<li>Frecuencia: 50\/60 Hz<\/li>\n<li>Consumo de energ\u00eda: 150 W<\/li>\n<\/ul>\n<\/li>\n<li><strong>KjelSampler K-377<\/strong>\n<ul>\n<li>Dimensiones (AnxAlxP) 1015 x 750 x 655 mm<\/li>\n<li>Peso 64 kg<\/li>\n<li>Sensor de seguridad &#8211; Pantalla cerrada: 2<\/li>\n<li>Sensor de seguridad &#8211; Detecci\u00f3n del tubo de muestra: 1<\/li>\n<li>Sensor de seguridad: detecci\u00f3n de colisiones: 1<\/li>\n<li>Fuente de alimentaci\u00f3n: 100 &#8211; 240 V \u00b1 10%<\/li>\n<li>Frecuencia: 50\/60 Hz<\/li>\n<li>Consumo de energ\u00eda: 150 W<\/li>\n<\/ul>\n<\/li>\n<\/ul>\n<p><strong>Beneficios y ventajas<\/strong><\/p>\n<ul>\n<li>Procesa 24 (K-376) o 48 muestras (K-377) de manera totalmente desatendida<\/li>\n<li>Perfecta sincronizaci\u00f3n de todas las etapas del proceso, desde la digesti\u00f3n y el muestreo autom\u00e1tico<\/li>\n<li>Totalmente autom\u00e1tico con el KjelMaster K-375<\/li>\n<li>Rutina sin interrupci\u00f3n usando dos porta-tubos independientes (K-377)<\/li>\n<li>El m\u00e1s peque\u00f1o de sobremesa en su categor\u00eda<\/li>\n<li>Porta-tubos Express\u201d permiten procesar muestras urgentes<\/li>\n<li>Operativa autom\u00e1tica o manual en cualquier momento \u2219 Permite el uso de todos los tipos de tubos BUCHI (100 mL, 300 mL, 500 mL)<\/li>\n<li>No requiere lavado de los tubos de muestras<\/li>\n<li>Proceso limpio y seguro, sin transporte de los tubos de vidrio<\/li>\n<li>Sin contacto con los reactivos gracias a la dosificaci\u00f3n autom\u00e1tica de los mismos<\/li>\n<li>En cualquier momento se puede colocar f\u00e1cilmente un seguro porta-tubos<\/li>\n<li>Alarga la vida de los componentes de vidrio gracias a la corta exposici\u00f3n a los reactivos.<\/li>\n<\/ul>\n<p><strong>Aplicaci\u00f3n<\/strong><\/p>\n<ul>\n<li>Alimentaci\u00f3n: prote\u00edna, nitr\u00f3geno no proteico (NNP), case\u00edna (NNC), nitr\u00f3geno b\u00e1sico vol\u00e1til total (NBVT), formaldeh\u00eddo<\/li>\n<li>Bebidas: prote\u00edna, alcohol, \u00e1cidos vol\u00e1tiles, diacetilo<\/li>\n<li>Qu\u00edmicas \/ Agr\u00edcolas: amon\u00edaco, nitrato, nitrito (Devarda), nitr\u00f3geno total<\/li>\n<li>Farmac\u00e9utica \/ Cosm\u00e9ticos: nitr\u00f3geno org\u00e1nico, p\u00e9ptidos, amonio, urea<\/li>\n<li>An\u00e1lisis medioambiental: amonio, nitr\u00f3geno total Kjeldahl, nitrato, nitrito (Devarda).<\/li>\n<\/ul>\n","protected":false},"excerpt":{"rendered":"<p>Los KjelSampler K-376 o K-377, en combinaci\u00f3n con el KjelMaster K-375 satisfacen las m\u00e1s altas exigencias en an\u00e1lisis Kjeldahl. El sistema ofrece el m\u00e1s alto grado de automatizaci\u00f3n y flexibilidad.<\/p>\n","protected":false},"featured_media":2868,"comment_status":"closed","ping_status":"closed","template":"","meta":{"_et_pb_use_builder":"","_et_pb_old_content":"","_et_gb_content_width":"","_joinchat":[]},"product_brand":[],"product_cat":[58],"product_tag":[19],"class_list":{"0":"post-2832","1":"product","2":"type-product","3":"status-publish","4":"has-post-thumbnail","6":"product_cat-kjeldahl","7":"product_tag-buchi","9":"first","10":"instock","11":"shipping-taxable","12":"product-type-simple"},"_links":{"self":[{"href":"http:\/\/embrion.com.py\/fisc\/wp-json\/wp\/v2\/product\/2832","targetHints":{"allow":["GET"]}}],"collection":[{"href":"http:\/\/embrion.com.py\/fisc\/wp-json\/wp\/v2\/product"}],"about":[{"href":"http:\/\/embrion.com.py\/fisc\/wp-json\/wp\/v2\/types\/product"}],"replies":[{"embeddable":true,"href":"http:\/\/embrion.com.py\/fisc\/wp-json\/wp\/v2\/comments?post=2832"}],"wp:featuredmedia":[{"embeddable":true,"href":"http:\/\/embrion.com.py\/fisc\/wp-json\/wp\/v2\/media\/2868"}],"wp:attachment":[{"href":"http:\/\/embrion.com.py\/fisc\/wp-json\/wp\/v2\/media?parent=2832"}],"wp:term":[{"taxonomy":"product_brand","embeddable":true,"href":"http:\/\/embrion.com.py\/fisc\/wp-json\/wp\/v2\/product_brand?post=2832"},{"taxonomy":"product_cat","embeddable":true,"href":"http:\/\/embrion.com.py\/fisc\/wp-json\/wp\/v2\/product_cat?post=2832"},{"taxonomy":"product_tag","embeddable":true,"href":"http:\/\/embrion.com.py\/fisc\/wp-json\/wp\/v2\/product_tag?post=2832"}],"curies":[{"name":"wp","href":"https:\/\/api.w.org\/{rel}","templated":true}]}}