{"id":2831,"date":"2022-12-19T19:22:13","date_gmt":"2022-12-19T19:22:13","guid":{"rendered":"https:\/\/fisc.webparaguay.com\/?post_type=product&#038;p=2831"},"modified":"2024-07-26T20:12:23","modified_gmt":"2024-07-27T00:12:23","slug":"kjelmaster-k-446-k-449","status":"publish","type":"product","link":"http:\/\/embrion.com.py\/fisc\/producto\/kjeldahl\/kjelmaster-k-446-k-449\/","title":{"rendered":"KjelMaster K-446\/K-449"},"content":{"rendered":"<ul>\n<li>Voltaje de funcionamiento 220 &#8211; 240 V \u00b1 10%<\/li>\n<li>Frecuencia 50\/60 Hz<\/li>\n<li>Consumo de energ\u00eda m\u00e1x. 2300 W<\/li>\n<li>Pantalla LCD (2 l\u00edneas)<\/li>\n<li>Rango de control de temperatura 30 &#8211; 450 \u00b0 C<\/li>\n<li>Pantalla de temperatura de resoluci\u00f3n \u00b1 1 \u00b0 C<\/li>\n<li>Estabilidad de temperatura media \u00b1 1 \u00b0 C<\/li>\n<li>Precisi\u00f3n de temperatura absoluta \u00b1 7 \u00b0 C a 420 \u00b0 C<\/li>\n<li>Aprobaci\u00f3n UL \/ CSA, CE<\/li>\n<\/ul>\n<p><strong>Beneficios y ventajas\u00a0<\/strong><\/p>\n<ul>\n<li>Aceleraci\u00f3n de la fase de calentamiento y enfriamiento, ahorrando hasta dos horas<\/li>\n<li>Transferencia directa del rack de 20 posiciones al KjelSampler<\/li>\n<li>Funcionamiento sin supervisi\u00f3n gracias al elevador autom\u00e1tico y a la hora de inicio programada (solo K-449)<\/li>\n<li>Perfiles de tiempo\/temperatura programables y control total del Scrubber K-415 (solo K-449)<\/li>\n<li>El sellado mejorado permite la evacuaci\u00f3n eficaz de vapores nocivos<\/li>\n<li>El elevador autom\u00e1tico evita el contacto del usuario con las muestras calientes (solo K-449)<\/li>\n<li>Pr\u00e1ctica fijaci\u00f3n magn\u00e9tica del m\u00f3dulo de aspiraci\u00f3n<\/li>\n<li>Vida \u00fatil prolongada con la bandeja protectora antigoteo para bloque y accesorios<\/li>\n<li>Cumple normas oficiales como AOAC, ISO, EN<\/li>\n<li>Control preciso de la temperatura siguiendo el perfil programado<\/li>\n<li>Digesti\u00f3n reproducible debido una mejorada homogeneidad t\u00e9rmica<\/li>\n<\/ul>\n<p><strong>Aplicaci\u00f3n<\/strong><\/p>\n<ul>\n<li>Alimentos \/ Bebidas: Cereales, productos l\u00e1cteos, carne, pastas, marisco, comidas preparadas, comidas a base de vegetales.<\/li>\n<li>Piensos \/ Productos agr\u00edcolas: Piensos mixtos y acabados (para rumiantes, cerdos, aves), ingredientes como harinas de semillas oleaginosas, cereales, c\u00e1scaras y salvado<\/li>\n<li>Farmacia \/ Biotecnolog\u00eda: Materias primas, ingredientes farmac\u00e9uticos activos (API por sus siglas en ingl\u00e9s), excipientes, vacunas, ung\u00fcentos, productos naturales, productos nutrac\u00e9uticos, productos de plasma sangu\u00edneo, toxinas, cosm\u00e9ticos, productos biofarmac\u00e9uticos<\/li>\n<li>Sustancias qu\u00edmicas \/ Fertilizantes: Sustancias qu\u00edmicas b\u00e1sicas, productos petroqu\u00edmicos y productos qu\u00edmicos especiales, fertilizantes, cosm\u00e9ticos, aceites lubricantes<\/li>\n<li>Muestras ambientales: Muestras de agua, muestras de suelos, aguas residuales, cenizas vol\u00e1tiles<\/li>\n<\/ul>\n","protected":false},"excerpt":{"rendered":"<p>El KjelDigester K-446 \/ K-449 acorta el proceso de digesti\u00f3n de bloque hasta dos horas y cumple los requisitos de seguridad m\u00e1s estrictos. Su elevado grado de automatizaci\u00f3n es el complemento ideal para el Sistema KjelMaster, lo que permite procesar m\u00e1s muestras al d\u00eda.<\/p>\n","protected":false},"featured_media":2867,"comment_status":"open","ping_status":"closed","template":"","meta":{"_et_pb_use_builder":"","_et_pb_old_content":"","_et_gb_content_width":"","_joinchat":[]},"product_brand":[],"product_cat":[59,58],"product_tag":[19],"class_list":{"0":"post-2831","1":"product","2":"type-product","3":"status-publish","4":"has-post-thumbnail","6":"product_cat-digestores","7":"product_cat-kjeldahl","8":"product_tag-buchi","10":"first","11":"instock","12":"shipping-taxable","13":"product-type-simple"},"_links":{"self":[{"href":"http:\/\/embrion.com.py\/fisc\/wp-json\/wp\/v2\/product\/2831","targetHints":{"allow":["GET"]}}],"collection":[{"href":"http:\/\/embrion.com.py\/fisc\/wp-json\/wp\/v2\/product"}],"about":[{"href":"http:\/\/embrion.com.py\/fisc\/wp-json\/wp\/v2\/types\/product"}],"replies":[{"embeddable":true,"href":"http:\/\/embrion.com.py\/fisc\/wp-json\/wp\/v2\/comments?post=2831"}],"wp:featuredmedia":[{"embeddable":true,"href":"http:\/\/embrion.com.py\/fisc\/wp-json\/wp\/v2\/media\/2867"}],"wp:attachment":[{"href":"http:\/\/embrion.com.py\/fisc\/wp-json\/wp\/v2\/media?parent=2831"}],"wp:term":[{"taxonomy":"product_brand","embeddable":true,"href":"http:\/\/embrion.com.py\/fisc\/wp-json\/wp\/v2\/product_brand?post=2831"},{"taxonomy":"product_cat","embeddable":true,"href":"http:\/\/embrion.com.py\/fisc\/wp-json\/wp\/v2\/product_cat?post=2831"},{"taxonomy":"product_tag","embeddable":true,"href":"http:\/\/embrion.com.py\/fisc\/wp-json\/wp\/v2\/product_tag?post=2831"}],"curies":[{"name":"wp","href":"https:\/\/api.w.org\/{rel}","templated":true}]}}