{"id":2830,"date":"2022-12-19T19:22:13","date_gmt":"2022-12-19T19:22:13","guid":{"rendered":"https:\/\/fisc.webparaguay.com\/?post_type=product&#038;p=2830"},"modified":"2024-07-26T20:11:19","modified_gmt":"2024-07-27T00:11:19","slug":"kjelmaster-k-375","status":"publish","type":"product","link":"http:\/\/embrion.com.py\/fisc\/producto\/kjeldahl\/kjelmaster-k-375\/","title":{"rendered":"KjelMaster K-375"},"content":{"rendered":"<ul>\n<li>Dimensiones (AxAlxPr) 458 x 670 x 431 mm<\/li>\n<li>Peso 32 kg<\/li>\n<li>Pantalla t\u00e1ctil a color de 8,4 pulgadas<\/li>\n<li>Memoria&gt; 100.000 resultados<\/li>\n<li>Administraci\u00f3n de usuarios: Nivel de administrador y operador<\/li>\n<li>Volumen m\u00ednimo del titulador: 2 \u00b5l \/ paso<\/li>\n<li>Idiomas disponibles: DE, EN, FR, IT, ES, JA, CN, RU, PL, KO<\/li>\n<li>Bombas: NaOH, H3BO3, H2O<\/li>\n<li>Salida de vapor ajustable: 30-100%<\/li>\n<li>Rango de medici\u00f3n 0,02 &#8211; 200 mg N<\/li>\n<li>Reproducibilidad (RSD)&gt; 1%<\/li>\n<li>Recuperaci\u00f3n 99,5% (1 &#8211; 200 mg N)<\/li>\n<li>2 Puertos RS232<\/li>\n<li>3 Puertos USB<\/li>\n<li>Sensores de seguridad 3 (puerta de servicio, puerta de protecci\u00f3n, tubo de muestra)<\/li>\n<li>Fuente de alimentaci\u00f3n 220 &#8211; 240 V \u00b1 10%<\/li>\n<li>Frecuencia 50\/60 Hz<\/li>\n<li>Consumo de energ\u00eda 2400 W<\/li>\n<\/ul>\n<p><strong>Beneficios y ventajas\u00a0<\/strong><\/p>\n<ul>\n<li>Eficiente: es posible procesar hasta 48 muestras con un rendimiento elevado con el KjelMaster K-377 o hasta 24 muestras con el KjelMaster K-376.<\/li>\n<li>El KjelMaster K-375 es el sistema de sobremesa m\u00e1s peque\u00f1o, lo que le ofrece mayor flexibilidad a la hora de aprovechar el espacio de su laboratorio<\/li>\n<li>flexible: funcionamiento autom\u00e1tico o manual en cualquier momento seg\u00fan sus diferentes necesidades<\/li>\n<li>Con el KjelMaster K-375 y el KjelSampler K-376 \/ K-377, no es necesario limpiar los tubos de muestras ni transferir los m\u00f3dulos de vidrio, lo que le permitir\u00e1 ahorrar tiempo y garantizar que su proceso siga siendo limpio y fiable. Toda la manipulaci\u00f3n de los reactivos se realiza autom\u00e1ticamente, lo que elimina cualquier contacto entre usted y las sustancias qu\u00edmicas nocivas.<\/li>\n<li>Cumple con CFR 21 parte 11<\/li>\n<\/ul>\n<p><strong>Aplicaci\u00f3n<\/strong><\/p>\n<ul>\n<li>Alimentaci\u00f3n: prote\u00edna, nitr\u00f3geno no proteico (NNP), case\u00edna (NNC), nitr\u00f3geno b\u00e1sico vol\u00e1til total (NBVT), formaldeh\u00eddo<\/li>\n<li>Bebidas: prote\u00edna, alcohol, \u00e1cidos vol\u00e1tiles, diacetilo<\/li>\n<li>Qu\u00edmicas \/ Agr\u00edcolas: amon\u00edaco, nitrato, nitrito (Devarda), nitr\u00f3geno total<\/li>\n<li>Farmac\u00e9utica \/ Cosm\u00e9ticos: nitr\u00f3geno org\u00e1nico, p\u00e9ptidos, amonio, urea<\/li>\n<li>An\u00e1lisis medioambiental: amonio, nitr\u00f3geno total Kjeldahl, nitrato, nitrito (Devarda)<\/li>\n<\/ul>\n<p>&nbsp;<\/p>\n","protected":false},"excerpt":{"rendered":"<p>Realice titulaciones potenciom\u00e9tricas y colorim\u00e9tricas con el KjelMaster K-375 y una amplia gama de m\u00e9todos con usabilidad perfecta. Disfrute de un rendimiento elevado, mayor automatizaci\u00f3n y gesti\u00f3n compleja de datos para analizar c\u00f3modamente el nitr\u00f3geno y las prote\u00ednas.<\/p>\n","protected":false},"featured_media":2866,"comment_status":"open","ping_status":"closed","template":"","meta":{"_et_pb_use_builder":"","_et_pb_old_content":"","_et_gb_content_width":"","_joinchat":[]},"product_brand":[],"product_cat":[58],"product_tag":[19],"class_list":{"0":"post-2830","1":"product","2":"type-product","3":"status-publish","4":"has-post-thumbnail","6":"product_cat-kjeldahl","7":"product_tag-buchi","9":"first","10":"instock","11":"shipping-taxable","12":"product-type-simple"},"_links":{"self":[{"href":"http:\/\/embrion.com.py\/fisc\/wp-json\/wp\/v2\/product\/2830","targetHints":{"allow":["GET"]}}],"collection":[{"href":"http:\/\/embrion.com.py\/fisc\/wp-json\/wp\/v2\/product"}],"about":[{"href":"http:\/\/embrion.com.py\/fisc\/wp-json\/wp\/v2\/types\/product"}],"replies":[{"embeddable":true,"href":"http:\/\/embrion.com.py\/fisc\/wp-json\/wp\/v2\/comments?post=2830"}],"wp:featuredmedia":[{"embeddable":true,"href":"http:\/\/embrion.com.py\/fisc\/wp-json\/wp\/v2\/media\/2866"}],"wp:attachment":[{"href":"http:\/\/embrion.com.py\/fisc\/wp-json\/wp\/v2\/media?parent=2830"}],"wp:term":[{"taxonomy":"product_brand","embeddable":true,"href":"http:\/\/embrion.com.py\/fisc\/wp-json\/wp\/v2\/product_brand?post=2830"},{"taxonomy":"product_cat","embeddable":true,"href":"http:\/\/embrion.com.py\/fisc\/wp-json\/wp\/v2\/product_cat?post=2830"},{"taxonomy":"product_tag","embeddable":true,"href":"http:\/\/embrion.com.py\/fisc\/wp-json\/wp\/v2\/product_tag?post=2830"}],"curies":[{"name":"wp","href":"https:\/\/api.w.org\/{rel}","templated":true}]}}