{"id":2829,"date":"2022-12-19T19:22:12","date_gmt":"2022-12-19T19:22:12","guid":{"rendered":"https:\/\/fisc.webparaguay.com\/?post_type=product&#038;p=2829"},"modified":"2024-04-16T07:57:10","modified_gmt":"2024-04-16T11:57:10","slug":"easykjel-2","status":"publish","type":"product","link":"http:\/\/embrion.com.py\/fisc\/producto\/kjeldahl\/easykjel-2\/","title":{"rendered":"EasyKjel"},"content":{"rendered":"<ul style=\"font-weight: 400;\">\n<li data-leveltext=\"\uf0b7\" data-font=\"Symbol\" data-listid=\"8\" data-list-defn-props=\"{&quot;335552541&quot;:1,&quot;335559684&quot;:-2,&quot;335559685&quot;:1080,&quot;335559991&quot;:360,&quot;469769226&quot;:&quot;Symbol&quot;,&quot;469769242&quot;:[8226],&quot;469777803&quot;:&quot;left&quot;,&quot;469777804&quot;:&quot;\uf0b7&quot;,&quot;469777815&quot;:&quot;hybridMultilevel&quot;}\" aria-setsize=\"-1\" data-aria-posinset=\"1\" data-aria-level=\"1\"><span data-contrast=\"auto\">El equipo cuenta con un protector contra salpicaduras de vidrio.<\/span><span data-ccp-props=\"{&quot;201341983&quot;:0,&quot;335559739&quot;:160,&quot;335559740&quot;:259,&quot;469777462&quot;:[2445],&quot;469777927&quot;:[0],&quot;469777928&quot;:[1]}\">\u00a0<\/span><\/li>\n<li data-leveltext=\"\uf0b7\" data-font=\"Symbol\" data-listid=\"8\" data-list-defn-props=\"{&quot;335552541&quot;:1,&quot;335559684&quot;:-2,&quot;335559685&quot;:1080,&quot;335559991&quot;:360,&quot;469769226&quot;:&quot;Symbol&quot;,&quot;469769242&quot;:[8226],&quot;469777803&quot;:&quot;left&quot;,&quot;469777804&quot;:&quot;\uf0b7&quot;,&quot;469777815&quot;:&quot;hybridMultilevel&quot;}\" aria-setsize=\"-1\" data-aria-posinset=\"2\" data-aria-level=\"1\"><span data-contrast=\"auto\">Est\u00e1 equipado con una bomba dosificadora de Hidr\u00f3xido de sodio para alcalinizaci\u00f3n.<\/span><span data-ccp-props=\"{&quot;201341983&quot;:0,&quot;335559739&quot;:160,&quot;335559740&quot;:259,&quot;469777462&quot;:[2445],&quot;469777927&quot;:[0],&quot;469777928&quot;:[1]}\">\u00a0<\/span><\/li>\n<li data-leveltext=\"\uf0b7\" data-font=\"Symbol\" data-listid=\"8\" data-list-defn-props=\"{&quot;335552541&quot;:1,&quot;335559684&quot;:-2,&quot;335559685&quot;:1080,&quot;335559991&quot;:360,&quot;469769226&quot;:&quot;Symbol&quot;,&quot;469769242&quot;:[8226],&quot;469777803&quot;:&quot;left&quot;,&quot;469777804&quot;:&quot;\uf0b7&quot;,&quot;469777815&quot;:&quot;hybridMultilevel&quot;}\" aria-setsize=\"-1\" data-aria-posinset=\"3\" data-aria-level=\"1\"><span data-contrast=\"auto\">Cuenta con <\/span><span data-contrast=\"auto\">una pantalla a color de 4,3 pulgadas con rueda de control.\u00a0<\/span><\/li>\n<\/ul>\n<p><strong>Beneficios y ventajas\u00a0<\/strong><\/p>\n<ul>\n<li>Equipo esencial para la determinaci\u00f3n de prote\u00ednas\/nitr\u00f3geno<\/li>\n<li>Excelente experiencia de usuario<\/li>\n<li>Funcionamiento seguro<\/li>\n<li>La alcalinizaci\u00f3n optimizada permite ahorrar hasta un 30 % de reactivo<\/li>\n<li>Control inteligente del agua de refrigeraci\u00f3n para reducir el consumo de agua<\/li>\n<\/ul>\n<p><strong>Aplicaci\u00f3n<\/strong><\/p>\n<ul>\n<li>Alimentos \/ Bebidas: Cereales, productos l\u00e1cteos, carne, pastas, marisco, comidas preparadas, comidas a base de vegetales.<\/li>\n<li>Piensos \/ Productos agr\u00edcolas: Piensos mixtos y acabados (para rumiantes, cerdos, aves), ingredientes como harinas de semillas oleaginosas, cereales, c\u00e1scaras y salvado<\/li>\n<li>Farmacia \/ Biotecnolog\u00eda: Materias primas, ingredientes farmac\u00e9uticos activos (API por sus siglas en ingl\u00e9s), excipientes, vacunas, ung\u00fcentos, productos naturales, productos nutrac\u00e9uticos, productos de plasma sangu\u00edneo, toxinas, cosm\u00e9ticos, productos biofarmac\u00e9uticos<\/li>\n<li>Sustancias qu\u00edmicas \/ Fertilizantes: Sustancias qu\u00edmicas b\u00e1sicas, productos petroqu\u00edmicos y productos qu\u00edmicos especiales, fertilizantes, cosm\u00e9ticos, aceites lubricantes<\/li>\n<li>Muestras ambientales: Muestras de agua, muestras de suelos, aguas residuales, cenizas vol\u00e1tiles<\/li>\n<\/ul>\n","protected":false},"excerpt":{"rendered":"<p>Las unidades de destilaci\u00f3n por inyecci\u00f3n de vapor m\u00e1s recientes de BUCHI son extremadamente precisas, garantizan un uso sostenible de los recursos y ofrecen una seguridad m\u00e1xima mientras est\u00e1n en funcionamiento. Los instrumentos se han dise\u00f1ado para ajustarse a sus necesidades individuales y proporcionan el m\u00e1ximo rendimiento de la forma m\u00e1s c\u00f3moda.<\/p>\n","protected":false},"featured_media":3941,"comment_status":"closed","ping_status":"closed","template":"","meta":{"_et_pb_use_builder":"","_et_pb_old_content":"","_et_gb_content_width":"","_joinchat":[]},"product_brand":[],"product_cat":[58],"product_tag":[19],"class_list":{"0":"post-2829","1":"product","2":"type-product","3":"status-publish","4":"has-post-thumbnail","6":"product_cat-kjeldahl","7":"product_tag-buchi","9":"first","10":"instock","11":"shipping-taxable","12":"product-type-simple"},"_links":{"self":[{"href":"http:\/\/embrion.com.py\/fisc\/wp-json\/wp\/v2\/product\/2829","targetHints":{"allow":["GET"]}}],"collection":[{"href":"http:\/\/embrion.com.py\/fisc\/wp-json\/wp\/v2\/product"}],"about":[{"href":"http:\/\/embrion.com.py\/fisc\/wp-json\/wp\/v2\/types\/product"}],"replies":[{"embeddable":true,"href":"http:\/\/embrion.com.py\/fisc\/wp-json\/wp\/v2\/comments?post=2829"}],"wp:featuredmedia":[{"embeddable":true,"href":"http:\/\/embrion.com.py\/fisc\/wp-json\/wp\/v2\/media\/3941"}],"wp:attachment":[{"href":"http:\/\/embrion.com.py\/fisc\/wp-json\/wp\/v2\/media?parent=2829"}],"wp:term":[{"taxonomy":"product_brand","embeddable":true,"href":"http:\/\/embrion.com.py\/fisc\/wp-json\/wp\/v2\/product_brand?post=2829"},{"taxonomy":"product_cat","embeddable":true,"href":"http:\/\/embrion.com.py\/fisc\/wp-json\/wp\/v2\/product_cat?post=2829"},{"taxonomy":"product_tag","embeddable":true,"href":"http:\/\/embrion.com.py\/fisc\/wp-json\/wp\/v2\/product_tag?post=2829"}],"curies":[{"name":"wp","href":"https:\/\/api.w.org\/{rel}","templated":true}]}}