{"id":2827,"date":"2022-12-19T19:22:12","date_gmt":"2022-12-19T19:22:12","guid":{"rendered":"https:\/\/fisc.webparaguay.com\/?post_type=product&#038;p=2827"},"modified":"2025-02-04T13:38:26","modified_gmt":"2025-02-04T16:38:26","slug":"zetium","status":"publish","type":"product","link":"http:\/\/embrion.com.py\/fisc\/producto\/fluorescencia-de-rayos-x\/zetium\/","title":{"rendered":"ZETIUM"},"content":{"rendered":"<ul>\n<li>Rango anal\u00edtico de berilio a americio.<\/li>\n<li>Rango de concentraci\u00f3n de ppm a 100% en peso.<\/li>\n<li>Optimizaci\u00f3n de potencia de 1 a 2,4, 3 o 4 kW para una sensibilidad mejorada y tiempos de an\u00e1lisis m\u00e1s r\u00e1pidos.Gama de materiales an\u00f3dicos Rh, Cr, Mo y Au del tubo de rayos X para un rendimiento espec\u00edfico de aplicaciones.<\/li>\n<li>Detector d\u00faplex para sensibilidad mejorada y un rango din\u00e1mico m\u00e1s amplio para el an\u00e1lisis de metales de transici\u00f3n.<\/li>\n<li>Detector de centelleo de alto rendimiento para mayor rango din\u00e1mico de elementos pesados (lineal de hasta 3,5 Mcps), ideal para an\u00e1lisis de alta precisi\u00f3n de niobio y molibdeno en aceros.<\/li>\n<li>An\u00e1lisis y mapeo de punto peque\u00f1o.<\/li>\n<li>Tecnolog\u00eda SumXcore: reducci\u00f3n de los tiempos de medici\u00f3n de hasta el 50 %, con un programa ED<\/li>\n<li>Tubos de Rayos-X robustos y libres de deriva.<\/li>\n<li>Revestimiento de la ventana del tubo de rayos X CHI-BLUE para mayor durabilidad del tubo de rayos X y resistencia a la corrosi\u00f3n<\/li>\n<li>Cambiador de muestra de alta capacidad (hasta 209 posiciones) para aplicaciones de alto rendimiento<\/li>\n<li>Identificaci\u00f3n del tipo de muestra (s\u00f3lidos y l\u00edquidos)<\/li>\n<li>M\u00e1scaras del colimador programables para tama\u00f1os de muestra de entre 6 mm y 40 mm.<\/li>\n<\/ul>\n<p><strong>Beneficios y ventajas\u00a0<\/strong><\/p>\n<ul>\n<li>Dise\u00f1o compacto<\/li>\n<li>Capaz de realizar an\u00e1lisis elementales de una amplia gama de materiales, incluidos s\u00f3lidos, l\u00edquidos y polvos sueltos.<\/li>\n<li>Manejo flexible de muestras.<\/li>\n<li>Software sencillo e intuitivo con Virtual Analyst<\/li>\n<li>Exactitud y reproducibilidad inigualable.<\/li>\n<li>Capacitaci\u00f3n y entrenamiento personalizado.<\/li>\n<li>Costo casi nulo en reactivos.<\/li>\n<li>Preparaci\u00f3n de muestra casi nula.<\/li>\n<li>Mantenimiento r\u00e1pido del instrumento y tiempo de inactividad m\u00ednimo.<\/li>\n<li>Smart Manager: Software que permite el monitoreo del status general del sistema 24\/7.<\/li>\n<\/ul>\n<p><strong>Aplicaciones<\/strong><\/p>\n<ul>\n<li><a href=\"https:\/\/www.malvernpanalytical.com\/es\/products\/product-range\/zetium\/the-ultimate-edition-of-zetium\/\">Zetium edici\u00f3n Ultimate<\/a><\/li>\n<li><a href=\"https:\/\/www.malvernpanalytical.com\/es\/products\/product-range\/zetium\/the-cement-edition-of-zetium\/\">Zetium edici\u00f3n Cement<\/a><\/li>\n<li><a href=\"https:\/\/www.malvernpanalytical.com\/es\/products\/product-range\/zetium\/the-metals-edition-of-zetium\/\">Zetium edici\u00f3n Metales<\/a><\/li>\n<li><a href=\"https:\/\/www.malvernpanalytical.com\/es\/products\/product-range\/zetium\/the-polymers-edition-of-zetium\/\">Zetium edici\u00f3n Pol\u00edmeros<\/a><\/li>\n<li><a href=\"https:\/\/www.malvernpanalytical.com\/es\/products\/product-range\/zetium\/the-minerals-edition-of-zetium\/\">Zetium edici\u00f3n Minerales<\/a><\/li>\n<\/ul>\n","protected":false},"excerpt":{"rendered":"<p>La espectrometr\u00eda de fluorescencia de rayos X (XRF) ofrece un an\u00e1lisis elemental de una amplia gama de materiales, como s\u00f3lidos, l\u00edquidos y polvos sueltos. Dise\u00f1ado para cumplir con las aplicaciones de I+D y el control de proceso m\u00e1s exigentes, el espectr\u00f3metro Zetium lidera el mercado en dise\u00f1o de alta calidad y funciones innovadoras para an\u00e1lisis de sub-ppm a porcentaje desde berilio hasta americio.<\/p>\n","protected":false},"featured_media":2854,"comment_status":"closed","ping_status":"closed","template":"","meta":{"_et_pb_use_builder":"","_et_pb_old_content":"","_et_gb_content_width":"","_joinchat":[]},"product_brand":[],"product_cat":[57],"product_tag":[25],"class_list":{"0":"post-2827","1":"product","2":"type-product","3":"status-publish","4":"has-post-thumbnail","6":"product_cat-fluorescencia-de-rayos-x","7":"product_tag-malvern-panalytical","9":"first","10":"instock","11":"shipping-taxable","12":"product-type-simple"},"_links":{"self":[{"href":"http:\/\/embrion.com.py\/fisc\/wp-json\/wp\/v2\/product\/2827","targetHints":{"allow":["GET"]}}],"collection":[{"href":"http:\/\/embrion.com.py\/fisc\/wp-json\/wp\/v2\/product"}],"about":[{"href":"http:\/\/embrion.com.py\/fisc\/wp-json\/wp\/v2\/types\/product"}],"replies":[{"embeddable":true,"href":"http:\/\/embrion.com.py\/fisc\/wp-json\/wp\/v2\/comments?post=2827"}],"wp:featuredmedia":[{"embeddable":true,"href":"http:\/\/embrion.com.py\/fisc\/wp-json\/wp\/v2\/media\/2854"}],"wp:attachment":[{"href":"http:\/\/embrion.com.py\/fisc\/wp-json\/wp\/v2\/media?parent=2827"}],"wp:term":[{"taxonomy":"product_brand","embeddable":true,"href":"http:\/\/embrion.com.py\/fisc\/wp-json\/wp\/v2\/product_brand?post=2827"},{"taxonomy":"product_cat","embeddable":true,"href":"http:\/\/embrion.com.py\/fisc\/wp-json\/wp\/v2\/product_cat?post=2827"},{"taxonomy":"product_tag","embeddable":true,"href":"http:\/\/embrion.com.py\/fisc\/wp-json\/wp\/v2\/product_tag?post=2827"}],"curies":[{"name":"wp","href":"https:\/\/api.w.org\/{rel}","templated":true}]}}