{"id":2826,"date":"2022-12-19T19:22:11","date_gmt":"2022-12-19T19:22:11","guid":{"rendered":"https:\/\/fisc.webparaguay.com\/?post_type=product&#038;p=2826"},"modified":"2024-07-26T17:40:13","modified_gmt":"2024-07-26T21:40:13","slug":"axios-fast","status":"publish","type":"product","link":"http:\/\/embrion.com.py\/fisc\/producto\/fluorescencia-de-rayos-x\/axios-fast\/","title":{"rendered":"Axios FAST"},"content":{"rendered":"<ul>\n<li>Medici\u00f3n simult\u00e1nea de hasta 28 elementos, con un m\u00ednimo de medici\u00f3n de 2 segundos por muestra.<\/li>\n<li>Canales HiPer de alta sensibilidad para el an\u00e1lisis de elementos ligeros.<\/li>\n<li>Flexibilidad anal\u00edtica con la opci\u00f3n de hasta 4 goni\u00f3metros.<\/li>\n<li>La gama de materiales de \u00e1nodos de rayos X (Rh, Cr, Mo, Au) permite obtener un rendimiento \u00f3ptimo para una aplicaci\u00f3n espec\u00edfica.<\/li>\n<li>SST-mAX con tecnolog\u00eda ZETA: elimina la desviaci\u00f3n del tubo y reduce el mantenimiento de la calibraci\u00f3n.<\/li>\n<li>Revestimiento de la ventana del tubo de rayos X CHI-BLUE para una mayor durabilidad del tubo de rayos X y m\u00e1s resistencia a la corrosi\u00f3n.<\/li>\n<li>El dispositivo de eliminaci\u00f3n de polvo quita el polvo de las muestras antes de realizar la medici\u00f3n, lo que minimiza el ingreso de polvo al sistema y maximiza el tiempo de actividad.<\/li>\n<li>La c\u00e1mara de medici\u00f3n compacta con canales montados externamente permite un acceso sin restricciones a componentes fundamentales sin comprometer el sistema al vac\u00edo, lo que permite alcanzar una estabilizaci\u00f3n r\u00e1pida despu\u00e9s del mantenimiento.<\/li>\n<\/ul>\n<p><strong>Beneficios y ventajas\u00a0<\/strong><\/p>\n<ul>\n<li>Software SuperQ con interfaz y men\u00fa altamente intuitivos.<\/li>\n<li>Medici\u00f3n simult\u00e1nea de hasta 28 elementos.<\/li>\n<li>Opci\u00f3n de hasta 4 goni\u00f3metros.<\/li>\n<li>Preparaci\u00f3n de muestra casi nula.<\/li>\n<li>Gastos en reactivos casi nulo.<\/li>\n<\/ul>\n<p><strong>Aplicaci\u00f3n<\/strong><\/p>\n<p>El Axios FAST expresa su potencia anal\u00edtica mediante su rendimiento en entornos de alta productividad como laboratorios de servicio, con el an\u00e1lisis de muestras de miner\u00eda (por ejemplo, mineral de Fe, mineral de Ni), pero tambi\u00e9n en una amplia gama de aplicaciones de producci\u00f3n y control de calidad involucradas en la industria del hierro y el acero, en las que se necesitan an\u00e1lisis de muestras inmediatos. Las aplicaciones t\u00edpicas son: calibraci\u00f3n de rango amplio para aleaciones bajas, aceros ferr\u00edticos y austen\u00edticos, calibraci\u00f3n de amplio rango de aleaciones de Al, calibraci\u00f3n de amplio rango de aleaciones de titanio, an\u00e1lisis de aceros de baja aleaci\u00f3n, an\u00e1lisis de aceros inoxidables, an\u00e1lisis de aceros para herramientas, an\u00e1lisis de hierro fundido y an\u00e1lisis de muestras de mineral de hierro preparadas como perlas fusionadas.<\/p>\n","protected":false},"excerpt":{"rendered":"<p>An\u00e1lisis de la composici\u00f3n qu\u00edmica de varios elementos en segundos, con hasta 28 elementos medidos simult\u00e1neamente en rangos de concentraci\u00f3n desde ppm hasta un 100 %.<\/p>\n","protected":false},"featured_media":2853,"comment_status":"closed","ping_status":"closed","template":"","meta":{"_et_pb_use_builder":"","_et_pb_old_content":"","_et_gb_content_width":"","_joinchat":[]},"product_brand":[],"product_cat":[57],"product_tag":[25],"class_list":{"0":"post-2826","1":"product","2":"type-product","3":"status-publish","4":"has-post-thumbnail","6":"product_cat-fluorescencia-de-rayos-x","7":"product_tag-malvern-panalytical","9":"first","10":"instock","11":"shipping-taxable","12":"product-type-simple"},"_links":{"self":[{"href":"http:\/\/embrion.com.py\/fisc\/wp-json\/wp\/v2\/product\/2826","targetHints":{"allow":["GET"]}}],"collection":[{"href":"http:\/\/embrion.com.py\/fisc\/wp-json\/wp\/v2\/product"}],"about":[{"href":"http:\/\/embrion.com.py\/fisc\/wp-json\/wp\/v2\/types\/product"}],"replies":[{"embeddable":true,"href":"http:\/\/embrion.com.py\/fisc\/wp-json\/wp\/v2\/comments?post=2826"}],"wp:featuredmedia":[{"embeddable":true,"href":"http:\/\/embrion.com.py\/fisc\/wp-json\/wp\/v2\/media\/2853"}],"wp:attachment":[{"href":"http:\/\/embrion.com.py\/fisc\/wp-json\/wp\/v2\/media?parent=2826"}],"wp:term":[{"taxonomy":"product_brand","embeddable":true,"href":"http:\/\/embrion.com.py\/fisc\/wp-json\/wp\/v2\/product_brand?post=2826"},{"taxonomy":"product_cat","embeddable":true,"href":"http:\/\/embrion.com.py\/fisc\/wp-json\/wp\/v2\/product_cat?post=2826"},{"taxonomy":"product_tag","embeddable":true,"href":"http:\/\/embrion.com.py\/fisc\/wp-json\/wp\/v2\/product_tag?post=2826"}],"curies":[{"name":"wp","href":"https:\/\/api.w.org\/{rel}","templated":true}]}}