{"id":2825,"date":"2022-12-19T19:22:11","date_gmt":"2022-12-19T19:22:11","guid":{"rendered":"https:\/\/fisc.webparaguay.com\/?post_type=product&#038;p=2825"},"modified":"2025-01-30T10:38:23","modified_gmt":"2025-01-30T13:38:23","slug":"forj","status":"publish","type":"product","link":"http:\/\/embrion.com.py\/fisc\/producto\/preparacion-de-muestras\/forj\/","title":{"rendered":"FORJ"},"content":{"rendered":"<p style=\"font-weight: 400;\"><strong>Especificaciones:<\/strong><\/p>\n<ul>\n<li>Productividad: 6 posiciones ampliable a 12<\/li>\n<li>Robustez y funcionamiento<\/li>\n<li>Detecci\u00f3n de moldes por c\u00e1mara<\/li>\n<li>Manipulaci\u00f3n ergon\u00f3mica<\/li>\n<li>Supercondensador integrado<\/li>\n<li>Ahorro de energ\u00eda: precalentamiento programable y temporizador de apagado<\/li>\n<li>Torre de luz<\/li>\n<li>Funci\u00f3n de pausa e inspecci\u00f3n<\/li>\n<li>Disminuci\u00f3n de calor r\u00e1pida<\/li>\n<li>Inyector de comprimidos de sustancia no humectante<\/li>\n<li>Monitoreo del refractario del horno<\/li>\n<li>Eficaces programas preestablecidos con descripciones completas de los m\u00e9todos para las aplicaciones m\u00e1s comunes<\/li>\n<li>Temperatura, duraci\u00f3n de los pasos, velocidad de agitaci\u00f3n, flujo de aire de refrigeraci\u00f3n, agitaci\u00f3n magn\u00e9tica y enfoque de vertido adaptables<\/li>\n<li>Varias vistas del programa: tiempo restante, gr\u00e1fico de temperatura frente a tiempo y detalles del paso de fusi\u00f3n<\/li>\n<li>Discos (XRF): Crisoles y moldes,<\/li>\n<li>Soluci\u00f3n de borato (ICP\/AA): En vaso de precipitado con \u00e1cido diluido<\/li>\n<li>Fusi\u00f3n de per\u00f3xido (ICP\/AA): Crisoles de bajo volumen: 25 ml, crisoles de gran volumen: 50 ml<\/li>\n<li>Conexi\u00f3n Ethernet y puertos USB<\/li>\n<li>Temperatura m\u00e1xima de funcionamiento: Peri\u00f3dico: 1250 \u00b0C, Constante: 1200 \u00b0C<\/li>\n<\/ul>\n<p>&nbsp;<\/p>\n<p><iframe loading=\"lazy\" title=\"YouTube video player\" src=\"https:\/\/www.youtube.com\/embed\/cr2pWdOYJlI?si=gY1wXsqGBBMzFaBO\" width=\"560\" height=\"315\" frameborder=\"0\" allowfullscreen=\"allowfullscreen\"><\/iframe><\/p>\n","protected":false},"excerpt":{"rendered":"<div><span lang=\"ES-MX\">El instrumento de fusi\u00f3n m\u00e1s r\u00e1pido, seguro y exacto del mundo para la preparaci\u00f3n de muestras.<\/span><\/div>\n<p>&nbsp;<\/p>\n","protected":false},"featured_media":3931,"comment_status":"closed","ping_status":"closed","template":"","meta":{"_et_pb_use_builder":"","_et_pb_old_content":"","_et_gb_content_width":"","_joinchat":[]},"product_brand":[],"product_cat":[38],"product_tag":[25],"class_list":{"0":"post-2825","1":"product","2":"type-product","3":"status-publish","4":"has-post-thumbnail","6":"product_cat-preparacion-de-muestras","7":"product_tag-malvern-panalytical","9":"first","10":"instock","11":"shipping-taxable","12":"product-type-simple"},"_links":{"self":[{"href":"http:\/\/embrion.com.py\/fisc\/wp-json\/wp\/v2\/product\/2825","targetHints":{"allow":["GET"]}}],"collection":[{"href":"http:\/\/embrion.com.py\/fisc\/wp-json\/wp\/v2\/product"}],"about":[{"href":"http:\/\/embrion.com.py\/fisc\/wp-json\/wp\/v2\/types\/product"}],"replies":[{"embeddable":true,"href":"http:\/\/embrion.com.py\/fisc\/wp-json\/wp\/v2\/comments?post=2825"}],"wp:featuredmedia":[{"embeddable":true,"href":"http:\/\/embrion.com.py\/fisc\/wp-json\/wp\/v2\/media\/3931"}],"wp:attachment":[{"href":"http:\/\/embrion.com.py\/fisc\/wp-json\/wp\/v2\/media?parent=2825"}],"wp:term":[{"taxonomy":"product_brand","embeddable":true,"href":"http:\/\/embrion.com.py\/fisc\/wp-json\/wp\/v2\/product_brand?post=2825"},{"taxonomy":"product_cat","embeddable":true,"href":"http:\/\/embrion.com.py\/fisc\/wp-json\/wp\/v2\/product_cat?post=2825"},{"taxonomy":"product_tag","embeddable":true,"href":"http:\/\/embrion.com.py\/fisc\/wp-json\/wp\/v2\/product_tag?post=2825"}],"curies":[{"name":"wp","href":"https:\/\/api.w.org\/{rel}","templated":true}]}}