{"id":2785,"date":"2022-12-19T19:13:45","date_gmt":"2022-12-19T19:13:45","guid":{"rendered":"https:\/\/fisc.webparaguay.com\/?post_type=product&#038;p=2785"},"modified":"2024-07-26T20:53:17","modified_gmt":"2024-07-27T00:53:17","slug":"ma488-f-digestor-para-dqo-ma488-f","status":"publish","type":"product","link":"http:\/\/embrion.com.py\/fisc\/producto\/equipamientos-laboratoriales\/ma488-f-digestor-para-dqo-ma488-f\/","title":{"rendered":"MA488\/F | Digestor para DQO MA488\/F"},"content":{"rendered":"<p><strong>Datos T\u00e9cnicos<\/strong><\/p>\n<ul>\n<li>Estructura: chapa en acero 1020 con tratamiento y pintura electrost\u00e1tica en epoxi<\/li>\n<li>Dimensiones (mm): A=810 x P=270 x Al=210 (sin varilla)<\/li>\n<li>Calefacci\u00f3n: 6 placas cer\u00e1micas individuales, por infrarrojos, 650W cada<\/li>\n<li>Transferencia de calor: anillos concentradores de calor y reductores, en cer\u00e1mica, para sustentar los matraces<\/li>\n<li>Controlador de temperatura: 6 controladores electr\u00f3nicos de potencia de la resistencia<\/li>\n<li>Recipientes de digesti\u00f3n: 6 matraces de fondo plano en borosilicato, capacidad para 500 ml<\/li>\n<li>Refrigeraci\u00f3n: 6 condensadores en vidrio de borosilicato tipo Friedrich, alimentados por agua simult\u00e1neamente<\/li>\n<li>Consumo: 3900W<\/li>\n<li>Alimentaci\u00f3n: 220V<\/li>\n<li>Art\u00edculos configurables bajo pedido:\u00a0MA488\/A condensador tipo Allihn, entre otros modelos con configuraciones diferentes.<\/li>\n<\/ul>\n","protected":false},"excerpt":{"rendered":"<p><span lang=\"af-ZA\">Digestor para DQO (demanda qu\u00edmica de ox\u00edgeno), m\u00e9todo tradicional con titulaci\u00f3n. Condensadores tipo Friedrich con una gran \u00e1rea de condensaci\u00f3n. Apto para determinaciones en altas concentraciones sin necesidad de diluci\u00f3n. Ideal para laboratorios de aguas y tratamiento de efluentes.<\/span><\/p>\n","protected":false},"featured_media":2817,"comment_status":"closed","ping_status":"closed","template":"","meta":{"_et_pb_use_builder":"","_et_pb_old_content":"","_et_gb_content_width":"","_joinchat":[]},"product_brand":[],"product_cat":[52],"product_tag":[53],"class_list":{"0":"post-2785","1":"product","2":"type-product","3":"status-publish","4":"has-post-thumbnail","6":"product_cat-equipamientos-laboratoriales","7":"product_tag-marconi","9":"first","10":"instock","11":"shipping-taxable","12":"product-type-simple"},"_links":{"self":[{"href":"http:\/\/embrion.com.py\/fisc\/wp-json\/wp\/v2\/product\/2785","targetHints":{"allow":["GET"]}}],"collection":[{"href":"http:\/\/embrion.com.py\/fisc\/wp-json\/wp\/v2\/product"}],"about":[{"href":"http:\/\/embrion.com.py\/fisc\/wp-json\/wp\/v2\/types\/product"}],"replies":[{"embeddable":true,"href":"http:\/\/embrion.com.py\/fisc\/wp-json\/wp\/v2\/comments?post=2785"}],"wp:featuredmedia":[{"embeddable":true,"href":"http:\/\/embrion.com.py\/fisc\/wp-json\/wp\/v2\/media\/2817"}],"wp:attachment":[{"href":"http:\/\/embrion.com.py\/fisc\/wp-json\/wp\/v2\/media?parent=2785"}],"wp:term":[{"taxonomy":"product_brand","embeddable":true,"href":"http:\/\/embrion.com.py\/fisc\/wp-json\/wp\/v2\/product_brand?post=2785"},{"taxonomy":"product_cat","embeddable":true,"href":"http:\/\/embrion.com.py\/fisc\/wp-json\/wp\/v2\/product_cat?post=2785"},{"taxonomy":"product_tag","embeddable":true,"href":"http:\/\/embrion.com.py\/fisc\/wp-json\/wp\/v2\/product_tag?post=2785"}],"curies":[{"name":"wp","href":"https:\/\/api.w.org\/{rel}","templated":true}]}}