{"id":2784,"date":"2022-12-19T19:13:45","date_gmt":"2022-12-19T19:13:45","guid":{"rendered":"https:\/\/fisc.webparaguay.com\/?post_type=product&#038;p=2784"},"modified":"2024-07-26T20:54:03","modified_gmt":"2024-07-27T00:54:03","slug":"ma630-1-molino-de-laboratorio-multiusos","status":"publish","type":"product","link":"http:\/\/embrion.com.py\/fisc\/producto\/equipamientos-laboratoriales\/ma630-1-molino-de-laboratorio-multiusos\/","title":{"rendered":"MA630\/1\u00a0| Molino de Laboratorio Multiusos"},"content":{"rendered":"<p><strong>Datos T\u00e9cnicos<\/strong><\/p>\n<p><strong>Estructura:<\/strong><\/p>\n<ul>\n<li>Soporte en chapa de acero al carbono, con tratamiento anticorrosivo, pintura electrost\u00e1tica en epoxi<\/li>\n<li>Enganche r\u00e1pido de la cuba de molienda, con palanca<\/li>\n<li>Dimensiones (mm): A=380 X P=300 X Al=580<\/li>\n<li>Peso bruto: 15kg<\/li>\n<li>Dimensiones del envase (mm): A=500 X P=500 X Al=650<\/li>\n<\/ul>\n<p><strong>Molienda:<\/strong><\/p>\n<ul>\n<li>Varilla, h\u00e9lices (cuchillas) y c\u00e1mara de 360 ml., en acero inoxidable AISI 304<\/li>\n<li>C\u00e1mara de f\u00e1cil remoci\u00f3n para descarga de la muestra y limpieza<\/li>\n<li>Motor tipo universal, 650 watts, con rotaci\u00f3n de 27000 RPM sin carga,<\/li>\n<li>Trabado de la c\u00e1mara en la posici\u00f3n de molienda, con enganche r\u00e1pido<\/li>\n<\/ul>\n<p><strong>Energ\u00eda:<\/strong><\/p>\n<ul>\n<li>Llave enciende\/apaga<\/li>\n<li>Llave tipo pulsador<\/li>\n<li>Sistema de protecci\u00f3n (el motor funciona \u00fanicamente si la c\u00e1mara est\u00e1 ensamblada)<\/li>\n<li>220 volts, 60 hz..<\/li>\n<\/ul>\n","protected":false},"excerpt":{"rendered":"<p><span lang=\"af-ZA\">Aplicaci\u00f3n: para la molienda de raciones (piensos),\u00a0pellets, cereales, fertilizantes, etc.<\/span><\/p>\n","protected":false},"featured_media":2816,"comment_status":"open","ping_status":"closed","template":"","meta":{"_et_pb_use_builder":"","_et_pb_old_content":"","_et_gb_content_width":"","_joinchat":[]},"product_brand":[],"product_cat":[52],"product_tag":[53],"class_list":{"0":"post-2784","1":"product","2":"type-product","3":"status-publish","4":"has-post-thumbnail","6":"product_cat-equipamientos-laboratoriales","7":"product_tag-marconi","9":"first","10":"instock","11":"shipping-taxable","12":"product-type-simple"},"_links":{"self":[{"href":"http:\/\/embrion.com.py\/fisc\/wp-json\/wp\/v2\/product\/2784","targetHints":{"allow":["GET"]}}],"collection":[{"href":"http:\/\/embrion.com.py\/fisc\/wp-json\/wp\/v2\/product"}],"about":[{"href":"http:\/\/embrion.com.py\/fisc\/wp-json\/wp\/v2\/types\/product"}],"replies":[{"embeddable":true,"href":"http:\/\/embrion.com.py\/fisc\/wp-json\/wp\/v2\/comments?post=2784"}],"wp:featuredmedia":[{"embeddable":true,"href":"http:\/\/embrion.com.py\/fisc\/wp-json\/wp\/v2\/media\/2816"}],"wp:attachment":[{"href":"http:\/\/embrion.com.py\/fisc\/wp-json\/wp\/v2\/media?parent=2784"}],"wp:term":[{"taxonomy":"product_brand","embeddable":true,"href":"http:\/\/embrion.com.py\/fisc\/wp-json\/wp\/v2\/product_brand?post=2784"},{"taxonomy":"product_cat","embeddable":true,"href":"http:\/\/embrion.com.py\/fisc\/wp-json\/wp\/v2\/product_cat?post=2784"},{"taxonomy":"product_tag","embeddable":true,"href":"http:\/\/embrion.com.py\/fisc\/wp-json\/wp\/v2\/product_tag?post=2784"}],"curies":[{"name":"wp","href":"https:\/\/api.w.org\/{rel}","templated":true}]}}