{"id":2783,"date":"2022-12-19T19:13:44","date_gmt":"2022-12-19T19:13:44","guid":{"rendered":"https:\/\/fisc.webparaguay.com\/?post_type=product&#038;p=2783"},"modified":"2024-07-26T21:52:24","modified_gmt":"2024-07-27T01:52:24","slug":"agitador-de-tamices-con-golpes-intermitentes-rotap-ma750","status":"publish","type":"product","link":"http:\/\/embrion.com.py\/fisc\/producto\/equipamientos-laboratoriales\/agitador-de-tamices-con-golpes-intermitentes-rotap-ma750\/","title":{"rendered":"Agitador de Tamices con Golpes Intermitentes (ROTAP) MA750"},"content":{"rendered":"<h3><strong>Datos t\u00e9cnicos:<\/strong><\/h3>\n<p><strong>Estructura:<\/strong><\/p>\n<ul>\n<li>Carcasa en chapa de acero<\/li>\n<li>Capacidad m\u00e1xima de 10 tamices de 8\u2033 (203.2mm) de \u009d con 2\u2033( 50.8 mm) de alto o 20 tamices con 1\u2033 de alto<\/li>\n<li>Clip de fijaci\u00f3n del conjunto de tamices con traba r\u00e1pida<\/li>\n<li>Dimensiones en mm: A=700 x P=550 x Al=880 PESO 92kg<\/li>\n<li>Incluye 10 tamices en acero inoxidable 8\u2033 x 2\u2033 (mesh: 6-8-10-14-16-28-48-100-150-200)<\/li>\n<li>Patas antivibratorias<\/li>\n<li>Instalaci\u00f3n en mesa<\/li>\n<li>Opcional, no incluye: adquisici\u00f3n de un soporte extra para el manejo del conjunto de tamices, volviendo el proceso ininterrumpido<\/li>\n<\/ul>\n<p><strong>Agitaci\u00f3n:<\/strong><\/p>\n<ul>\n<li>Sistema mec\u00e1nico para agitaci\u00f3n orbital y golpes intermitentes regulables por el operador, en tres amplitudes<\/li>\n<li>Variador de velocidad con inversor de frecuencia, lectura digital de RPM<\/li>\n<li>Nivel de ruido: 69 dB.<\/li>\n<li>Temporizador: timer programador de horario de 9 segundos a 9999 horas, lectura digital.<\/li>\n<\/ul>\n<p><strong>Energ\u00eda:<\/strong><\/p>\n<ul>\n<li>Llave tipo pulsador<\/li>\n<li>Llave de emergencia<\/li>\n<li>Cable de energ\u00eda trifilar con polo a tierra, doble aislaci\u00f3n, con tomacorriente y enchufe de tres pines seg\u00fan NBR NM 243 y NBR 14136<\/li>\n<li>220 volts, 60 HZ..<\/li>\n<\/ul>\n","protected":false},"excerpt":{"rendered":"<p><span style=\"font-family: Arial, serif;\"><span style=\"font-size: medium;\">Tamizado preciso y r\u00e1pido de las muestras<\/span><\/span><\/p>\n","protected":false},"featured_media":2815,"comment_status":"closed","ping_status":"closed","template":"","meta":{"_et_pb_use_builder":"","_et_pb_old_content":"","_et_gb_content_width":"","_joinchat":[]},"product_brand":[],"product_cat":[52],"product_tag":[53],"class_list":{"0":"post-2783","1":"product","2":"type-product","3":"status-publish","4":"has-post-thumbnail","6":"product_cat-equipamientos-laboratoriales","7":"product_tag-marconi","9":"first","10":"instock","11":"shipping-taxable","12":"product-type-simple"},"_links":{"self":[{"href":"http:\/\/embrion.com.py\/fisc\/wp-json\/wp\/v2\/product\/2783","targetHints":{"allow":["GET"]}}],"collection":[{"href":"http:\/\/embrion.com.py\/fisc\/wp-json\/wp\/v2\/product"}],"about":[{"href":"http:\/\/embrion.com.py\/fisc\/wp-json\/wp\/v2\/types\/product"}],"replies":[{"embeddable":true,"href":"http:\/\/embrion.com.py\/fisc\/wp-json\/wp\/v2\/comments?post=2783"}],"wp:featuredmedia":[{"embeddable":true,"href":"http:\/\/embrion.com.py\/fisc\/wp-json\/wp\/v2\/media\/2815"}],"wp:attachment":[{"href":"http:\/\/embrion.com.py\/fisc\/wp-json\/wp\/v2\/media?parent=2783"}],"wp:term":[{"taxonomy":"product_brand","embeddable":true,"href":"http:\/\/embrion.com.py\/fisc\/wp-json\/wp\/v2\/product_brand?post=2783"},{"taxonomy":"product_cat","embeddable":true,"href":"http:\/\/embrion.com.py\/fisc\/wp-json\/wp\/v2\/product_cat?post=2783"},{"taxonomy":"product_tag","embeddable":true,"href":"http:\/\/embrion.com.py\/fisc\/wp-json\/wp\/v2\/product_tag?post=2783"}],"curies":[{"name":"wp","href":"https:\/\/api.w.org\/{rel}","templated":true}]}}