{"id":2782,"date":"2022-12-19T19:13:44","date_gmt":"2022-12-19T19:13:44","guid":{"rendered":"https:\/\/fisc.webparaguay.com\/?post_type=product&#038;p=2782"},"modified":"2024-07-26T20:50:14","modified_gmt":"2024-07-27T00:50:14","slug":"ma376-240-mesa-agitadora-especifica-para-suelos","status":"publish","type":"product","link":"http:\/\/embrion.com.py\/fisc\/producto\/equipamientos-laboratoriales\/ma376-240-mesa-agitadora-especifica-para-suelos\/","title":{"rendered":"MA376\/240\u00a0| Mesa Agitadora Espec\u00edfica para Suelos"},"content":{"rendered":"<p><strong>Datos T\u00e9cnicos<\/strong><\/p>\n<ul>\n<li>Agitaci\u00f3n: orbital<\/li>\n<li>Instalaci\u00f3n: mesa<\/li>\n<li>Dimensiones de la mesa con la plataforma &#8211; total (mm): A=900 x P=600 x Al=600<\/li>\n<li>Motorizaci\u00f3n: convertidor de frecuencia microprocesado<\/li>\n<li>Soporte de las bandejas: en acero 1020 y 8 bandejas en aluminio con 24 bandas de poliestireno expandido para 10 pruebas cada, capacidad total para 240 vasos de pl\u00e1stico de 80 ml con tapa a presi\u00f3n (sistema de resina)<\/li>\n<li>rpm: hasta 220 con lectura digital<\/li>\n<li>Timer: electromec\u00e1nico hasta 9999 horas<\/li>\n<li>Alimentaci\u00f3n: 220V<\/li>\n<li>Art\u00edculos configurables bajo pedido: plataforma, capacidad y cantidad de pruebas, dispositivo de fijaci\u00f3n de pruebas a la bandeja, con o sin timer, controlador electr\u00f3nico de rpm, material de los soportes y bandeja (aluminio, acero inoxidable)<\/li>\n<li>Nota: el equipo tambi\u00e9n permite trabajar con 16 gradillas en aluminio con garras de acero inoxidable para 176 erlenmeyers de 125 ml<\/li>\n<\/ul>\n","protected":false},"excerpt":{"rendered":"<p><span style=\"font-family: Times New Roman, serif;\"><span style=\"font-size: medium;\"><span style=\"font-family: Arial, serif;\"><span style=\"font-size: small;\"><span lang=\"af-ZA\">Promueve agitaci\u00f3n padr\u00f3n, orbital y homog\u00e9nea en 240 frascos pl\u00e1sticos con tapa tipo snap-cap para extracci\u00f3n de elementos contenidos en muestras de suelos.<\/span><\/span><\/span><\/span><\/span><\/p>\n","protected":false},"featured_media":2814,"comment_status":"open","ping_status":"closed","template":"","meta":{"_et_pb_use_builder":"","_et_pb_old_content":"","_et_gb_content_width":"","_joinchat":[]},"product_brand":[],"product_cat":[52],"product_tag":[53],"class_list":{"0":"post-2782","1":"product","2":"type-product","3":"status-publish","4":"has-post-thumbnail","6":"product_cat-equipamientos-laboratoriales","7":"product_tag-marconi","9":"first","10":"instock","11":"shipping-taxable","12":"product-type-simple"},"_links":{"self":[{"href":"http:\/\/embrion.com.py\/fisc\/wp-json\/wp\/v2\/product\/2782","targetHints":{"allow":["GET"]}}],"collection":[{"href":"http:\/\/embrion.com.py\/fisc\/wp-json\/wp\/v2\/product"}],"about":[{"href":"http:\/\/embrion.com.py\/fisc\/wp-json\/wp\/v2\/types\/product"}],"replies":[{"embeddable":true,"href":"http:\/\/embrion.com.py\/fisc\/wp-json\/wp\/v2\/comments?post=2782"}],"wp:featuredmedia":[{"embeddable":true,"href":"http:\/\/embrion.com.py\/fisc\/wp-json\/wp\/v2\/media\/2814"}],"wp:attachment":[{"href":"http:\/\/embrion.com.py\/fisc\/wp-json\/wp\/v2\/media?parent=2782"}],"wp:term":[{"taxonomy":"product_brand","embeddable":true,"href":"http:\/\/embrion.com.py\/fisc\/wp-json\/wp\/v2\/product_brand?post=2782"},{"taxonomy":"product_cat","embeddable":true,"href":"http:\/\/embrion.com.py\/fisc\/wp-json\/wp\/v2\/product_cat?post=2782"},{"taxonomy":"product_tag","embeddable":true,"href":"http:\/\/embrion.com.py\/fisc\/wp-json\/wp\/v2\/product_tag?post=2782"}],"curies":[{"name":"wp","href":"https:\/\/api.w.org\/{rel}","templated":true}]}}