{"id":2780,"date":"2022-12-19T19:13:41","date_gmt":"2022-12-19T19:13:41","guid":{"rendered":"https:\/\/fisc.webparaguay.com\/?post_type=product&#038;p=2780"},"modified":"2024-07-26T20:52:57","modified_gmt":"2024-07-27T00:52:57","slug":"ma415-camara-incubadora-para-dbo","status":"publish","type":"product","link":"http:\/\/embrion.com.py\/fisc\/producto\/equipamientos-laboratoriales\/ma415-camara-incubadora-para-dbo\/","title":{"rendered":"MA415\u00a0| C\u00e1mara Incubadora para DBO"},"content":{"rendered":"<p><strong>Datos T\u00e9cnicos<\/strong><\/p>\n<p><strong>Estructura:<\/strong><\/p>\n<ul>\n<li>Carcasa interior en polipropileno.<\/li>\n<li>Carcasa exterior en chapa de acero con pintura electrost\u00e1tica en epoxi.<\/li>\n<li>Aislaci\u00f3n en poliuretano expandido.<\/li>\n<li>7 soportes para estantes, incluye 4 estantes.<\/li>\n<li>Medidas interiores en mm.: A= 460 x P= 450 x Al= 1150.<\/li>\n<li>Volumen del compartimiento refrigerado: 275 litros.<\/li>\n<li>Medidas exteriores en mm.: A= 570 x P= 650 x Al= 1550.<\/li>\n<li>Dimensiones del envase (mm): A=700 x P=800 x Al= 1700.<\/li>\n<\/ul>\n<p><strong>Termostatizaci\u00f3n:<\/strong><\/p>\n<ul>\n<li>Controlador electr\u00f3nico de temperatura microprocesado, tipo PID, sensor PT 100, grado de protecci\u00f3n IP67, con resoluci\u00f3n de 0,1 C y variaci\u00f3n en el controlador de +\/-0,4 C, lectura digital del set point y del proceso.<\/li>\n<li>Temperatura de trabajo de 0 a 60 C.<\/li>\n<li>Termostato bimet\u00e1lico de seguridad para temperaturas superiores a 60 C.<\/li>\n<li>Ventilaci\u00f3n interior con miniventilador, en el sentido vertical, con volumen de 5,4 metros c\u00fabicos\/minuto.<\/li>\n<li>Unidad de refrigeraci\u00f3n con compresor herm\u00e9tico, sistema NO FROST, gas libre de CFC, con sistema auxiliar de ventilaci\u00f3n del compresor.<\/li>\n<\/ul>\n<p><strong>Energ\u00eda:<\/strong><\/p>\n<ul>\n<li>Panel frontal superior.<\/li>\n<li>Iluminaci\u00f3n interior con encendido autom\u00e1tico al abrir la puerta.<\/li>\n<li>Resistencia blindada en acero inoxidable AISI 304, con aletas en acero inoxidable AISI 304, \u00a0400 watts.<\/li>\n<li>Cable de energ\u00eda trifilar con polo a tierra, doble aislaci\u00f3n, tomacorriente y enchufe de tres pines, seg\u00fan NBR NM 243 y NBR 14136.<\/li>\n<li>220 volts 60 Hz.<\/li>\n<li>CON CERTIFICADO DE CALIBRACI\u00d3N RASTREABLE A RBC E INMETRO<\/li>\n<li>FABRICACI\u00d3N NACIONAL<\/li>\n<\/ul>\n","protected":false},"excerpt":{"rendered":"<p><span style=\"font-family: Times New Roman, serif;\"><span style=\"font-size: medium;\"><span style=\"font-family: Arial, serif;\"><span style=\"font-size: small;\"><span lang=\"af-ZA\">Apto para almacenar un conjunto de frascos con agitaci\u00f3n para determinaci\u00f3n de la DBO (demanda bioqu\u00edmica de ox\u00edgeno). Tambi\u00e9n se utiliza para trabajos de incubaci\u00f3n en general, pueba de envejecimiento acelerado de semillas, entre otros.<\/span><\/span><\/span><\/span><\/span><\/p>\n","protected":false},"featured_media":2812,"comment_status":"open","ping_status":"closed","template":"","meta":{"_et_pb_use_builder":"","_et_pb_old_content":"","_et_gb_content_width":"","_joinchat":[]},"product_brand":[],"product_cat":[52],"product_tag":[53],"class_list":{"0":"post-2780","1":"product","2":"type-product","3":"status-publish","4":"has-post-thumbnail","6":"product_cat-equipamientos-laboratoriales","7":"product_tag-marconi","9":"first","10":"instock","11":"shipping-taxable","12":"product-type-simple"},"_links":{"self":[{"href":"http:\/\/embrion.com.py\/fisc\/wp-json\/wp\/v2\/product\/2780","targetHints":{"allow":["GET"]}}],"collection":[{"href":"http:\/\/embrion.com.py\/fisc\/wp-json\/wp\/v2\/product"}],"about":[{"href":"http:\/\/embrion.com.py\/fisc\/wp-json\/wp\/v2\/types\/product"}],"replies":[{"embeddable":true,"href":"http:\/\/embrion.com.py\/fisc\/wp-json\/wp\/v2\/comments?post=2780"}],"wp:featuredmedia":[{"embeddable":true,"href":"http:\/\/embrion.com.py\/fisc\/wp-json\/wp\/v2\/media\/2812"}],"wp:attachment":[{"href":"http:\/\/embrion.com.py\/fisc\/wp-json\/wp\/v2\/media?parent=2780"}],"wp:term":[{"taxonomy":"product_brand","embeddable":true,"href":"http:\/\/embrion.com.py\/fisc\/wp-json\/wp\/v2\/product_brand?post=2780"},{"taxonomy":"product_cat","embeddable":true,"href":"http:\/\/embrion.com.py\/fisc\/wp-json\/wp\/v2\/product_cat?post=2780"},{"taxonomy":"product_tag","embeddable":true,"href":"http:\/\/embrion.com.py\/fisc\/wp-json\/wp\/v2\/product_tag?post=2780"}],"curies":[{"name":"wp","href":"https:\/\/api.w.org\/{rel}","templated":true}]}}