{"id":2770,"date":"2022-12-19T19:13:17","date_gmt":"2022-12-19T19:13:17","guid":{"rendered":"https:\/\/fisc.webparaguay.com\/?post_type=product&#038;p=2770"},"modified":"2024-07-26T20:38:27","modified_gmt":"2024-07-27T00:38:27","slug":"agitador-mecanico-para-dispersion-de-suelos-ma147","status":"publish","type":"product","link":"http:\/\/embrion.com.py\/fisc\/producto\/equipamientos-laboratoriales\/agitador-mecanico-para-dispersion-de-suelos-ma147\/","title":{"rendered":"Agitador mec\u00e1nico para dispersi\u00f3n de suelos MA147"},"content":{"rendered":"<p><strong>Datos T\u00e9cnicos<\/strong><\/p>\n<ul>\n<li>Estructura: Carcasa en chapa de acero con tratamiento anticorrosivo y pintura electrost\u00e1tica en epoxi<\/li>\n<li>Vaso:capacidad de 850ml<\/li>\n<li>Dimensiones exteriores (mm.): A=300 x P=300 x Al=630<\/li>\n<li>Eje y h\u00e9lice: Acero inoxidable AISI304<\/li>\n<li>Motorizaci\u00f3n: Corriente continua<\/li>\n<li>Peso: 9Kg<\/li>\n<li>Velocidad: Controlador electr\u00f3nico de velocidad hasta 27.000 RPM<\/li>\n<li>Alimentaci\u00f3n: 220V<\/li>\n<li>Consumo: 500 Watts<\/li>\n<li>Art\u00edculos configurables bajo pedido: Motor (modelo, potencia, torque y rpm), capacidad de agitaci\u00f3n, h\u00e9lices, material y volumen del vaso).<\/li>\n<\/ul>\n","protected":false},"excerpt":{"rendered":"<p><span style=\"font-family: Times New Roman, serif;\"><span style=\"font-size: medium;\"><span style=\"font-family: Arial, serif;\"><span style=\"font-size: small;\"><span lang=\"af-ZA\">Agitador para dispersar y separar productos agregados, arcilla, arena y otros con alta velocidad. Conjunto motopropulsor con sistema de elevaci\u00f3n por medio de resortes y ajustes de inclinaci\u00f3n.<\/span><\/span><\/span><\/span><\/span><\/p>\n","protected":false},"featured_media":2809,"comment_status":"closed","ping_status":"closed","template":"","meta":{"_et_pb_use_builder":"","_et_pb_old_content":"","_et_gb_content_width":"","_joinchat":[]},"product_brand":[],"product_cat":[52],"product_tag":[53],"class_list":{"0":"post-2770","1":"product","2":"type-product","3":"status-publish","4":"has-post-thumbnail","6":"product_cat-equipamientos-laboratoriales","7":"product_tag-marconi","9":"first","10":"instock","11":"shipping-taxable","12":"product-type-simple"},"_links":{"self":[{"href":"http:\/\/embrion.com.py\/fisc\/wp-json\/wp\/v2\/product\/2770","targetHints":{"allow":["GET"]}}],"collection":[{"href":"http:\/\/embrion.com.py\/fisc\/wp-json\/wp\/v2\/product"}],"about":[{"href":"http:\/\/embrion.com.py\/fisc\/wp-json\/wp\/v2\/types\/product"}],"replies":[{"embeddable":true,"href":"http:\/\/embrion.com.py\/fisc\/wp-json\/wp\/v2\/comments?post=2770"}],"wp:featuredmedia":[{"embeddable":true,"href":"http:\/\/embrion.com.py\/fisc\/wp-json\/wp\/v2\/media\/2809"}],"wp:attachment":[{"href":"http:\/\/embrion.com.py\/fisc\/wp-json\/wp\/v2\/media?parent=2770"}],"wp:term":[{"taxonomy":"product_brand","embeddable":true,"href":"http:\/\/embrion.com.py\/fisc\/wp-json\/wp\/v2\/product_brand?post=2770"},{"taxonomy":"product_cat","embeddable":true,"href":"http:\/\/embrion.com.py\/fisc\/wp-json\/wp\/v2\/product_cat?post=2770"},{"taxonomy":"product_tag","embeddable":true,"href":"http:\/\/embrion.com.py\/fisc\/wp-json\/wp\/v2\/product_tag?post=2770"}],"curies":[{"name":"wp","href":"https:\/\/api.w.org\/{rel}","templated":true}]}}