{"id":2761,"date":"2022-12-19T19:12:47","date_gmt":"2022-12-19T19:12:47","guid":{"rendered":"https:\/\/fisc.webparaguay.com\/?post_type=product&#038;p=2761"},"modified":"2024-07-26T20:55:07","modified_gmt":"2024-07-27T00:55:07","slug":"mesa-agitadora-orbital-ma140-cft","status":"publish","type":"product","link":"http:\/\/embrion.com.py\/fisc\/producto\/equipamientos-laboratoriales\/mesa-agitadora-orbital-ma140-cft\/","title":{"rendered":"Mesa Agitadora Orbital MA140\/CFT"},"content":{"rendered":"<p><strong>Datos t\u00e9cnicos:<\/strong><\/p>\n<p><strong>Estructura:<\/strong><\/p>\n<ul>\n<li>Carcasa en chapa de acero con tratamiento anticorrosivo y pintura electrost\u00e1tica en epoxi<\/li>\n<li>Dimensiones en mm: A=440 x P=550 x Al=400<\/li>\n<li>Dimensiones de la plataforma en mm: 550 x 420<\/li>\n<li>Incluye una plataforma en aluminio, con perforaci\u00f3n para fijaci\u00f3n de garras seg\u00fan la necesidad del trabajo, con 30 garras para matraces erlenmeyers de 250 ml, en acero inoxidable 301, o garras seg\u00fan el cuadro abajo o a\u00fan varios modelos para ensamble de una plataforma, o gradilla para tubos seg\u00fan especificaciones de las medidas:\n<ul>\n<li>A: 14 X 500 ML<\/li>\n<li>B: 30 X 250 ML<\/li>\n<li>C: 30 X 125 ML<\/li>\n<li>D: 12 X 1000 ML<\/li>\n<li>E: 6 X 2000 ML<\/li>\n<li>F: 5 X 3000 ML<\/li>\n<li>G: 4 X 4000 ML<\/li>\n<\/ul>\n<\/li>\n<\/ul>\n<p><strong>Homogeneizaci\u00f3n:<\/strong><\/p>\n<ul>\n<li>Desplazamiento orbital de 12 mm, a trav\u00e9s de eje exc\u00e9ntrico y rodamientos blindados<\/li>\n<li>Controlador electr\u00f3nico de velocidad microprocesado con inversor de\u00a0 frecuencia,<\/li>\n<li>Lectura digital de 0 a 300 RPM<\/li>\n<\/ul>\n<p><strong>Energ\u00eda:<\/strong><\/p>\n<ul>\n<li>Cable de energ\u00eda trifilar (dos fases y un polo a tierra), con doble aislaci\u00f3n, tomacorriente y enchufe de tres pines, seg\u00fan NM 243 y NBR 14136<\/li>\n<li>100 Watts 220 Volts, 60 hz.<\/li>\n<\/ul>\n","protected":false},"excerpt":{"rendered":"<p><span lang=\"af-ZA\">Amplia variedad de aplicaciones, todos los frascos se agitan de forma homog\u00e9nea.<\/span><\/p>\n","protected":false},"featured_media":2807,"comment_status":"closed","ping_status":"closed","template":"","meta":{"_et_pb_use_builder":"","_et_pb_old_content":"","_et_gb_content_width":"","_joinchat":[]},"product_brand":[],"product_cat":[52],"product_tag":[53],"class_list":{"0":"post-2761","1":"product","2":"type-product","3":"status-publish","4":"has-post-thumbnail","6":"product_cat-equipamientos-laboratoriales","7":"product_tag-marconi","9":"first","10":"instock","11":"shipping-taxable","12":"product-type-simple"},"_links":{"self":[{"href":"http:\/\/embrion.com.py\/fisc\/wp-json\/wp\/v2\/product\/2761","targetHints":{"allow":["GET"]}}],"collection":[{"href":"http:\/\/embrion.com.py\/fisc\/wp-json\/wp\/v2\/product"}],"about":[{"href":"http:\/\/embrion.com.py\/fisc\/wp-json\/wp\/v2\/types\/product"}],"replies":[{"embeddable":true,"href":"http:\/\/embrion.com.py\/fisc\/wp-json\/wp\/v2\/comments?post=2761"}],"wp:featuredmedia":[{"embeddable":true,"href":"http:\/\/embrion.com.py\/fisc\/wp-json\/wp\/v2\/media\/2807"}],"wp:attachment":[{"href":"http:\/\/embrion.com.py\/fisc\/wp-json\/wp\/v2\/media?parent=2761"}],"wp:term":[{"taxonomy":"product_brand","embeddable":true,"href":"http:\/\/embrion.com.py\/fisc\/wp-json\/wp\/v2\/product_brand?post=2761"},{"taxonomy":"product_cat","embeddable":true,"href":"http:\/\/embrion.com.py\/fisc\/wp-json\/wp\/v2\/product_cat?post=2761"},{"taxonomy":"product_tag","embeddable":true,"href":"http:\/\/embrion.com.py\/fisc\/wp-json\/wp\/v2\/product_tag?post=2761"}],"curies":[{"name":"wp","href":"https:\/\/api.w.org\/{rel}","templated":true}]}}