{"id":2760,"date":"2022-12-19T19:12:47","date_gmt":"2022-12-19T19:12:47","guid":{"rendered":"https:\/\/fisc.webparaguay.com\/?post_type=product&amp;p=2760"},"modified":"2022-12-19T19:12:47","modified_gmt":"2022-12-19T19:12:47","slug":"bano-enfriador-ultratermostatizado-ma184","status":"publish","type":"product","link":"http:\/\/embrion.com.py\/fisc\/producto\/equipamientos-laboratoriales\/bano-enfriador-ultratermostatizado-ma184\/","title":{"rendered":"Ba\u00f1o enfriador ultratermostatizado MA184"},"content":{"rendered":"<p lang=\"af-ZA\"><span style=\"font-family: Arial, serif;\"><span style=\"font-size: medium;\"><b>Datos T\u00e9cnicos<\/b><\/span><\/span><\/p>\n<ul>\n<li><span style=\"font-family: Arial, serif;\"><span style=\"font-size: medium;\"><span lang=\"af-ZA\"><b>Estructura:\u00a0<\/b><\/span><\/span><\/span><span style=\"font-family: Arial, serif;\"><span style=\"font-size: medium;\"><span lang=\"af-ZA\">soporte de hierro laminado, con tratamiento anticorrosivo y pintura electrost\u00e1tica en epoxi\u00a0<\/span><\/span><\/span><\/li>\n<li><span style=\"font-family: Arial, serif;\"><span style=\"font-size: medium;\"><span lang=\"af-ZA\"><b>Carcasa exterior:\u00a0<\/b><\/span><\/span><\/span><span style=\"font-family: Arial, serif;\"><span style=\"font-size: medium;\"><span lang=\"af-ZA\">en chapa de acero al carbono, con tratamiento anticorrosivo y pintura electrost\u00e1tica en epoxi<\/span><\/span><\/span><\/li>\n<li><span style=\"font-family: Arial, serif;\"><span style=\"font-size: medium;\"><span lang=\"af-ZA\"><b>Cuba:\u00a0<\/b><\/span><\/span><\/span><span style=\"font-family: Arial, serif;\"><span style=\"font-size: medium;\"><span lang=\"af-ZA\">en chapa de acero inoxidable AISI 304, acabado pulido, con volumen de 18 litros<\/span><\/span><\/span><\/li>\n<li><span style=\"font-family: Arial, serif;\"><span style=\"font-size: medium;\"><span lang=\"af-ZA\"><b>Dimensiones exteriores (mm):<\/b><\/span><\/span><\/span><span style=\"font-family: Arial, serif;\"><span style=\"font-size: medium;\"><span lang=\"af-ZA\">\u00a0A=400 x P=600 x Al=550<\/span><\/span><\/span><\/li>\n<li><span style=\"font-family: Arial, serif;\"><span style=\"font-size: medium;\"><span lang=\"af-ZA\"><b>Peso bruto:<\/b><\/span><\/span><\/span><span style=\"font-family: Arial, serif;\"><span style=\"font-size: medium;\"><span lang=\"af-ZA\">43kg<\/span><\/span><\/span><\/li>\n<li><span style=\"font-family: Arial, serif;\"><span style=\"font-size: medium;\"><span lang=\"af-ZA\"><b>Termostatizaci\u00f3n:<\/b><\/span><\/span><\/span><span style=\"font-family: Arial, serif;\"><span style=\"font-size: medium;\"><span lang=\"af-ZA\">\u00a0bomba por demanda de agua, con caudal de 500I\/h, con 3,6 m.c.a.<\/span><\/span><\/span><\/li>\n<li><span style=\"font-family: Arial, serif;\"><span style=\"font-size: medium;\"><span lang=\"af-ZA\"><b>Controlador de temperatura:\u00a0<\/b><\/span><\/span><\/span><span style=\"font-family: Arial, serif;\"><span style=\"font-size: medium;\"><span lang=\"af-ZA\">electr\u00f3nico microprocesado, PID con sensor de PT 100, lectura digital del processo y del set point<\/span><\/span><\/span><\/li>\n<li><span style=\"font-family: Arial, serif;\"><span style=\"font-size: medium;\"><span lang=\"af-ZA\"><b>Temperatura de trabajo:<\/b><\/span><\/span><\/span><span style=\"font-family: Arial, serif;\"><span style=\"font-size: medium;\"><span lang=\"af-ZA\">\u00a0de -10\u00baC a 100\u00baC<\/span><\/span><\/span><\/li>\n<li><span style=\"font-family: Arial, serif;\"><span style=\"font-size: medium;\"><span lang=\"af-ZA\"><b>Unidad de refrigeraci\u00f3n:<\/b><\/span><\/span><\/span><span style=\"font-family: Arial, serif;\"><span style=\"font-size: medium;\"><span lang=\"af-ZA\">\u00a0con compresor herm\u00e9tico \u00b9\/\u00b3 Hp, gas libre de CFC<\/span><\/span><\/span><\/li>\n<li><span style=\"font-family: Arial, serif;\"><span style=\"font-size: medium;\"><span lang=\"af-ZA\"><b>Alimentaci\u00f3n:<\/b><\/span><\/span><\/span><span style=\"font-family: Arial, serif;\"><span style=\"font-size: medium;\"><span lang=\"af-ZA\">\u00a0220V<\/span><\/span><\/span><\/li>\n<li><span style=\"font-family: Arial, serif;\"><span style=\"font-size: medium;\"><span lang=\"af-ZA\"><b>Art\u00edculos configurables bajo pedido:<\/b><\/span><\/span><\/span><span style=\"font-family: Arial, serif;\"><span style=\"font-size: medium;\"><span lang=\"af-ZA\">\u00a0tenemos otras variedades y configuraciones. <\/span><\/span><\/span><\/li>\n<\/ul>\n","protected":false},"excerpt":{"rendered":"<p><span style=\"font-family: Times New Roman, serif;\"><span style=\"font-size: medium;\"><span style=\"font-family: Arial, serif;\"><span style=\"font-size: small;\"><span lang=\"af-ZA\">Est\u00e1 indicado para utilizaci\u00f3n con viscos\u00edmetro rotacional y climatizaci\u00f3n en camisas de reactores, electroforesis, prismas, condensadores, l\u00edquidos refrigerantes en condensadores, evaporadores rotativos, etc.<\/span><\/span><\/span><\/span><\/span><\/p>\n","protected":false},"featured_media":2806,"comment_status":"closed","ping_status":"closed","template":"","meta":{"_et_pb_use_builder":"","_et_pb_old_content":"","_et_gb_content_width":"","_joinchat":[]},"product_brand":[],"product_cat":[52],"product_tag":[53],"class_list":{"0":"post-2760","1":"product","2":"type-product","3":"status-publish","4":"has-post-thumbnail","6":"product_cat-equipamientos-laboratoriales","7":"product_tag-marconi","9":"first","10":"instock","11":"shipping-taxable","12":"product-type-simple"},"_links":{"self":[{"href":"http:\/\/embrion.com.py\/fisc\/wp-json\/wp\/v2\/product\/2760","targetHints":{"allow":["GET"]}}],"collection":[{"href":"http:\/\/embrion.com.py\/fisc\/wp-json\/wp\/v2\/product"}],"about":[{"href":"http:\/\/embrion.com.py\/fisc\/wp-json\/wp\/v2\/types\/product"}],"replies":[{"embeddable":true,"href":"http:\/\/embrion.com.py\/fisc\/wp-json\/wp\/v2\/comments?post=2760"}],"wp:featuredmedia":[{"embeddable":true,"href":"http:\/\/embrion.com.py\/fisc\/wp-json\/wp\/v2\/media\/2806"}],"wp:attachment":[{"href":"http:\/\/embrion.com.py\/fisc\/wp-json\/wp\/v2\/media?parent=2760"}],"wp:term":[{"taxonomy":"product_brand","embeddable":true,"href":"http:\/\/embrion.com.py\/fisc\/wp-json\/wp\/v2\/product_brand?post=2760"},{"taxonomy":"product_cat","embeddable":true,"href":"http:\/\/embrion.com.py\/fisc\/wp-json\/wp\/v2\/product_cat?post=2760"},{"taxonomy":"product_tag","embeddable":true,"href":"http:\/\/embrion.com.py\/fisc\/wp-json\/wp\/v2\/product_tag?post=2760"}],"curies":[{"name":"wp","href":"https:\/\/api.w.org\/{rel}","templated":true}]}}