{"id":2759,"date":"2022-12-19T19:12:47","date_gmt":"2022-12-19T19:12:47","guid":{"rendered":"https:\/\/fisc.webparaguay.com\/?post_type=product&#038;p=2759"},"modified":"2024-07-26T20:41:56","modified_gmt":"2024-07-27T00:41:56","slug":"desecador-ma192","status":"publish","type":"product","link":"http:\/\/embrion.com.py\/fisc\/producto\/equipamientos-laboratoriales\/desecador-ma192\/","title":{"rendered":"Desecador MA192"},"content":{"rendered":"<h2 class=\"western\" lang=\"af-ZA\"><strong><span style=\"font-family: Arial, serif;\"><span style=\"font-size: medium;\">Datos T\u00e9cnicos<\/span><\/span><\/strong><\/h2>\n<p><strong>Estructura:<\/strong><\/p>\n<ul>\n<li>Carcasa en chapa de acero 1020 con tratamiento anticorrosivo y pintura electrost\u00e1tica<\/li>\n<li>Soporte para 3 estantes<\/li>\n<li>Incluye tres estantes en acero inoxidable 304, con espaciamiento de 142 mm<\/li>\n<li>V\u00e1lvula instalada en la parte superior para aplicaci\u00f3n de vac\u00edo o paso de gas neutro (arg\u00f3n o nitr\u00f3geno)<\/li>\n<li>Vacu\u00f3metro anal\u00f3gico<\/li>\n<li>Perfil de silicona para el perfecto sellado entre la tapa y la cuba<\/li>\n<li>Aplicaci\u00f3n de vac\u00edo: hasta 760mm de Hg<\/li>\n<li>Puerta de vidrio templado trasl\u00facido<\/li>\n<li>Bandeja en acero inoxidable instalada en la base interna inferior para adici\u00f3n de s\u00edlice gel<\/li>\n<li>Medidas interiores en mm.: A= 410 x P= 270 x Al= 510 (56 litros)<\/li>\n<li>Medidas exteriores en mm.: A= 473 x P= 370 x Al= 650<\/li>\n<\/ul>\n","protected":false},"excerpt":{"rendered":"<p><span style=\"font-family: Times New Roman, serif;\"><span style=\"font-size: medium;\"><span style=\"font-family: Arial, serif;\"><span style=\"font-size: small;\"><span lang=\"af-ZA\">Para almacenar y asegurar la calidad de los est\u00e1ndares, para an\u00e1lisis de residuos de drogas veterinarias en carne, leche, pienso y otros productos. Ideal para uso con reactivos sensibles a la humedad, elimina la necesidad peri\u00f3dica de manejo de la s\u00edlice gel para secado.<\/span><\/span><\/span><\/span><\/span><\/p>\n","protected":false},"featured_media":2805,"comment_status":"closed","ping_status":"closed","template":"","meta":{"_et_pb_use_builder":"","_et_pb_old_content":"","_et_gb_content_width":"","_joinchat":[]},"product_brand":[],"product_cat":[52],"product_tag":[53],"class_list":{"0":"post-2759","1":"product","2":"type-product","3":"status-publish","4":"has-post-thumbnail","6":"product_cat-equipamientos-laboratoriales","7":"product_tag-marconi","9":"first","10":"instock","11":"shipping-taxable","12":"product-type-simple"},"_links":{"self":[{"href":"http:\/\/embrion.com.py\/fisc\/wp-json\/wp\/v2\/product\/2759","targetHints":{"allow":["GET"]}}],"collection":[{"href":"http:\/\/embrion.com.py\/fisc\/wp-json\/wp\/v2\/product"}],"about":[{"href":"http:\/\/embrion.com.py\/fisc\/wp-json\/wp\/v2\/types\/product"}],"replies":[{"embeddable":true,"href":"http:\/\/embrion.com.py\/fisc\/wp-json\/wp\/v2\/comments?post=2759"}],"wp:featuredmedia":[{"embeddable":true,"href":"http:\/\/embrion.com.py\/fisc\/wp-json\/wp\/v2\/media\/2805"}],"wp:attachment":[{"href":"http:\/\/embrion.com.py\/fisc\/wp-json\/wp\/v2\/media?parent=2759"}],"wp:term":[{"taxonomy":"product_brand","embeddable":true,"href":"http:\/\/embrion.com.py\/fisc\/wp-json\/wp\/v2\/product_brand?post=2759"},{"taxonomy":"product_cat","embeddable":true,"href":"http:\/\/embrion.com.py\/fisc\/wp-json\/wp\/v2\/product_cat?post=2759"},{"taxonomy":"product_tag","embeddable":true,"href":"http:\/\/embrion.com.py\/fisc\/wp-json\/wp\/v2\/product_tag?post=2759"}],"curies":[{"name":"wp","href":"https:\/\/api.w.org\/{rel}","templated":true}]}}