{"id":2756,"date":"2022-12-19T19:12:45","date_gmt":"2022-12-19T19:12:45","guid":{"rendered":"https:\/\/fisc.webparaguay.com\/?post_type=product&#038;p=2756"},"modified":"2024-07-26T20:47:31","modified_gmt":"2024-07-27T00:47:31","slug":"ma250-50-cf-agitador-mecanico-con-tanque-de-50-litros-termostatizado","status":"publish","type":"product","link":"http:\/\/embrion.com.py\/fisc\/producto\/equipamientos-laboratoriales\/ma250-50-cf-agitador-mecanico-con-tanque-de-50-litros-termostatizado\/","title":{"rendered":"MA250\/50\/CF\u00a0| Agitador mec\u00e1nico con tanque de 50 litros, termostatizado"},"content":{"rendered":"<p><strong>Datos T\u00e9cnicos<\/strong><\/p>\n<p><strong>Estructura:<\/strong><\/p>\n<ul>\n<li>Tanque, varilla, h\u00e9lice y aletas en acero inoxidable AISI 304<\/li>\n<li>Chaqueta para termostatizaci\u00f3n<\/li>\n<li>3 aletas interiores, con regulaci\u00f3n del \u00e1ngulo<\/li>\n<li>Con v\u00e1lvula de esfera de 3\/4 , en acero inoxidable, para descarga<\/li>\n<li>Tr\u00edpodes con rodillos<\/li>\n<\/ul>\n<p><strong>Homogeneizaci\u00f3n:<\/strong><\/p>\n<ul>\n<li>Motorreductor de 1\/4, instalado en la parte central del tanque, removible para<\/li>\n<li>facilitar la limpieza<\/li>\n<li>Varilla de agitaci\u00f3n con dos h\u00e9lices, regulables en la altura por tornillos, h\u00e9lices con \u00e1ngulo de 45 grados<\/li>\n<li>Rotaci\u00f3n horaria<\/li>\n<li>Variaci\u00f3n de velocidad con convertidor microprocesado, con lectura digital, con RPM ajustable de 50 a 350<\/li>\n<\/ul>\n<p><strong>Termostatizaci\u00f3n:<\/strong><\/p>\n<p><strong>Ba\u00f1o termost\u00e1tico:<\/strong><\/p>\n<ul>\n<li>Controlador de temperatura microprocesado, PID, sensor PT 100<\/li>\n<li>Carcasa en chapa de acero al carbono con tratamiento anticorrosivo y pintura electrost\u00e1tica en epoxi<\/li>\n<li>Cuba en acero inoxidable AISI 304<\/li>\n<li>Bomba por demanda, con mangueras<\/li>\n<li>Temperatura de trabajo: ambiente +7 a 99.99 C<\/li>\n<\/ul>\n<p><strong>Energ\u00eda:<\/strong><\/p>\n<ul>\n<li>Cable de energ\u00eda cuadrifilar (tres fases y un polo a tierra), con doble aislaci\u00f3n, tomacorriente y enchufe de cuatro pines, seg\u00fan NM 243 y NBR 14136<\/li>\n<li>220 volts trif\u00e1sico, 60 hz.<\/li>\n<li>CON CERTIFICADO DE CALIBRACI\u00d3N RASTREABLE A RBC E INMETRO<\/li>\n<\/ul>\n","protected":false},"excerpt":{"rendered":"<p><span style=\"font-family: Times New Roman, serif;\"><span style=\"font-size: medium;\"><span style=\"font-family: Arial, serif;\"><span style=\"font-size: small;\"><span lang=\"af-ZA\">Aplicaci\u00f3n: para homogeneizaci\u00f3n de resinas termofijas bicomponentes.<\/span><\/span><\/span><\/span><\/span><\/p>\n","protected":false},"featured_media":2802,"comment_status":"open","ping_status":"closed","template":"","meta":{"_et_pb_use_builder":"","_et_pb_old_content":"","_et_gb_content_width":"","_joinchat":[]},"product_brand":[],"product_cat":[52],"product_tag":[53],"class_list":{"0":"post-2756","1":"product","2":"type-product","3":"status-publish","4":"has-post-thumbnail","6":"product_cat-equipamientos-laboratoriales","7":"product_tag-marconi","9":"first","10":"instock","11":"shipping-taxable","12":"product-type-simple"},"_links":{"self":[{"href":"http:\/\/embrion.com.py\/fisc\/wp-json\/wp\/v2\/product\/2756","targetHints":{"allow":["GET"]}}],"collection":[{"href":"http:\/\/embrion.com.py\/fisc\/wp-json\/wp\/v2\/product"}],"about":[{"href":"http:\/\/embrion.com.py\/fisc\/wp-json\/wp\/v2\/types\/product"}],"replies":[{"embeddable":true,"href":"http:\/\/embrion.com.py\/fisc\/wp-json\/wp\/v2\/comments?post=2756"}],"wp:featuredmedia":[{"embeddable":true,"href":"http:\/\/embrion.com.py\/fisc\/wp-json\/wp\/v2\/media\/2802"}],"wp:attachment":[{"href":"http:\/\/embrion.com.py\/fisc\/wp-json\/wp\/v2\/media?parent=2756"}],"wp:term":[{"taxonomy":"product_brand","embeddable":true,"href":"http:\/\/embrion.com.py\/fisc\/wp-json\/wp\/v2\/product_brand?post=2756"},{"taxonomy":"product_cat","embeddable":true,"href":"http:\/\/embrion.com.py\/fisc\/wp-json\/wp\/v2\/product_cat?post=2756"},{"taxonomy":"product_tag","embeddable":true,"href":"http:\/\/embrion.com.py\/fisc\/wp-json\/wp\/v2\/product_tag?post=2756"}],"curies":[{"name":"wp","href":"https:\/\/api.w.org\/{rel}","templated":true}]}}