{"id":2754,"date":"2022-12-19T19:12:44","date_gmt":"2022-12-19T19:12:44","guid":{"rendered":"https:\/\/fisc.webparaguay.com\/?post_type=product&amp;p=2754"},"modified":"2022-12-19T19:12:44","modified_gmt":"2022-12-19T19:12:44","slug":"agitador-mecanico-para-productos-viscosos-ma261","status":"publish","type":"product","link":"http:\/\/embrion.com.py\/fisc\/producto\/equipamientos-laboratoriales\/agitador-mecanico-para-productos-viscosos-ma261\/","title":{"rendered":"Agitador Mec\u00e1nico para Productos Viscosos MA261"},"content":{"rendered":"<p lang=\"af-ZA\"><span style=\"font-family: Arial, serif;\"><span style=\"font-size: medium;\"><b>Datos t\u00e9cnicos:<\/b><\/span><\/span><\/p>\n<ul>\n<li><span style=\"font-family: Times New Roman, serif;\"><span style=\"font-size: medium;\"><span style=\"font-family: Arial, serif;\"><span lang=\"af-ZA\"><b>Estructura:<\/b><\/span><\/span> <span style=\"font-family: Arial, serif;\"><span lang=\"af-ZA\">carcasa y soporte en chapa de acero con tratamiento anticorrosivo y pintura electrost\u00e1tica en epoxi\u00a0<\/span><\/span><\/span><\/span><\/li>\n<li><span style=\"font-family: Times New Roman, serif;\"><span style=\"font-size: medium;\"><span style=\"font-family: Arial, serif;\"><span lang=\"af-ZA\"><b>Capacidad de agitaci\u00f3n:<\/b><\/span><\/span> <span style=\"font-family: Arial, serif;\"><span lang=\"af-ZA\">frascos con \u00f8500mm y 1.000mm de alto, 60 litros\u00a0<\/span><\/span><\/span><\/span><\/li>\n<li><span style=\"font-family: Times New Roman, serif;\"><span style=\"font-size: medium;\"><span style=\"font-family: Arial, serif;\"><span lang=\"af-ZA\"><b>Dimensiones exteriores (mm):<\/b><\/span><\/span> <span style=\"font-family: Arial, serif;\"><span lang=\"af-ZA\">A=1.190, P=550, Al=1.160\u00a0<\/span><\/span><\/span><\/span><\/li>\n<li><span style=\"font-family: Times New Roman, serif;\"><span style=\"font-size: medium;\"><span style=\"font-family: Arial, serif;\"><span lang=\"af-ZA\"><b>Varilla y h\u00e9lice:<\/b><\/span><\/span> <span style=\"font-family: Arial, serif;\"><span lang=\"af-ZA\">acero inoxidable AISI304\u00a0<\/span><\/span><\/span><\/span><\/li>\n<li><span style=\"font-family: Times New Roman, serif;\"><span style=\"font-size: medium;\"><span style=\"font-family: Arial, serif;\"><span lang=\"af-ZA\"><b>Instalaci\u00f3n:<\/b><\/span><\/span> <span style=\"font-family: Arial, serif;\"><span lang=\"af-ZA\">piso<\/span><\/span><\/span><\/span><\/li>\n<li><span style=\"font-family: Times New Roman, serif;\"><span style=\"font-size: medium;\"><span style=\"font-family: Arial, serif;\"><span lang=\"af-ZA\"><b>Motorizaci\u00f3n:<\/b><\/span><\/span> <span style=\"font-family: Arial, serif;\"><span lang=\"af-ZA\">motor blindado, trif\u00e1sico con convertidor de frecuencia microprocesado (torque constante), protecci\u00f3n IP54<\/span><\/span><\/span><\/span><\/li>\n<li><span style=\"font-family: Times New Roman, serif;\"><span style=\"font-size: medium;\"><span style=\"font-family: Arial, serif;\"><span lang=\"af-ZA\"><b>RPM:<\/b><\/span><\/span> <span style=\"font-family: Arial, serif;\"><span lang=\"af-ZA\">hasta 6.800, lectura digital<\/span><\/span><\/span><\/span><\/li>\n<li><span style=\"font-family: Times New Roman, serif;\"><span style=\"font-size: medium;\"><span style=\"font-family: Arial, serif;\"><span lang=\"af-ZA\"><b>Soporte del motor:<\/b><\/span><\/span> <span style=\"font-family: Arial, serif;\"><span lang=\"af-ZA\">acero inoxidable AISI304<\/span><\/span><\/span><\/span><\/li>\n<li><span style=\"font-family: Times New Roman, serif;\"><span style=\"font-size: medium;\"><span style=\"font-family: Arial, serif;\"><span lang=\"af-ZA\"><b>Alimentaci\u00f3n:<\/b><\/span><\/span> <span style=\"font-family: Arial, serif;\"><span lang=\"af-ZA\">220 trif\u00e1sico<\/span><\/span><\/span><\/span><\/li>\n<li><span style=\"font-family: Times New Roman, serif;\"><span style=\"font-size: medium;\"><span style=\"font-family: Arial, serif;\"><span lang=\"af-ZA\"><b>Consumo (W):<\/b><\/span><\/span> <span style=\"font-family: Arial, serif;\"><span lang=\"af-ZA\">1000<\/span><\/span><\/span><\/span><\/li>\n<li><span style=\"font-family: Times New Roman, serif;\"><span style=\"font-size: medium;\"><span style=\"font-family: Arial, serif;\"><span lang=\"af-ZA\"><b>Otros:<\/b><\/span><\/span> <span style=\"font-family: Arial, serif;\"><span lang=\"af-ZA\">ajuste de altura motorizado con columna de desplazamiento lineal vertical<\/span><\/span><\/span><\/span><\/li>\n<li><span style=\"font-family: Times New Roman, serif;\"><span style=\"font-size: medium;\"><span style=\"font-family: Arial, serif;\"><span lang=\"af-ZA\"><b>Art\u00edculos configurables bajo pedido:<\/b><\/span><\/span> <span style=\"font-family: Arial, serif;\"><span lang=\"af-ZA\">motor (potencia, torque y rpm), capacidad de agitaci\u00f3n, h\u00e9lices y diferentes dispositivos de fijaci\u00f3n de las pruebas.<\/span><\/span><\/span><\/span><\/li>\n<\/ul>\n","protected":false},"excerpt":{"rendered":"<p><span style=\"font-family: Times New Roman, serif;\"><span style=\"font-size: medium;\"><span style=\"font-family: Arial, serif;\"><span style=\"font-size: small;\"><span lang=\"af-ZA\">Agitador para productos viscosos, alzamiento motorizado con columna de desplazamiento lineal vertical, preciso control de velocidad mediante convertidor de frecuencia con indicador de RPM digital y mantenimiento constante de torque.<\/span><\/span><\/span><\/span><\/span><\/p>\n","protected":false},"featured_media":2800,"comment_status":"closed","ping_status":"closed","template":"","meta":{"_et_pb_use_builder":"","_et_pb_old_content":"","_et_gb_content_width":"","_joinchat":[]},"product_brand":[],"product_cat":[52],"product_tag":[53],"class_list":{"0":"post-2754","1":"product","2":"type-product","3":"status-publish","4":"has-post-thumbnail","6":"product_cat-equipamientos-laboratoriales","7":"product_tag-marconi","9":"first","10":"instock","11":"shipping-taxable","12":"product-type-simple"},"_links":{"self":[{"href":"http:\/\/embrion.com.py\/fisc\/wp-json\/wp\/v2\/product\/2754","targetHints":{"allow":["GET"]}}],"collection":[{"href":"http:\/\/embrion.com.py\/fisc\/wp-json\/wp\/v2\/product"}],"about":[{"href":"http:\/\/embrion.com.py\/fisc\/wp-json\/wp\/v2\/types\/product"}],"replies":[{"embeddable":true,"href":"http:\/\/embrion.com.py\/fisc\/wp-json\/wp\/v2\/comments?post=2754"}],"wp:featuredmedia":[{"embeddable":true,"href":"http:\/\/embrion.com.py\/fisc\/wp-json\/wp\/v2\/media\/2800"}],"wp:attachment":[{"href":"http:\/\/embrion.com.py\/fisc\/wp-json\/wp\/v2\/media?parent=2754"}],"wp:term":[{"taxonomy":"product_brand","embeddable":true,"href":"http:\/\/embrion.com.py\/fisc\/wp-json\/wp\/v2\/product_brand?post=2754"},{"taxonomy":"product_cat","embeddable":true,"href":"http:\/\/embrion.com.py\/fisc\/wp-json\/wp\/v2\/product_cat?post=2754"},{"taxonomy":"product_tag","embeddable":true,"href":"http:\/\/embrion.com.py\/fisc\/wp-json\/wp\/v2\/product_tag?post=2754"}],"curies":[{"name":"wp","href":"https:\/\/api.w.org\/{rel}","templated":true}]}}