{"id":2749,"date":"2022-12-19T19:12:18","date_gmt":"2022-12-19T19:12:18","guid":{"rendered":"https:\/\/fisc.webparaguay.com\/?post_type=product&amp;p=2749"},"modified":"2022-12-19T19:12:18","modified_gmt":"2022-12-19T19:12:18","slug":"lavador-recuperador-de-resinas-ionicas-y-cationicas-ma308-4","status":"publish","type":"product","link":"http:\/\/embrion.com.py\/fisc\/producto\/equipamientos-laboratoriales\/lavador-recuperador-de-resinas-ionicas-y-cationicas-ma308-4\/","title":{"rendered":"Lavador\/Recuperador de Resinas I\u00f3nicas y Cati\u00f3nicas MA308\/4"},"content":{"rendered":"<p><span style=\"font-family: Times New Roman, serif;\"><span style=\"font-size: medium;\"><b><span style=\"font-family: Arial, serif;\"><span lang=\"af-ZA\">Estructura:<\/span><\/span><\/b><\/span><\/span><\/p>\n<ul>\n<li>\n<p lang=\"af-ZA\"><span style=\"font-family: Arial, serif;\"><span style=\"font-size: medium;\">Carcasa y base en chapa de acero inoxidable, con acabado pulido brillante<\/span><\/span><\/p>\n<\/li>\n<li>\n<p lang=\"af-ZA\"><span style=\"font-family: Arial, serif;\"><span style=\"font-size: medium;\">instalaci\u00f3n en mesa<\/span><\/span><\/p>\n<\/li>\n<\/ul>\n<p lang=\"af-ZA\"><span style=\"font-family: Arial, serif;\"><span style=\"font-size: medium;\"><b>Columnas en vidrio:<\/b><\/span><\/span><\/p>\n<ul>\n<li>\n<p lang=\"af-ZA\"><span style=\"font-family: Arial, serif;\"><span style=\"font-size: medium;\">4 columnas en vidrio de borosilicato con grifos individuales siendo 2 con di\u00e1metro de 70 mm. (2000 ml) y 2 con di\u00e1metro de 50 mm. (1000 ml.), con filtro\u00a0interior<\/span><\/span><\/p>\n<\/li>\n<li>\n<p lang=\"af-ZA\"><span style=\"font-family: Arial, serif;\"><span style=\"font-size: medium;\">tuber\u00edas en PVC<\/span><\/span><\/p>\n<\/li>\n<li>\n<p lang=\"af-ZA\"><span style=\"font-family: Arial, serif;\"><span style=\"font-size: medium;\">Salida\u00a0tipo v\u00e1lvula de desag\u00fce<\/span><\/span><\/p>\n<\/li>\n<\/ul>\n<p lang=\"af-ZA\"><span style=\"font-family: Arial, serif;\"><span style=\"font-size: medium;\"><b>Almacenamiento de soluciones:<\/b><\/span><\/span><\/p>\n<ul>\n<li>\n<p lang=\"af-ZA\"><span style=\"font-family: Arial, serif;\"><span style=\"font-size: medium;\">Incluye 3 bidones en PVC, con grifos y mangueras, capacidad para 10 litros cada una.<\/span><\/span><\/p>\n<\/li>\n<\/ul>\n","protected":false},"excerpt":{"rendered":"<p>Equipo con movimientos de agitaci\u00f3n vertical 360\u00ba que posibilita el uso de varios tipos de recipientes y climatizaci\u00f3n en temperatura controlada.<br \/>\nIdeal para trabajos de digestibilidad p\u00e9psica clorh\u00eddrica para la extracci\u00f3n de f\u00f3sforo soluble en soluci\u00f3n de citrato de amonio en fertilizantes, seg\u00fan la metodolog\u00eda oficial del Ministerio de Agricultura y de la Asociaci\u00f3n Brasile\u00f1a de Normas T\u00e9cnicas (ABNT).<\/p>\n","protected":false},"featured_media":2799,"comment_status":"closed","ping_status":"closed","template":"","meta":{"_et_pb_use_builder":"","_et_pb_old_content":"","_et_gb_content_width":"","_joinchat":[]},"product_brand":[],"product_cat":[52],"product_tag":[53],"class_list":{"0":"post-2749","1":"product","2":"type-product","3":"status-publish","4":"has-post-thumbnail","6":"product_cat-equipamientos-laboratoriales","7":"product_tag-marconi","9":"first","10":"instock","11":"shipping-taxable","12":"product-type-simple"},"_links":{"self":[{"href":"http:\/\/embrion.com.py\/fisc\/wp-json\/wp\/v2\/product\/2749","targetHints":{"allow":["GET"]}}],"collection":[{"href":"http:\/\/embrion.com.py\/fisc\/wp-json\/wp\/v2\/product"}],"about":[{"href":"http:\/\/embrion.com.py\/fisc\/wp-json\/wp\/v2\/types\/product"}],"replies":[{"embeddable":true,"href":"http:\/\/embrion.com.py\/fisc\/wp-json\/wp\/v2\/comments?post=2749"}],"wp:featuredmedia":[{"embeddable":true,"href":"http:\/\/embrion.com.py\/fisc\/wp-json\/wp\/v2\/media\/2799"}],"wp:attachment":[{"href":"http:\/\/embrion.com.py\/fisc\/wp-json\/wp\/v2\/media?parent=2749"}],"wp:term":[{"taxonomy":"product_brand","embeddable":true,"href":"http:\/\/embrion.com.py\/fisc\/wp-json\/wp\/v2\/product_brand?post=2749"},{"taxonomy":"product_cat","embeddable":true,"href":"http:\/\/embrion.com.py\/fisc\/wp-json\/wp\/v2\/product_cat?post=2749"},{"taxonomy":"product_tag","embeddable":true,"href":"http:\/\/embrion.com.py\/fisc\/wp-json\/wp\/v2\/product_tag?post=2749"}],"curies":[{"name":"wp","href":"https:\/\/api.w.org\/{rel}","templated":true}]}}