{"id":2747,"date":"2022-12-19T19:12:17","date_gmt":"2022-12-19T19:12:17","guid":{"rendered":"https:\/\/fisc.webparaguay.com\/?post_type=product&amp;p=2747"},"modified":"2022-12-19T19:12:17","modified_gmt":"2022-12-19T19:12:17","slug":"ma030-estufa-al-vacio","status":"publish","type":"product","link":"http:\/\/embrion.com.py\/fisc\/producto\/equipamientos-laboratoriales\/ma030-estufa-al-vacio\/","title":{"rendered":"MA030\u00a0| Estufa al Vac\u00edo"},"content":{"rendered":"<p><span style=\"font-family: Arial, serif;\"><span style=\"font-size: medium;\"><b>Datos T\u00e9cnicos<\/b><\/span><\/span><\/p>\n<ul>\n<li><span style=\"font-family: Arial, serif;\"><span style=\"font-size: medium;\"><b>Estructura:<\/b><\/span><\/span>\n<ul>\n<li><span style=\"font-family: Arial, serif;\"><span style=\"font-size: medium;\">Para instalaci\u00f3n en mesa<\/span><\/span>\n<ul>\n<li><span style=\"font-family: Arial, serif;\"><span style=\"font-size: medium;\">Carcasa exterior en chapa de acero al carbono con tratamiento anticorrosivo y pintura electrost\u00e1tica en epoxi<\/span><\/span><\/li>\n<li><span style=\"font-family: Arial, serif;\"><span style=\"font-size: medium;\">C\u00e1mara de trabajo en chapa de acero inoxidable AISI 304, para calentamiento en seco, resistente a 30 de Hg de vac\u00edo<\/span><\/span><\/li>\n<li><span style=\"font-family: Arial, serif;\"><span style=\"font-size: medium;\">Aislaci\u00f3n t\u00e9rmica en fibra cer\u00e1mica<\/span><\/span><\/li>\n<li><span style=\"font-family: Arial, serif;\"><span style=\"font-size: medium;\">V\u00e1lvulas para aplicaci\u00f3n de vac\u00edo y gases (la bomba de vac\u00edo no est\u00e1 incluida)<\/span><\/span><\/li>\n<li><span style=\"font-family: Arial, serif;\"><span style=\"font-size: medium;\">Vacu\u00f3metro con indicador anal\u00f3gico hasta 760 mm.Hg<\/span><\/span><\/li>\n<li><span style=\"font-family: Arial, serif;\"><span style=\"font-size: medium;\">Puerta en acero inoxidable AISI 304 con sellado herm\u00e9tico por guarnici\u00f3n de silicona, cierre por perillas antit\u00e9rmicas, movimiento sobre bisagra<\/span><\/span><\/li>\n<li><span style=\"font-family: Arial, serif;\"><span style=\"font-size: medium;\">Dimensiones interiores: 30 cm de di\u00e1metro por 30 cm de profundidad<\/span><\/span><\/li>\n<li><span style=\"font-family: Arial, serif;\"><span style=\"font-size: medium;\">Dimensiones exteriores en mm.: A=630 x P=460 x Al=500<\/span><\/span><\/li>\n<li><span style=\"font-family: Arial, serif;\"><span style=\"font-size: medium;\">Volumen total: 21 litros<\/span><\/span><\/li>\n<\/ul>\n<\/li>\n<\/ul>\n<\/li>\n<li><span style=\"font-family: Arial, serif;\"><span style=\"font-size: medium;\"><b>Termostatizaci\u00f3n:<\/b><\/span><\/span><\/li>\n<\/ul>\n<ul>\n<li><span style=\"font-family: Arial, serif;\"><span style=\"font-size: medium;\">Resistencias el\u00e9ctricas en mica con blindaje en acero inoxidable<\/span><\/span><\/li>\n<li><span style=\"font-family: Arial, serif;\"><span style=\"font-size: medium;\">Controlador electr\u00f3nico microprocesado, PID, sensor tipo PT100, con lectura digital del set point y del proceso<\/span><\/span><\/li>\n<li><span style=\"font-family: Arial, serif;\"><span style=\"font-size: medium;\">Para trabajos con temperatura de 7\u00baC por encima del ambiente a 200\u00baC, con sensibilidad de 1\u00baC<\/span><\/span><\/li>\n<li><span style=\"font-family: Arial, serif;\"><span style=\"font-size: medium;\">Equipada con un estante en aluminio fundido, con resistencia empotrada, para mejor homogeneizaci\u00f3n de la temperatura en la muestra<\/span><\/span><\/li>\n<\/ul>\n<ul>\n<li><span style=\"font-family: Arial, serif;\"><span style=\"font-size: medium;\"><b>Energ\u00eda:<\/b><\/span><\/span><\/li>\n<\/ul>\n<ul>\n<li><span style=\"font-family: Arial, serif;\"><span style=\"font-size: medium;\">Cable de energ\u00eda trifilar (dos fases y un polo a tierra), con doble aislaci\u00f3n, tomacorriente y enchufe de tres pines, seg\u00fan NM 243 y NBR 14136<\/span><\/span><\/li>\n<li><span style=\"font-family: Arial, serif;\"><span style=\"font-size: medium;\">2000 watts, 220 volts, 60 hz.<\/span><\/span><\/li>\n<\/ul>\n<p>CON CERTIFICADO DE CALIBRACI\u00d3N RASTREABLE A RBC E INMETRO<br \/>\nFABRICACI\u00d3N NACIONAL<\/p>\n<p>**C\u00d3DIGO FINAME:2499506**<\/p>\n<p><span style=\"font-family: Times New Roman, serif;\"><span style=\"font-size: medium;\"><span style=\"font-family: Arial, serif;\"><span style=\"font-size: small;\"><span lang=\"af-ZA\">y lectura digital.<\/span><\/span><\/span><\/span><\/span><\/p>\n","protected":false},"excerpt":{"rendered":"<p><span style=\"font-family: Times New Roman, serif;\"><span style=\"font-size: medium;\"><span style=\"font-family: Arial, serif;\"><span style=\"font-size: small;\"><span lang=\"af-ZA\">Aplicable a trabajos de secado de productos bajo vac\u00edo cuando sea necesario actuar a temperaturas moderadas teniendo en cuenta la conservaci\u00f3n de ciertos principios activos y otros materiales vol\u00e1tiles.<\/span><\/span><\/span><\/span><\/span><\/p>\n","protected":false},"featured_media":2797,"comment_status":"closed","ping_status":"closed","template":"","meta":{"_et_pb_use_builder":"","_et_pb_old_content":"","_et_gb_content_width":"","_joinchat":[]},"product_brand":[],"product_cat":[52],"product_tag":[53],"class_list":{"0":"post-2747","1":"product","2":"type-product","3":"status-publish","4":"has-post-thumbnail","6":"product_cat-equipamientos-laboratoriales","7":"product_tag-marconi","9":"first","10":"instock","11":"shipping-taxable","12":"product-type-simple"},"_links":{"self":[{"href":"http:\/\/embrion.com.py\/fisc\/wp-json\/wp\/v2\/product\/2747","targetHints":{"allow":["GET"]}}],"collection":[{"href":"http:\/\/embrion.com.py\/fisc\/wp-json\/wp\/v2\/product"}],"about":[{"href":"http:\/\/embrion.com.py\/fisc\/wp-json\/wp\/v2\/types\/product"}],"replies":[{"embeddable":true,"href":"http:\/\/embrion.com.py\/fisc\/wp-json\/wp\/v2\/comments?post=2747"}],"wp:featuredmedia":[{"embeddable":true,"href":"http:\/\/embrion.com.py\/fisc\/wp-json\/wp\/v2\/media\/2797"}],"wp:attachment":[{"href":"http:\/\/embrion.com.py\/fisc\/wp-json\/wp\/v2\/media?parent=2747"}],"wp:term":[{"taxonomy":"product_brand","embeddable":true,"href":"http:\/\/embrion.com.py\/fisc\/wp-json\/wp\/v2\/product_brand?post=2747"},{"taxonomy":"product_cat","embeddable":true,"href":"http:\/\/embrion.com.py\/fisc\/wp-json\/wp\/v2\/product_cat?post=2747"},{"taxonomy":"product_tag","embeddable":true,"href":"http:\/\/embrion.com.py\/fisc\/wp-json\/wp\/v2\/product_tag?post=2747"}],"curies":[{"name":"wp","href":"https:\/\/api.w.org\/{rel}","templated":true}]}}