{"id":2746,"date":"2022-12-19T19:12:17","date_gmt":"2022-12-19T19:12:17","guid":{"rendered":"https:\/\/fisc.webparaguay.com\/?post_type=product&#038;p=2746"},"modified":"2024-07-26T20:43:32","modified_gmt":"2024-07-27T00:43:32","slug":"estufa-para-cultivo-bacteriologico-ma032-1","status":"publish","type":"product","link":"http:\/\/embrion.com.py\/fisc\/producto\/equipamientos-laboratoriales\/estufa-para-cultivo-bacteriologico-ma032-1\/","title":{"rendered":"Estufa para Cultivo Bacteriol\u00f3gico MA032\/1"},"content":{"rendered":"<p><strong>Datos t\u00e9cnicos:<\/strong><\/p>\n<p><strong>Estructura:<\/strong><\/p>\n<ul>\n<li>carcasa interior y exterior en chapa de acero con tratamiento anticorrosivo y pintura electrost\u00e1tica en epoxi. Puerta interior en vidrio con manija<\/li>\n<li>Dimensiones interiores (mm): A=300 x P=300 x Al=300 (27 litros)<\/li>\n<li>Dimensiones exteriores (mm): A=480 x P=480 x Al=640<\/li>\n<li>Estantes: incluye 2<\/li>\n<li>Resistencias: por infrarrojos de larga durabilidad y f\u00e1cil sustituci\u00f3n<\/li>\n<li>Controlador de temperatura: microprocesado PID, indicador digital, sensor tipo PT 100<\/li>\n<li>Temperatura de trabajo: 7 \u00baC por encima del ambiente a 100 \u00baC<\/li>\n<li>Protecci\u00f3n: controlador electromec\u00e1nico contra sobrecalentamiento<\/li>\n<li>Consumo: 400W<\/li>\n<li>Alimentaci\u00f3n: 220V<\/li>\n<li>Art\u00edculos configurables bajo pedido: diferentes tama\u00f1os y c\u00e1mara interior en acero inoxidable. Puede cambiarse la l\u00ednea de acuerdo a las necesidades del cliente en cuanto a la temperatura de trabajo, material interior y exterior, volumen, etc.<\/li>\n<li>Vea en la siguiente tabla los modelos de l\u00ednea y, en caso de que no atiendan sus necesidades, \u00a1cons\u00faltenos para posibles personalizaciones!<\/li>\n<li>Estufas bacteriol\u00f3gicas de esterilizaci\u00f3n y secado MA032 \u2013 Convecci\u00f3n mec\u00e1nica de aire<\/li>\n<li>Modelo Gabinete Dimensiones A x P x Al (mm) Temperatura (\u00baC) Estantes Puertas (n\u00ba) Rodillos Sensor Consumo (W)<\/li>\n<li>Interior Exterior Interior Exterior Soportes Cantidad Material Puerta exterior Puerta interior<\/li>\n<li>MA032\/1 acero 1020 acero 1020 300x300x300 (27lts.) 480x480x640 ambiente +7 a 100 para 2 2 acero 1020 1 1, vidrio mesa PT100 400<\/li>\n<li>MA032\/100 acero inox. 430 acero 1020 500x400x500 (100lts.) 680x580x870 ambiente +5 a 99,9 para 3 1 acero 1020 1 1, vidrio mesa PT100 400<\/li>\n<li>MA032\/2 acero 1020 acero<\/li>\n<li>1020 350x350x400<\/li>\n<li>(49lts) 550x510x684 ambiente +7 a 99,9 para 2 2 acero 1020 1 1, vidrio mesa PT100 400<\/li>\n<li>MA032\/3 acero 1020 acero 1020 450x400x450 (81lts.) 680x580x870 ambiente +7 a 100 para 2 2 acero 1020 2 1, vidrio mesa PT100 400<\/li>\n<li>MA032\/336 acero 1020 acero 1020 700x600x800 (336lts.) 860x760x1500 ambiente +7 a 99,9 para 3 3 acero 1020 1 1, vidrio mesa PT100 1500<\/li>\n<li>MA032\/4 acero 1020 acero 1020 600x500x500 (150lts.) 840x680x970 ambiente +7 a 100 para 3 1 acero 1020 1 1, vidrio mesa PT100 400<\/li>\n<li>MA032\/480 acero 1020 acero 1020 800x600x1000 (480lts.) 1000x900x1800 ambiente +5 a 99 para 5 5 a\u00e7o 1020 1 1, vidrio 4 PT100 2000<\/li>\n<li>MA032\/5 acero 1020 acero 1020 600x500x600 (180lts.) 800x700x800 ambiente +7 a 100 para 3 1 acero 1020 1 1, vidrio mesa J 400<\/li>\n<li>MA032\/6 acero 1020 acero 1020 800x500x600 (240lts.) 1120x720x1140 ambiente +7 a 99,9 para 3 3 acero 1020 1 1, vidrio mesa PT100 800<\/li>\n<li>MA032\/630 acero 1020 acero 1020 900x700x1000 (630lts.) ambiente +5 a 99 para 5 5 malla &#8211; alambre galvanizado 2 2, vidrio 4 PT100 1000<\/li>\n<\/ul>\n","protected":false},"excerpt":{"rendered":"<p><span style=\"font-family: Times New Roman, serif;\"><span style=\"font-size: medium;\"><span style=\"font-family: Arial, serif;\"><span style=\"font-size: small;\"><span lang=\"af-ZA\">Equipo adecuado a la incubaci\u00f3n de medios de cultivo proporcionando el crecimiento de microorganismos a temperaturas controladas e uniformes.<\/span><\/span><\/span><\/span><\/span><\/p>\n","protected":false},"featured_media":2796,"comment_status":"closed","ping_status":"closed","template":"","meta":{"_et_pb_use_builder":"","_et_pb_old_content":"","_et_gb_content_width":"","_joinchat":[]},"product_brand":[],"product_cat":[52],"product_tag":[53],"class_list":{"0":"post-2746","1":"product","2":"type-product","3":"status-publish","4":"has-post-thumbnail","6":"product_cat-equipamientos-laboratoriales","7":"product_tag-marconi","9":"first","10":"instock","11":"shipping-taxable","12":"product-type-simple"},"_links":{"self":[{"href":"http:\/\/embrion.com.py\/fisc\/wp-json\/wp\/v2\/product\/2746","targetHints":{"allow":["GET"]}}],"collection":[{"href":"http:\/\/embrion.com.py\/fisc\/wp-json\/wp\/v2\/product"}],"about":[{"href":"http:\/\/embrion.com.py\/fisc\/wp-json\/wp\/v2\/types\/product"}],"replies":[{"embeddable":true,"href":"http:\/\/embrion.com.py\/fisc\/wp-json\/wp\/v2\/comments?post=2746"}],"wp:featuredmedia":[{"embeddable":true,"href":"http:\/\/embrion.com.py\/fisc\/wp-json\/wp\/v2\/media\/2796"}],"wp:attachment":[{"href":"http:\/\/embrion.com.py\/fisc\/wp-json\/wp\/v2\/media?parent=2746"}],"wp:term":[{"taxonomy":"product_brand","embeddable":true,"href":"http:\/\/embrion.com.py\/fisc\/wp-json\/wp\/v2\/product_brand?post=2746"},{"taxonomy":"product_cat","embeddable":true,"href":"http:\/\/embrion.com.py\/fisc\/wp-json\/wp\/v2\/product_cat?post=2746"},{"taxonomy":"product_tag","embeddable":true,"href":"http:\/\/embrion.com.py\/fisc\/wp-json\/wp\/v2\/product_tag?post=2746"}],"curies":[{"name":"wp","href":"https:\/\/api.w.org\/{rel}","templated":true}]}}